{"id":2297,"date":"2022-06-17T16:53:04","date_gmt":"2022-06-17T14:53:04","guid":{"rendered":"https:\/\/auto.bme.hu\/?page_id=2297"},"modified":"2023-01-20T09:48:26","modified_gmt":"2023-01-20T08:48:26","slug":"printing-a-thin-wall-metal-optical-grid","status":"publish","type":"page","link":"https:\/\/auto.bme.hu\/en\/printing-a-thin-wall-metal-optical-grid\/","title":{"rendered":"Printing a thin-wall metal optical grid"},"content":{"rendered":"<p>As part of our collaboration with BME, we have successfully printed optical gratings of metal with the Department of Atomic Physics, which can be used in automotive applications in the future. In several steps, the researchers succeeded in thinning printed walls on which the optical properties can be improved. The tilt of the grid walls is customized for each print, so the use of additive technology is particularly advantageous.<\/p>\n<p><img loading=\"lazy\" decoding=\"async\" src=\"\/wp-content\/uploads\/2022\/06\/Kep1-300x82.png\" alt=\"\" class=\" wp-image-2292 aligncenter\" width=\"454\" height=\"124\" srcset=\"https:\/\/auto.bme.hu\/wp-content\/uploads\/2022\/06\/Kep1-300x82.png 300w, https:\/\/auto.bme.hu\/wp-content\/uploads\/2022\/06\/Kep1.png 605w\" sizes=\"auto, (max-width: 454px) 100vw, 454px\" \/><\/p>\n","protected":false},"excerpt":{"rendered":"<p>As part of our collaboration with BME, we have successfully printed optical gratings of metal with the Department of Atomic Physics, which can be used in automotive applications in the future. In several steps, the researchers succeeded in thinning printed walls on which the optical properties can be improved. The tilt of the grid walls [&hellip;]<\/p>\n","protected":false},"author":10,"featured_media":0,"parent":0,"menu_order":0,"comment_status":"closed","ping_status":"closed","template":"","meta":{"footnotes":""},"class_list":["post-2297","page","type-page","status-publish","hentry"],"yoast_head":"<!-- This site is optimized with the Yoast SEO plugin v21.9.1 - https:\/\/yoast.com\/wordpress\/plugins\/seo\/ -->\n<title>Printing a thin-wall metal optical grid - BME G\u00e9pj\u00e1rm\u0171technol\u00f3gia Tansz\u00e9k<\/title>\n<meta name=\"robots\" content=\"index, follow, max-snippet:-1, max-image-preview:large, max-video-preview:-1\" \/>\n<link rel=\"canonical\" href=\"https:\/\/auto.bme.hu\/en\/printing-a-thin-wall-metal-optical-grid\/\" \/>\n<meta property=\"og:locale\" content=\"en_US\" \/>\n<meta property=\"og:type\" content=\"article\" \/>\n<meta property=\"og:title\" content=\"Printing a thin-wall metal optical grid - BME G\u00e9pj\u00e1rm\u0171technol\u00f3gia Tansz\u00e9k\" \/>\n<meta property=\"og:description\" content=\"As part of our collaboration with BME, we have successfully printed optical gratings of metal with the Department of Atomic Physics, which can be used in automotive applications in the future. In several steps, the researchers succeeded in thinning printed walls on which the optical properties can be improved. The tilt of the grid walls [&hellip;]\" \/>\n<meta property=\"og:url\" content=\"https:\/\/auto.bme.hu\/en\/printing-a-thin-wall-metal-optical-grid\/\" \/>\n<meta property=\"og:site_name\" content=\"BME G\u00e9pj\u00e1rm\u0171technol\u00f3gia Tansz\u00e9k\" \/>\n<meta property=\"article:modified_time\" content=\"2023-01-20T08:48:26+00:00\" \/>\n<meta name=\"twitter:card\" content=\"summary_large_image\" \/>\n<script type=\"application\/ld+json\" class=\"yoast-schema-graph\">{\"@context\":\"https:\/\/schema.org\",\"@graph\":[{\"@type\":\"WebPage\",\"@id\":\"https:\/\/auto.bme.hu\/en\/printing-a-thin-wall-metal-optical-grid\/\",\"url\":\"https:\/\/auto.bme.hu\/en\/printing-a-thin-wall-metal-optical-grid\/\",\"name\":\"Printing a thin-wall metal optical grid - BME G\u00e9pj\u00e1rm\u0171technol\u00f3gia Tansz\u00e9k\",\"isPartOf\":{\"@id\":\"https:\/\/auto.bme.hu\/en\/#website\"},\"datePublished\":\"2022-06-17T14:53:04+00:00\",\"dateModified\":\"2023-01-20T08:48:26+00:00\",\"breadcrumb\":{\"@id\":\"https:\/\/auto.bme.hu\/en\/printing-a-thin-wall-metal-optical-grid\/#breadcrumb\"},\"inLanguage\":\"en-US\",\"potentialAction\":[{\"@type\":\"ReadAction\",\"target\":[\"https:\/\/auto.bme.hu\/en\/printing-a-thin-wall-metal-optical-grid\/\"]}]},{\"@type\":\"BreadcrumbList\",\"@id\":\"https:\/\/auto.bme.hu\/en\/printing-a-thin-wall-metal-optical-grid\/#breadcrumb\",\"itemListElement\":[{\"@type\":\"ListItem\",\"position\":1,\"name\":\"Kezd\u0151lap\",\"item\":\"https:\/\/auto.bme.hu\/en\/home\/\"},{\"@type\":\"ListItem\",\"position\":2,\"name\":\"Printing a thin-wall metal optical grid\"}]},{\"@type\":\"WebSite\",\"@id\":\"https:\/\/auto.bme.hu\/en\/#website\",\"url\":\"https:\/\/auto.bme.hu\/en\/\",\"name\":\"BME G\u00e9pj\u00e1rm\u0171technol\u00f3gia Tansz\u00e9k\",\"description\":\"\",\"potentialAction\":[{\"@type\":\"SearchAction\",\"target\":{\"@type\":\"EntryPoint\",\"urlTemplate\":\"https:\/\/auto.bme.hu\/en\/?s={search_term_string}\"},\"query-input\":\"required name=search_term_string\"}],\"inLanguage\":\"en-US\"}]}<\/script>\n<!-- \/ Yoast SEO plugin. -->","yoast_head_json":{"title":"Printing a thin-wall metal optical grid - BME G\u00e9pj\u00e1rm\u0171technol\u00f3gia Tansz\u00e9k","robots":{"index":"index","follow":"follow","max-snippet":"max-snippet:-1","max-image-preview":"max-image-preview:large","max-video-preview":"max-video-preview:-1"},"canonical":"https:\/\/auto.bme.hu\/en\/printing-a-thin-wall-metal-optical-grid\/","og_locale":"en_US","og_type":"article","og_title":"Printing a thin-wall metal optical grid - BME G\u00e9pj\u00e1rm\u0171technol\u00f3gia Tansz\u00e9k","og_description":"As part of our collaboration with BME, we have successfully printed optical gratings of metal with the Department of Atomic Physics, which can be used in automotive applications in the future. In several steps, the researchers succeeded in thinning printed walls on which the optical properties can be improved. The tilt of the grid walls [&hellip;]","og_url":"https:\/\/auto.bme.hu\/en\/printing-a-thin-wall-metal-optical-grid\/","og_site_name":"BME G\u00e9pj\u00e1rm\u0171technol\u00f3gia Tansz\u00e9k","article_modified_time":"2023-01-20T08:48:26+00:00","twitter_card":"summary_large_image","schema":{"@context":"https:\/\/schema.org","@graph":[{"@type":"WebPage","@id":"https:\/\/auto.bme.hu\/en\/printing-a-thin-wall-metal-optical-grid\/","url":"https:\/\/auto.bme.hu\/en\/printing-a-thin-wall-metal-optical-grid\/","name":"Printing a thin-wall metal optical grid - BME G\u00e9pj\u00e1rm\u0171technol\u00f3gia Tansz\u00e9k","isPartOf":{"@id":"https:\/\/auto.bme.hu\/en\/#website"},"datePublished":"2022-06-17T14:53:04+00:00","dateModified":"2023-01-20T08:48:26+00:00","breadcrumb":{"@id":"https:\/\/auto.bme.hu\/en\/printing-a-thin-wall-metal-optical-grid\/#breadcrumb"},"inLanguage":"en-US","potentialAction":[{"@type":"ReadAction","target":["https:\/\/auto.bme.hu\/en\/printing-a-thin-wall-metal-optical-grid\/"]}]},{"@type":"BreadcrumbList","@id":"https:\/\/auto.bme.hu\/en\/printing-a-thin-wall-metal-optical-grid\/#breadcrumb","itemListElement":[{"@type":"ListItem","position":1,"name":"Kezd\u0151lap","item":"https:\/\/auto.bme.hu\/en\/home\/"},{"@type":"ListItem","position":2,"name":"Printing a thin-wall metal optical grid"}]},{"@type":"WebSite","@id":"https:\/\/auto.bme.hu\/en\/#website","url":"https:\/\/auto.bme.hu\/en\/","name":"BME G\u00e9pj\u00e1rm\u0171technol\u00f3gia Tansz\u00e9k","description":"","potentialAction":[{"@type":"SearchAction","target":{"@type":"EntryPoint","urlTemplate":"https:\/\/auto.bme.hu\/en\/?s={search_term_string}"},"query-input":"required name=search_term_string"}],"inLanguage":"en-US"}]}},"_links":{"self":[{"href":"https:\/\/auto.bme.hu\/en\/wp-json\/wp\/v2\/pages\/2297","targetHints":{"allow":["GET"]}}],"collection":[{"href":"https:\/\/auto.bme.hu\/en\/wp-json\/wp\/v2\/pages"}],"about":[{"href":"https:\/\/auto.bme.hu\/en\/wp-json\/wp\/v2\/types\/page"}],"author":[{"embeddable":true,"href":"https:\/\/auto.bme.hu\/en\/wp-json\/wp\/v2\/users\/10"}],"replies":[{"embeddable":true,"href":"https:\/\/auto.bme.hu\/en\/wp-json\/wp\/v2\/comments?post=2297"}],"version-history":[{"count":2,"href":"https:\/\/auto.bme.hu\/en\/wp-json\/wp\/v2\/pages\/2297\/revisions"}],"predecessor-version":[{"id":3342,"href":"https:\/\/auto.bme.hu\/en\/wp-json\/wp\/v2\/pages\/2297\/revisions\/3342"}],"wp:attachment":[{"href":"https:\/\/auto.bme.hu\/en\/wp-json\/wp\/v2\/media?parent=2297"}],"curies":[{"name":"wp","href":"https:\/\/api.w.org\/{rel}","templated":true}]}}