{"id":2835,"date":"2023-01-03T15:51:39","date_gmt":"2023-01-03T14:51:39","guid":{"rendered":"https:\/\/auto.bme.hu\/?page_id=2835"},"modified":"2023-02-03T00:14:40","modified_gmt":"2023-02-02T23:14:40","slug":"phd-en","status":"publish","type":"page","link":"https:\/\/auto.bme.hu\/en\/education\/phd-en\/","title":{"rendered":"Doctoral Degree (PhD)"},"content":{"rendered":"\n<style type=\"text\/css\" data-created_by=\"avia_inline_auto\" id=\"style-css-av-av_heading-49011fb18d39559e7d015979e810a059\">\n#top .av-special-heading.av-av_heading-49011fb18d39559e7d015979e810a059{\npadding-bottom:10px;\n}\nbody .av-special-heading.av-av_heading-49011fb18d39559e7d015979e810a059 .av-special-heading-tag .heading-char{\nfont-size:25px;\n}\n.av-special-heading.av-av_heading-49011fb18d39559e7d015979e810a059 .av-subheading{\nfont-size:15px;\n}\n<\/style>\n<div  class='av-special-heading av-av_heading-49011fb18d39559e7d015979e810a059 av-special-heading-h2 blockquote modern-quote  avia-builder-el-0  el_before_av_textblock  avia-builder-el-first '><h2 class='av-special-heading-tag'  itemprop=\"headline\"  > Kand\u00f3 K\u00e1lm\u00e1n Doktori Iskola (PhD)<\/h2><div class=\"special-heading-border\"><div class=\"special-heading-inner-border\"><\/div><\/div><\/div>\n<section  class='av_textblock_section av-lcgcgtfk-ace650c1645ce3b96b1ca4f48ef1bbd8 '   itemscope=\"itemscope\" itemtype=\"https:\/\/schema.org\/CreativeWork\" ><div class='avia_textblock'  itemprop=\"text\" ><p><span><\/span><span>The doctoral training (PhD) is the highest level of education offered by the faculty. The <\/span><a href=\"https:\/\/doktori.hu\/index.php?menuid=191&amp;di_ID=20\"><span>Kand\u00f3 K\u00e1lm\u00e1n Doctoral School<\/span><\/a><span> prepares the doctoral students for teaching and research careers. During the four years long PhD training, the candidates have to participate in professional subjects, educational activities, and independent scientific research. The <a href=\"https:\/\/doktori.hu\/index.php?menuid=116&amp;lang=HU&amp;num=146\">research<\/a> is supported by a <\/span><a href=\"http:\/\/www.doktori.hu\/index.php?menuid=189&amp;tip=TV&amp;diID=20\"><span>supervisor<\/span><\/a><span> and the achieved results have to be presented in publications and finally in a dissertation.<\/span><\/p>\n<p><span class=\"HwtZe\" jsaction=\"mouseup:BR6jm\" jsname=\"jqKxS\" lang=\"en\"><span jsaction=\"agoMJf:PFBcW;MZfLnc:P7O7bd;nt4Alf:pvnm0e,pfE8Hb,PFBcW;B01qod:dJXsye;H1e5u:iXtTIf;lYIUJf:hij5Wb;bmeZHc:iURhpf;Oxj3Xe:qAKMYb,yaf12d\" jsname=\"txFAF\" class=\"jCAhz ChMk0b\" jscontroller=\"Gn4SMb\"><span class=\"ryNqvb\" jsaction=\"click:E6Tfl,GFf3ac,tMZCfe; contextmenu:Nqw7Te,QP7LD; mouseout:Nqw7Te; mouseover:E6Tfl,c2aHje\" jsname=\"W297wb\">Within the framework of the Doctoral School, we deal with comprehensive transport, logistics and vehicle industry issues, the <a href=\"https:\/\/doktori.hu\/index.php?menuid=116&amp;lang=EN\">current specifications<\/a> of which are constantly updated.<\/span><\/span> <span jsaction=\"agoMJf:PFBcW;MZfLnc:P7O7bd;nt4Alf:pvnm0e,pfE8Hb,PFBcW;B01qod:dJXsye;H1e5u:iXtTIf;lYIUJf:hij5Wb;bmeZHc:iURhpf;Oxj3Xe:qAKMYb,yaf12d\" jsname=\"txFAF\" class=\"jCAhz ChMk0b\" jscontroller=\"Gn4SMb\"><span class=\"ryNqvb\" jsaction=\"click:E6Tfl,GFf3ac,tMZCfe; contextmenu:Nqw7Te,QP7LD; mouseout:Nqw7Te; mouseover:E6Tfl,c2aHje\" jsname=\"W297wb\">The quality assurance of the Doctoral School is ensured by recognized, professionally high-quality <a href=\"https:\/\/doktori.hu\/index.php?menuid=189&amp;tip=TT&amp;diID=20\">research staff members<\/a>.<\/span><\/span><\/span><\/p>\n<p><span class=\"HwtZe\" jsaction=\"mouseup:BR6jm\" jsname=\"jqKxS\" lang=\"en\"><span jsaction=\"agoMJf:PFBcW;MZfLnc:P7O7bd;nt4Alf:pvnm0e,pfE8Hb,PFBcW;B01qod:dJXsye;H1e5u:iXtTIf;lYIUJf:hij5Wb;bmeZHc:iURhpf;Oxj3Xe:qAKMYb,yaf12d\" jsname=\"txFAF\" class=\"jCAhz ChMk0b\" jscontroller=\"Gn4SMb\"><span class=\"ryNqvb\" jsaction=\"click:E6Tfl,GFf3ac,tMZCfe; contextmenu:Nqw7Te,QP7LD; mouseout:Nqw7Te; mouseover:E6Tfl,c2aHje\" jsname=\"W297wb\">More information can be found on the page <a href=\"https:\/\/transportation.bme.hu\/phd-programmes\/current-students\/\">https:\/\/transportation.bme.hu\/phd-programmes\/current-students\/<\/a>.<\/span><\/span><\/span><\/p>\n<\/div><\/section>\n<div  class='togglecontainer av-lcgckuvi-c349796cd263f312bd2b8dce178ef889  avia-builder-el-2  el_after_av_textblock  avia-builder-el-last  toggle_close_all' >\n<section class='av_toggle_section av-1elh6b-7aff556f5786217a08ec2db5bbb169e2'  itemscope=\"itemscope\" itemtype=\"https:\/\/schema.org\/CreativeWork\" ><div role=\"tablist\" class=\"single_toggle\" data-tags=\"{All} \"  ><p data-fake-id='#toggle-id-1' class='toggler   '  itemprop=\"headline\"  role='tab' tabindex='0' aria-controls='toggle-id-1'>Reaction processes of internal combustion engines (BMEKOGJD013)<span class=\"toggle_icon\"><span class=\"vert_icon\"><\/span><span class=\"hor_icon\"><\/span><\/span><\/p><div id='toggle-id-1' class='toggle_wrap  '  ><div class='toggle_content invers-color '  itemprop=\"text\" ><p><span class=\"markedContent\" id=\"page82R_mcid129\"><span role=\"presentation\" dir=\"ltr\"><\/span><span class=\"markedContent\" id=\"page188R_mcid144\"><span role=\"presentation\" dir=\"ltr\">Description of combustion and reaction kinetic processes taking place in internal combustion engines. For PhD students dealin<\/span><span role=\"presentation\" dir=\"ltr\">g with<\/span> <span role=\"presentation\" dir=\"ltr\">related research topics to combustion, effect of fuels and pollution formation in internal<\/span><span role=\"presentation\" dir=\"ltr\"> <\/span><span role=\"presentation\" dir=\"ltr\">combustion engines.<\/span><\/span><br \/>\n<\/span><\/p>\n<\/div><\/div><\/div><\/section>\n<section class='av_toggle_section av-broz4j-a705aebc6e12d14a2d78b5b170abf58a'  itemscope=\"itemscope\" itemtype=\"https:\/\/schema.org\/CreativeWork\" ><div role=\"tablist\" class=\"single_toggle\" data-tags=\"{All} \"  ><p data-fake-id='#toggle-id-2' class='toggler   '  itemprop=\"headline\"  role='tab' tabindex='0' aria-controls='toggle-id-2'>Electronically controlled vehicle systems (BMEKOGJD003)<span class=\"toggle_icon\"><span class=\"vert_icon\"><\/span><span class=\"hor_icon\"><\/span><\/span><\/p><div id='toggle-id-2' class='toggle_wrap  '  ><div class='toggle_content invers-color '  itemprop=\"text\" ><p><span class=\"markedContent\" id=\"page95R_mcid144\"><span role=\"presentation\" dir=\"ltr\">Our students can effectively use the knowledge of this subjects during their research on modern, electronically controlled ve<\/span><span role=\"presentation\" dir=\"ltr\">hicle dynamics<\/span> <span role=\"presentation\" dir=\"ltr\">systems. Topics: design problem of electronically controlled vehicle dynamics systems used in modern vehicles; different type<\/span><span role=\"presentation\" dir=\"ltr\">s of<\/span> <span role=\"presentation\" dir=\"ltr\">suspension control systems; electronically controlled levelling systems of commercial vehicles; electronically controlled ste<\/span><span role=\"presentation\" dir=\"ltr\">e<\/span><span role=\"presentation\" dir=\"ltr\">ring, braking <\/span><span role=\"presentation\" dir=\"ltr\">and driving systems; stablility control system.<\/span><\/span><\/p>\n<\/div><\/div><\/div><\/section>\n<section class='av_toggle_section av-bec0b7-0a06538fa60227b5cf6dbf1733aa3f23'  itemscope=\"itemscope\" itemtype=\"https:\/\/schema.org\/CreativeWork\" ><div role=\"tablist\" class=\"single_toggle\" data-tags=\"{All} \"  ><p data-fake-id='#toggle-id-3' class='toggler   '  itemprop=\"headline\"  role='tab' tabindex='0' aria-controls='toggle-id-3'>Vehicle system dynamics (BMEKOGJD004)<span class=\"toggle_icon\"><span class=\"vert_icon\"><\/span><span class=\"hor_icon\"><\/span><\/span><\/p><div id='toggle-id-3' class='toggle_wrap  '  ><div class='toggle_content invers-color '  itemprop=\"text\" ><p><span class=\"markedContent\" id=\"page260R_mcid144\"><span role=\"presentation\" dir=\"ltr\">The subject discusses in detail<\/span><span role=\"presentation\" dir=\"ltr\"> <\/span><span role=\"presentation\" dir=\"ltr\">driving dynamics, stability and vibrations of road vehicles using toolkits of linear and nonlinear dynamics. <\/span><span role=\"presentation\" dir=\"ltr\">Architectures of systems acting the dynamics of the vehicle independent of the driver.<\/span><\/span><\/p>\n<\/div><\/div><\/div><\/section>\n<section class='av_toggle_section av-9ko403-5a54443e5e432840d02d49cde7a0788c'  itemscope=\"itemscope\" itemtype=\"https:\/\/schema.org\/CreativeWork\" ><div role=\"tablist\" class=\"single_toggle\" data-tags=\"{All} \"  ><p data-fake-id='#toggle-id-4' class='toggler   '  itemprop=\"headline\"  role='tab' tabindex='0' aria-controls='toggle-id-4'>Measurement technologies of heat engines I. (BMEKOGJD011)<span class=\"toggle_icon\"><span class=\"vert_icon\"><\/span><span class=\"hor_icon\"><\/span><\/span><\/p><div id='toggle-id-4' class='toggle_wrap  '  ><div class='toggle_content invers-color '  itemprop=\"text\" ><p><span class=\"markedContent\" id=\"page144R_mcid145\"><span role=\"presentation\" dir=\"ltr\">Objective of the subject is the description of laboratory test of heat<\/span><span role=\"presentation\" dir=\"ltr\">&#8211;<\/span><span role=\"presentation\" dir=\"ltr\">engines, especially the internal combustion engine, its propellant and <\/span><span role=\"presentation\" dir=\"ltr\">lubricants.<\/span><\/span><\/p>\n<\/div><\/div><\/div><\/section>\n<section class='av_toggle_section av-7mtjb7-736cd16509b038c42f82d369dfb5f3d1'  itemscope=\"itemscope\" itemtype=\"https:\/\/schema.org\/CreativeWork\" ><div role=\"tablist\" class=\"single_toggle\" data-tags=\"{All} \"  ><p data-fake-id='#toggle-id-5' class='toggler   '  itemprop=\"headline\"  role='tab' tabindex='0' aria-controls='toggle-id-5'>Measurement technologies of heat engines II. (BMEKOGJD014)<span class=\"toggle_icon\"><span class=\"vert_icon\"><\/span><span class=\"hor_icon\"><\/span><\/span><\/p><div id='toggle-id-5' class='toggle_wrap  '  ><div class='toggle_content invers-color '  itemprop=\"text\" ><p><span class=\"markedContent\" id=\"page146R_mcid146\"><span role=\"presentation\" dir=\"ltr\">Objective of the subject is the description of laboratory test of heat<\/span><span role=\"presentation\" dir=\"ltr\">&#8211;<\/span><span role=\"presentation\" dir=\"ltr\">engines, especially the internal combustion engine,<\/span><span role=\"presentation\" dir=\"ltr\"> <\/span><span role=\"presentation\" dir=\"ltr\">its propellant and <\/span><span role=\"presentation\" dir=\"ltr\">lubricants. (continuation of Measurement technologies of heat engines I.)<\/span><\/span><\/p>\n<\/div><\/div><\/div><\/section>\n<section class='av_toggle_section av-nlwbn-3865ed0b726afe9eb6b1da243101b9dd'  itemscope=\"itemscope\" itemtype=\"https:\/\/schema.org\/CreativeWork\" ><div role=\"tablist\" class=\"single_toggle\" data-tags=\"{All} \"  ><p data-fake-id='#toggle-id-6' class='toggler   '  itemprop=\"headline\"  role='tab' tabindex='0' aria-controls='toggle-id-6'>Intelligent vehicle-road systems (BMEKOGJD005)<span class=\"toggle_icon\"><span class=\"vert_icon\"><\/span><span class=\"hor_icon\"><\/span><\/span><\/p><div id='toggle-id-6' class='toggle_wrap  '  ><div class='toggle_content invers-color '  itemprop=\"text\" ><p><span class=\"markedContent\" id=\"page117R_mcid144\"><span role=\"presentation\" dir=\"ltr\">Our students can effectively use the knowledge of this subjects during their research on intelligent vehicle \/ highway<\/span><span role=\"presentation\" dir=\"ltr\"> <\/span><span role=\"presentation\" dir=\"ltr\">systems, driver assist<\/span> <span role=\"presentation\" dir=\"ltr\">systems.<\/span><span role=\"presentation\" dir=\"ltr\"> <\/span><span role=\"presentation\" dir=\"ltr\">The course discusses the design of the systems mounted on vehicle and on its surrounding, the simulation of transportation <\/span><span role=\"presentation\" dir=\"ltr\">systems.<\/span><\/span><\/p>\n<\/div><\/div><\/div><\/section>\n<section class='av_toggle_section av-3sj6mr-1f0000e6f447f3e4ac4c471690b9fcbf'  itemscope=\"itemscope\" itemtype=\"https:\/\/schema.org\/CreativeWork\" ><div role=\"tablist\" class=\"single_toggle\" data-tags=\"{All} \"  ><p data-fake-id='#toggle-id-7' class='toggler   '  itemprop=\"headline\"  role='tab' tabindex='0' aria-controls='toggle-id-7'>Controlled vehicle system dynamics I. (BMEKOGJD010)<span class=\"toggle_icon\"><span class=\"vert_icon\"><\/span><span class=\"hor_icon\"><\/span><\/span><\/p><div id='toggle-id-7' class='toggle_wrap  '  ><div class='toggle_content invers-color '  itemprop=\"text\" ><p><span class=\"markedContent\" id=\"page71R_mcid146\"><span role=\"presentation\" dir=\"ltr\">&#8220;Regulated Vehicle Dynamics Systems I.&#8221; students will delve deeper into the areas of development of electronically controlled<\/span><span role=\"presentation\" dir=\"ltr\"> <\/span><span role=\"presentation\" dir=\"ltr\">vehicle<\/span> <span role=\"presentation\" dir=\"ltr\">dynamics systems used in motor vehicles, as<\/span><span role=\"presentation\" dir=\"ltr\"> <\/span><span role=\"presentation\" dir=\"ltr\">well as the intelligent vehicle systems researched today and their current dynamics and<\/span> <span role=\"presentation\" dir=\"ltr\">control technology background. The aim is to develop control technology solutions used in modern vehicle technology. Special<\/span><span role=\"presentation\" dir=\"ltr\"> <\/span><span role=\"presentation\" dir=\"ltr\">control<\/span> <span role=\"presentation\" dir=\"ltr\">technology issues and novel regular<\/span><span role=\"presentation\" dir=\"ltr\">ities of active and semi<\/span><span role=\"presentation\" dir=\"ltr\">&#8211;<\/span><span role=\"presentation\" dir=\"ltr\">active vehicle suspension systems. Critical evaluation of control strategies for<\/span> <span role=\"presentation\" dir=\"ltr\">ABS \/ ASR systems.<\/span><span role=\"presentation\" dir=\"ltr\"> <\/span><span role=\"presentation\" dir=\"ltr\">Development of control theory problems in automotive driver assist systems (active speed con<\/span><span role=\"presentation\" dir=\"ltr\">trol, lane departure <\/span><span role=\"presentation\" dir=\"ltr\">detection)<\/span><\/span><\/p>\n<\/div><\/div><\/div><\/section>\n<section class='av_toggle_section av-2s1b8z-06002cb5141cec37635e155c3c1a4d31'  itemscope=\"itemscope\" itemtype=\"https:\/\/schema.org\/CreativeWork\" ><div role=\"tablist\" class=\"single_toggle\" data-tags=\"{All} \"  ><p data-fake-id='#toggle-id-8' class='toggler   '  itemprop=\"headline\"  role='tab' tabindex='0' aria-controls='toggle-id-8'>Controlled vehicle system dynamics II. (BMEKOGJD001)<span class=\"toggle_icon\"><span class=\"vert_icon\"><\/span><span class=\"hor_icon\"><\/span><\/span><\/p><div id='toggle-id-8' class='toggle_wrap  '  ><div class='toggle_content invers-color '  itemprop=\"text\" ><p><span class=\"markedContent\" id=\"page73R_mcid145\"><span role=\"presentation\" dir=\"ltr\">Our students can effectively<\/span><span role=\"presentation\" dir=\"ltr\"> <\/span><span role=\"presentation\" dir=\"ltr\">use the knowledge of this subjects during their research on modern, electronically controlled vehicle dynamics <\/span><span role=\"presentation\" dir=\"ltr\">systems.<\/span><\/span><\/p>\n<\/div><\/div><\/div><\/section>\n<\/div>\n","protected":false},"excerpt":{"rendered":"","protected":false},"author":3,"featured_media":0,"parent":945,"menu_order":0,"comment_status":"closed","ping_status":"closed","template":"","meta":{"footnotes":""},"class_list":["post-2835","page","type-page","status-publish","hentry"],"yoast_head":"<!-- This site is optimized with the Yoast SEO plugin v21.9.1 - https:\/\/yoast.com\/wordpress\/plugins\/seo\/ -->\n<title>Doctoral Degree (PhD) - BME G\u00e9pj\u00e1rm\u0171technol\u00f3gia Tansz\u00e9k<\/title>\n<meta name=\"robots\" content=\"index, follow, max-snippet:-1, max-image-preview:large, max-video-preview:-1\" \/>\n<link rel=\"canonical\" href=\"https:\/\/auto.bme.hu\/en\/education\/phd-en\/\" \/>\n<meta property=\"og:locale\" content=\"en_US\" \/>\n<meta property=\"og:type\" content=\"article\" \/>\n<meta property=\"og:title\" content=\"Doctoral Degree (PhD) - BME G\u00e9pj\u00e1rm\u0171technol\u00f3gia Tansz\u00e9k\" \/>\n<meta property=\"og:url\" content=\"https:\/\/auto.bme.hu\/en\/education\/phd-en\/\" \/>\n<meta property=\"og:site_name\" content=\"BME G\u00e9pj\u00e1rm\u0171technol\u00f3gia Tansz\u00e9k\" \/>\n<meta property=\"article:modified_time\" content=\"2023-02-02T23:14:40+00:00\" \/>\n<meta name=\"twitter:card\" content=\"summary_large_image\" \/>\n<meta name=\"twitter:label1\" content=\"Est. reading time\" \/>\n\t<meta name=\"twitter:data1\" content=\"4 minutes\" \/>\n<script type=\"application\/ld+json\" class=\"yoast-schema-graph\">{\"@context\":\"https:\/\/schema.org\",\"@graph\":[{\"@type\":\"WebPage\",\"@id\":\"https:\/\/auto.bme.hu\/en\/education\/phd-en\/\",\"url\":\"https:\/\/auto.bme.hu\/en\/education\/phd-en\/\",\"name\":\"Doctoral Degree (PhD) - BME G\u00e9pj\u00e1rm\u0171technol\u00f3gia Tansz\u00e9k\",\"isPartOf\":{\"@id\":\"https:\/\/auto.bme.hu\/en\/#website\"},\"datePublished\":\"2023-01-03T14:51:39+00:00\",\"dateModified\":\"2023-02-02T23:14:40+00:00\",\"breadcrumb\":{\"@id\":\"https:\/\/auto.bme.hu\/en\/education\/phd-en\/#breadcrumb\"},\"inLanguage\":\"en-US\",\"potentialAction\":[{\"@type\":\"ReadAction\",\"target\":[\"https:\/\/auto.bme.hu\/en\/education\/phd-en\/\"]}]},{\"@type\":\"BreadcrumbList\",\"@id\":\"https:\/\/auto.bme.hu\/en\/education\/phd-en\/#breadcrumb\",\"itemListElement\":[{\"@type\":\"ListItem\",\"position\":1,\"name\":\"Kezd\u0151lap\",\"item\":\"https:\/\/auto.bme.hu\/en\/home\/\"},{\"@type\":\"ListItem\",\"position\":2,\"name\":\"Education\",\"item\":\"https:\/\/auto.bme.hu\/en\/education\/\"},{\"@type\":\"ListItem\",\"position\":3,\"name\":\"Doctoral Degree (PhD)\"}]},{\"@type\":\"WebSite\",\"@id\":\"https:\/\/auto.bme.hu\/en\/#website\",\"url\":\"https:\/\/auto.bme.hu\/en\/\",\"name\":\"BME G\u00e9pj\u00e1rm\u0171technol\u00f3gia Tansz\u00e9k\",\"description\":\"\",\"potentialAction\":[{\"@type\":\"SearchAction\",\"target\":{\"@type\":\"EntryPoint\",\"urlTemplate\":\"https:\/\/auto.bme.hu\/en\/?s={search_term_string}\"},\"query-input\":\"required name=search_term_string\"}],\"inLanguage\":\"en-US\"}]}<\/script>\n<!-- \/ Yoast SEO plugin. -->","yoast_head_json":{"title":"Doctoral Degree (PhD) - BME G\u00e9pj\u00e1rm\u0171technol\u00f3gia Tansz\u00e9k","robots":{"index":"index","follow":"follow","max-snippet":"max-snippet:-1","max-image-preview":"max-image-preview:large","max-video-preview":"max-video-preview:-1"},"canonical":"https:\/\/auto.bme.hu\/en\/education\/phd-en\/","og_locale":"en_US","og_type":"article","og_title":"Doctoral Degree (PhD) - BME G\u00e9pj\u00e1rm\u0171technol\u00f3gia Tansz\u00e9k","og_url":"https:\/\/auto.bme.hu\/en\/education\/phd-en\/","og_site_name":"BME G\u00e9pj\u00e1rm\u0171technol\u00f3gia Tansz\u00e9k","article_modified_time":"2023-02-02T23:14:40+00:00","twitter_card":"summary_large_image","twitter_misc":{"Est. reading time":"4 minutes"},"schema":{"@context":"https:\/\/schema.org","@graph":[{"@type":"WebPage","@id":"https:\/\/auto.bme.hu\/en\/education\/phd-en\/","url":"https:\/\/auto.bme.hu\/en\/education\/phd-en\/","name":"Doctoral Degree (PhD) - BME G\u00e9pj\u00e1rm\u0171technol\u00f3gia Tansz\u00e9k","isPartOf":{"@id":"https:\/\/auto.bme.hu\/en\/#website"},"datePublished":"2023-01-03T14:51:39+00:00","dateModified":"2023-02-02T23:14:40+00:00","breadcrumb":{"@id":"https:\/\/auto.bme.hu\/en\/education\/phd-en\/#breadcrumb"},"inLanguage":"en-US","potentialAction":[{"@type":"ReadAction","target":["https:\/\/auto.bme.hu\/en\/education\/phd-en\/"]}]},{"@type":"BreadcrumbList","@id":"https:\/\/auto.bme.hu\/en\/education\/phd-en\/#breadcrumb","itemListElement":[{"@type":"ListItem","position":1,"name":"Kezd\u0151lap","item":"https:\/\/auto.bme.hu\/en\/home\/"},{"@type":"ListItem","position":2,"name":"Education","item":"https:\/\/auto.bme.hu\/en\/education\/"},{"@type":"ListItem","position":3,"name":"Doctoral Degree (PhD)"}]},{"@type":"WebSite","@id":"https:\/\/auto.bme.hu\/en\/#website","url":"https:\/\/auto.bme.hu\/en\/","name":"BME G\u00e9pj\u00e1rm\u0171technol\u00f3gia Tansz\u00e9k","description":"","potentialAction":[{"@type":"SearchAction","target":{"@type":"EntryPoint","urlTemplate":"https:\/\/auto.bme.hu\/en\/?s={search_term_string}"},"query-input":"required name=search_term_string"}],"inLanguage":"en-US"}]}},"_links":{"self":[{"href":"https:\/\/auto.bme.hu\/en\/wp-json\/wp\/v2\/pages\/2835","targetHints":{"allow":["GET"]}}],"collection":[{"href":"https:\/\/auto.bme.hu\/en\/wp-json\/wp\/v2\/pages"}],"about":[{"href":"https:\/\/auto.bme.hu\/en\/wp-json\/wp\/v2\/types\/page"}],"author":[{"embeddable":true,"href":"https:\/\/auto.bme.hu\/en\/wp-json\/wp\/v2\/users\/3"}],"replies":[{"embeddable":true,"href":"https:\/\/auto.bme.hu\/en\/wp-json\/wp\/v2\/comments?post=2835"}],"version-history":[{"count":9,"href":"https:\/\/auto.bme.hu\/en\/wp-json\/wp\/v2\/pages\/2835\/revisions"}],"predecessor-version":[{"id":4157,"href":"https:\/\/auto.bme.hu\/en\/wp-json\/wp\/v2\/pages\/2835\/revisions\/4157"}],"up":[{"embeddable":true,"href":"https:\/\/auto.bme.hu\/en\/wp-json\/wp\/v2\/pages\/945"}],"wp:attachment":[{"href":"https:\/\/auto.bme.hu\/en\/wp-json\/wp\/v2\/media?parent=2835"}],"curies":[{"name":"wp","href":"https:\/\/api.w.org\/{rel}","templated":true}]}}