{"id":2848,"date":"2023-01-03T16:05:06","date_gmt":"2023-01-03T15:05:06","guid":{"rendered":"https:\/\/auto.bme.hu\/?page_id=2848"},"modified":"2025-02-13T15:32:45","modified_gmt":"2025-02-13T14:32:45","slug":"postgradual-degree-en","status":"publish","type":"page","link":"https:\/\/auto.bme.hu\/en\/education\/postgradual-degree-en\/","title":{"rendered":"Postgradual degree"},"content":{"rendered":"\n<style type=\"text\/css\" data-created_by=\"avia_inline_auto\" id=\"style-css-av-4i0bm8-9347e419bd714532277f6c1d29b19a48\">\n#top .av-special-heading.av-4i0bm8-9347e419bd714532277f6c1d29b19a48{\npadding-bottom:10px;\n}\nbody .av-special-heading.av-4i0bm8-9347e419bd714532277f6c1d29b19a48 .av-special-heading-tag .heading-char{\nfont-size:25px;\n}\n.av-special-heading.av-4i0bm8-9347e419bd714532277f6c1d29b19a48 .av-subheading{\nfont-size:15px;\n}\n<\/style>\n<div  class='av-special-heading av-4i0bm8-9347e419bd714532277f6c1d29b19a48 av-special-heading-h2 blockquote modern-quote  avia-builder-el-0  el_before_av_textblock  avia-builder-el-first '><h2 class='av-special-heading-tag'  itemprop=\"headline\"  >Postgraduate specialist training course<\/h2><div class=\"special-heading-border\"><div class=\"special-heading-inner-border\"><\/div><\/div><\/div>\n<section  class='av_textblock_section av-lcgd2g9b-1f261101676a22e82b4198210c409103 '   itemscope=\"itemscope\" itemtype=\"https:\/\/schema.org\/CreativeWork\" ><div class='avia_textblock'  itemprop=\"text\" ><p>Those who are creative, flexible, problem-recognizing and problem-solving skills, have good learning skills, memory, broad education, and information-processing abilities and are open to further training, are suitable for high-level, intensive independent and teamwork.<\/p>\n<\/div><\/section>\n<\/div><\/div><\/div><!-- close content main div --><\/div><\/div>\n<style type=\"text\/css\" data-created_by=\"avia_inline_auto\" id=\"style-css-av-33uzc0-8809f626dded1cd41b0f8fd3c9949ef9\">\n.avia-section.av-33uzc0-8809f626dded1cd41b0f8fd3c9949ef9{\nbackground-color:#dfdddd;\nbackground-image:unset;\n}\n<\/style>\n<div id='av_section_1'  class='avia-section av-33uzc0-8809f626dded1cd41b0f8fd3c9949ef9 main_color avia-section-default avia-no-border-styling  avia-builder-el-2  el_after_av_textblock  avia-builder-el-last  avia-bg-style-scroll container_wrap sidebar_right'  ><div class='container av-section-cont-open' ><div class='template-page content  av-content-small alpha units'><div class='post-entry post-entry-type-page post-entry-2848'><div class='entry-content-wrapper clearfix'>\n\n<style type=\"text\/css\" data-created_by=\"avia_inline_auto\" id=\"style-css-av-29j5s0-0eb320b5d238438b04085d4f0dc677f7\">\n#top .av-special-heading.av-29j5s0-0eb320b5d238438b04085d4f0dc677f7{\npadding-bottom:10px;\n}\nbody .av-special-heading.av-29j5s0-0eb320b5d238438b04085d4f0dc677f7 .av-special-heading-tag .heading-char{\nfont-size:25px;\n}\n.av-special-heading.av-29j5s0-0eb320b5d238438b04085d4f0dc677f7 .av-subheading{\nfont-size:15px;\n}\n<\/style>\n<div  class='av-special-heading av-29j5s0-0eb320b5d238438b04085d4f0dc677f7 av-special-heading-h2 blockquote modern-quote  avia-builder-el-3  el_before_av_three_fourth  avia-builder-el-first '><h2 class='av-special-heading-tag'  itemprop=\"headline\"  >Transport technical expert<\/h2><div class=\"special-heading-border\"><div class=\"special-heading-inner-border\"><\/div><\/div><\/div>\n<div  class='flex_column av-av_three_fourth-31d3e3b712e56bc877c6b4306d8c7ddb av_three_fourth  avia-builder-el-4  el_after_av_heading  el_before_av_one_fourth  first flex_column_div  '     ><section  class='av_textblock_section av-lcgd2g9b-2-9ed308deb6a119c9f2ca4cd8454fcafa '   itemscope=\"itemscope\" itemtype=\"https:\/\/schema.org\/CreativeWork\" ><div class='avia_textblock'  itemprop=\"text\" ><p>The basic purpose of the further training program for the <strong><span style=\"text-decoration: underline;\">transport technical expert<\/span><\/strong> is to train engineers with special knowledge in the transport field to support judicial bodies in the field of accident analysis, vehicle evaluation and vehicle repair.<\/p>\n<p>The students are expected to understand the processes at a deeper level, to be able to creatively use simulation software to solve new tasks and to better understand the unique processes leading to accidents by the necessary further development of the simulation technique by requesting more specialized laboratory tests and their appropriate evaluation.<\/p>\n<p><strong>Successfully completed studies entitle the graduates if the conditions prescribed by law are met, to act fully as a member of the Chamber of Forensic Experts in transport expert tasks.<\/strong><\/p>\n<p>The subjects of the basic knowledge and professional core material of the curriculum are Mathematics, Legal Knowledge, Systems Engineering, Traffic Technology and Criminal Technical Knowledge. In contrast, the special specialist knowledge subject group is\u00a0 Accident analysis, Vehicle Damage, Damage Analysis, Accident Investigation, Data Processing, Tracked Vehicles, Photogrammetry, Personal Injuries, Vehicle tests and the evaluation of accident forms include subjects.<\/p>\n<p>The lessons of the correspondence course are held on Mondays in line with the busy period of the university&#8217;s full-time course, the assessments take place &#8211; as prescribed in the curriculum &#8211; signatures and practice marks are obtained, as well as during written or oral exams.<\/p>\n<p><strong>The training lasts 4 semesters and ends with a final exam and thesis defense. During 4 semesters, the lectures take place 1 day a week, 8 hours a day.<\/strong><\/p>\n<p><strong>Conditions for participation:<\/strong> Diploma in mechanical engineering, vehicle engineering or transport engineering obtained in a master&#8217;s program (or university-level training according to the previous training system).<\/p>\n<p>The form of the training: self-funded, the fee of which is HUF 580,000 per semester.<\/p>\n<p><strong>Contact person\/specialist:<\/strong><\/p>\n<p>Marianna M\u00e1rkus<\/p>\n<p>Phone\/fax: (1) 463-1882<\/p>\n<p>Email: markus.marianna@kjk.bme.hu<\/p>\n<p>More information at this <a href=\"https:\/\/kozlekedes.bme.hu\/felvetelizoknek\/szakiranyu-tovabbkepzes\/kozlekedesi-muszaki-szakerto\/\">link<\/a>.<\/p>\n<\/div><\/section><\/div><div  class='flex_column av-av_one_fourth-96c69a4d11ff21d4a437d8063224e730 av_one_fourth  avia-builder-el-6  el_after_av_three_fourth  el_before_av_textblock  flex_column_div  '     ><style type=\"text\/css\" data-created_by=\"avia_inline_auto\" id=\"style-css-av-m73fvg9a-6744d6cfd30a1a8541b8c5964c3173cf\">\n.avia-image-container.av-m73fvg9a-6744d6cfd30a1a8541b8c5964c3173cf img.avia_image{\nbox-shadow:none;\n}\n.avia-image-container.av-m73fvg9a-6744d6cfd30a1a8541b8c5964c3173cf .av-image-caption-overlay-center{\ncolor:#ffffff;\n}\n<\/style>\n<div  class='avia-image-container av-m73fvg9a-6744d6cfd30a1a8541b8c5964c3173cf av-styling- avia-align-center  avia-builder-el-7  avia-builder-el-no-sibling '   itemprop=\"image\" itemscope=\"itemscope\" itemtype=\"https:\/\/schema.org\/ImageObject\" ><div class=\"avia-image-container-inner\"><div class=\"avia-image-overlay-wrap\"><img decoding=\"async\" fetchpriority=\"high\" class='wp-image-7673 avia-img-lazy-loading-not-7673 avia_image ' src=\"https:\/\/auto.bme.hu\/wp-content\/uploads\/2025\/02\/Kozlekedesi_muszaki_szakerto_szakmernokkepzes_1.png\" alt='' title='Kozlekedesi_muszaki_szakerto_szakmernokkepzes_(1)'  height=\"3000\" width=\"1000\"  itemprop=\"thumbnailUrl\" srcset=\"https:\/\/auto.bme.hu\/wp-content\/uploads\/2025\/02\/Kozlekedesi_muszaki_szakerto_szakmernokkepzes_1.png 1000w, https:\/\/auto.bme.hu\/wp-content\/uploads\/2025\/02\/Kozlekedesi_muszaki_szakerto_szakmernokkepzes_1-100x300.png 100w, https:\/\/auto.bme.hu\/wp-content\/uploads\/2025\/02\/Kozlekedesi_muszaki_szakerto_szakmernokkepzes_1-343x1030.png 343w, https:\/\/auto.bme.hu\/wp-content\/uploads\/2025\/02\/Kozlekedesi_muszaki_szakerto_szakmernokkepzes_1-768x2304.png 768w, https:\/\/auto.bme.hu\/wp-content\/uploads\/2025\/02\/Kozlekedesi_muszaki_szakerto_szakmernokkepzes_1-512x1536.png 512w, https:\/\/auto.bme.hu\/wp-content\/uploads\/2025\/02\/Kozlekedesi_muszaki_szakerto_szakmernokkepzes_1-683x2048.png 683w\" sizes=\"(max-width: 1000px) 100vw, 1000px\" \/><\/div><\/div><\/div><\/div><section  class='av_textblock_section av-lcgd2g9b-1-c06ff1b6b5f866bba3cdb7dfa7bc27f2 '   itemscope=\"itemscope\" itemtype=\"https:\/\/schema.org\/CreativeWork\" ><div class='avia_textblock'  itemprop=\"text\" ><p><a href=\"https:\/\/kozlekedes.bme.hu\/wp-content\/uploads\/2021\/11\/Tanterv_hallgatoknak_kozl_musz_szak_202202.pdf\"><strong><span class=\"HwtZe\" jsaction=\"mouseup:Sxi9L,BR6jm; mousedown:qjlr0e\" jsname=\"jqKxS\" lang=\"en\"><span jsaction=\"agoMJf:PFBcW;MZfLnc:P7O7bd;nt4Alf:pvnm0e,pfE8Hb,PFBcW;B01qod:dJXsye;H1e5u:iXtTIf;lYIUJf:hij5Wb;bmeZHc:iURhpf;Oxj3Xe:qAKMYb,yaf12d\" jsname=\"txFAF\" class=\"jCAhz ChMk0b\" jscontroller=\"Gn4SMb\"><span class=\"ryNqvb\" jsaction=\"click:E6Tfl,GFf3ac,tMZCfe; contextmenu:Nqw7Te,QP7LD; mouseout:Nqw7Te; mouseover:E6Tfl,c2aHje\" jsname=\"W297wb\">Curriculum<\/span><\/span><\/span>:<\/strong><\/a><\/p>\n<\/div><\/section>\n\n<style type=\"text\/css\" data-created_by=\"avia_inline_auto\" id=\"style-css-av-lcgcz39h-6db3f6138f6333d060d984a6cbec5bbe\">\n#top .togglecontainer.av-lcgcz39h-6db3f6138f6333d060d984a6cbec5bbe p.toggler{\ncolor:#282828;\nbackground-color:#f8f8f8;\nborder-color:#960023;\n}\n#top .togglecontainer.av-lcgcz39h-6db3f6138f6333d060d984a6cbec5bbe p.toggler.activeTitle{\ncolor:#960023;\nborder-color:#960023;\nbackground-color:#f8f8f8;\n}\n#top .togglecontainer.av-lcgcz39h-6db3f6138f6333d060d984a6cbec5bbe p.toggler .toggle_icon{\ncolor:#282828;\nborder-color:#282828;\n}\n#top .togglecontainer.av-lcgcz39h-6db3f6138f6333d060d984a6cbec5bbe .toggle_wrap .toggle_content{\ncolor:#282828;\nbackground-color:#f8f8f8;\nborder-color:#960023;\n}\n<\/style>\n<div  class='togglecontainer av-lcgcz39h-6db3f6138f6333d060d984a6cbec5bbe  avia-builder-el-9  el_after_av_textblock  el_before_av_hr  toggle_close_all hasCurrentStyle' >\n<section class='av_toggle_section av-aaq1g0-5d5a0fac7b9b7299b7ba064a6e8bc3a3'  itemscope=\"itemscope\" itemtype=\"https:\/\/schema.org\/CreativeWork\" ><div role=\"tablist\" class=\"single_toggle\" data-tags=\"{All} \"  ><p data-fake-id='#toggle-id-1' class='toggler   av-inherit-font-color hasCustomColor av-inherit-border-color'  itemprop=\"headline\"  role='tab' tabindex='0' aria-controls='toggle-id-1'>Semester I.<span class=\"toggle_icon\"><span class=\"vert_icon\"><\/span><span class=\"hor_icon\"><\/span><\/span><\/p><div id='toggle-id-1' class='toggle_wrap  '  ><div class='toggle_content invers-color av-inherit-font-color hasCustomColor av-inherit-border-color'  itemprop=\"text\" ><ul>\n<li><span>Mathematics <\/span>&#8211; <span>BMEKOGJS021 <\/span>(6 credits)<\/li>\n<li><span>Legal learning<\/span> &#8211; BMEKOGJS022 (6 credits)<\/li>\n<li><span>Application of computers<\/span> &#8211; BMEKOGJS046 (7 credits)<\/li>\n<li><span>Simulations<\/span> &#8211; BMEKOGJS047 (5 credits)<\/li>\n<li><span>Systems engineering<\/span>&#8211; BMEKOGJS004 (6 credits)<\/li>\n<\/ul>\n<\/div><\/div><\/div><\/section>\n<section class='av_toggle_section av-8rfihs-c7ecc0293d8f6420c74eee8e4572e30b'  itemscope=\"itemscope\" itemtype=\"https:\/\/schema.org\/CreativeWork\" ><div role=\"tablist\" class=\"single_toggle\" data-tags=\"{All} \"  ><p data-fake-id='#toggle-id-2' class='toggler   av-inherit-font-color hasCustomColor av-inherit-border-color'  itemprop=\"headline\"  role='tab' tabindex='0' aria-controls='toggle-id-2'>Semester II.<span class=\"toggle_icon\"><span class=\"vert_icon\"><\/span><span class=\"hor_icon\"><\/span><\/span><\/p><div id='toggle-id-2' class='toggle_wrap  '  ><div class='toggle_content invers-color av-inherit-font-color hasCustomColor av-inherit-border-color'  itemprop=\"text\" ><ul>\n<li><span>Forensic sciences<\/span> &#8211; BMEKOGJS005 (10 credits)<\/li>\n<li><span>Vehicle damages, evaluation of damages<\/span> &#8211; BMEKOGJS006 (10 credits)<\/li>\n<li><span>Crash Scene Investigation, Data Processing<\/span>\u00a0&#8211; BMEKOGJS007 (7 credits)<\/li>\n<li><span>Forensic reports<\/span> &#8211; BMEKOGJS008 (3 credits)<\/li>\n<\/ul>\n<\/div><\/div><\/div><\/section>\n<section class='av_toggle_section av-7f4egw-d3ff45939d282ea0477467720374fdd5'  itemscope=\"itemscope\" itemtype=\"https:\/\/schema.org\/CreativeWork\" ><div role=\"tablist\" class=\"single_toggle\" data-tags=\"{All} \"  ><p data-fake-id='#toggle-id-3' class='toggler   av-inherit-font-color hasCustomColor av-inherit-border-color'  itemprop=\"headline\"  role='tab' tabindex='0' aria-controls='toggle-id-3'>Semester III. <span class=\"toggle_icon\"><span class=\"vert_icon\"><\/span><span class=\"hor_icon\"><\/span><\/span><\/p><div id='toggle-id-3' class='toggle_wrap  '  ><div class='toggle_content invers-color av-inherit-font-color hasCustomColor av-inherit-border-color'  itemprop=\"text\" ><ul>\n<li><span>Rail-guided vehicles<\/span> &#8211; BMEKOGJS029 (8 credits)<\/li>\n<li><span>Photogrammetry <\/span>&#8211; BMEKOGJS041 (4 credits)<\/li>\n<li>Personal injuries &#8211; BMEKOGJS011 (4 credits)<\/li>\n<li><span>Special course A<\/span>\u00a0&#8211; BMEKOGJS043 (4 credits)<\/li>\n<li><span>Vehicle inspections<\/span> &#8211; BMEKOGJS042 (10 credits)<\/li>\n<\/ul>\n<\/div><\/div><\/div><\/section>\n<section class='av_toggle_section av-5kvhzk-2246520e0b238f9879a50eaffa0c644f'  itemscope=\"itemscope\" itemtype=\"https:\/\/schema.org\/CreativeWork\" ><div role=\"tablist\" class=\"single_toggle\" data-tags=\"{All} \"  ><p data-fake-id='#toggle-id-4' class='toggler   av-inherit-font-color hasCustomColor av-inherit-border-color'  itemprop=\"headline\"  role='tab' tabindex='0' aria-controls='toggle-id-4'>Semester IV. <span class=\"toggle_icon\"><span class=\"vert_icon\"><\/span><span class=\"hor_icon\"><\/span><\/span><\/p><div id='toggle-id-4' class='toggle_wrap  '  ><div class='toggle_content invers-color av-inherit-font-color hasCustomColor av-inherit-border-color'  itemprop=\"text\" ><ul>\n<li>Special course B &#8211; BMEKOGJS044 (5 credits)<\/li>\n<li>Evaluation of traffic -BMEKOGJS037 (7 credits)<\/li>\n<li>Traffic engineering &#8211; BMEKOGJS040 (8 credits)<\/li>\n<li>Thesis writing &#8211; BMEKOGJS045 (10 credits)<\/li>\n<\/ul>\n<\/div><\/div><\/div><\/section>\n<\/div>\n<div  class='hr av-4l4f40-c133f7012c1063a58418b470a74e2d7f hr-default  avia-builder-el-10  el_after_av_toggle_container  el_before_av_button '><span class='hr-inner '><span class=\"hr-inner-style\"><\/span><\/span><\/div>\n<div  class='avia-button-wrap av-2hhif4-8cf5bfc5f8c9d5964c2919dcbd5cf7c9-wrap avia-button-center  avia-builder-el-11  el_after_av_hr  avia-builder-el-last '><a href='https:\/\/www.kth.bme.hu\/urlap'  class='avia-button av-2hhif4-8cf5bfc5f8c9d5964c2919dcbd5cf7c9 avia-icon_select-yes-left-icon avia-size-small avia-position-center avia-color-theme-color'  ><span class='avia_button_icon avia_button_icon_left' aria-hidden='true' data-av_icon='\ue86f' data-av_iconfont='entypo-fontello'><\/span><span class='avia_iconbox_title' >Download registration form<\/span><\/a><\/div>\n<\/div><\/div><\/div><!-- close content main div --><\/div><\/div><div id='after_section_1'  class='main_color av_default_container_wrap container_wrap sidebar_right'  ><div class='container av-section-cont-open' ><div class='template-page content  av-content-small alpha units'><div class='post-entry post-entry-type-page post-entry-2848'><div class='entry-content-wrapper clearfix'>\n","protected":false},"excerpt":{"rendered":"","protected":false},"author":3,"featured_media":0,"parent":945,"menu_order":0,"comment_status":"closed","ping_status":"closed","template":"","meta":{"footnotes":""},"class_list":["post-2848","page","type-page","status-publish","hentry"],"yoast_head":"<!-- This site is optimized with the Yoast SEO plugin v21.9.1 - https:\/\/yoast.com\/wordpress\/plugins\/seo\/ -->\n<title>Postgradual degree - BME G\u00e9pj\u00e1rm\u0171technol\u00f3gia Tansz\u00e9k<\/title>\n<meta name=\"robots\" content=\"index, follow, max-snippet:-1, max-image-preview:large, max-video-preview:-1\" \/>\n<link rel=\"canonical\" href=\"https:\/\/auto.bme.hu\/en\/education\/postgradual-degree-en\/\" \/>\n<meta property=\"og:locale\" content=\"en_US\" \/>\n<meta property=\"og:type\" content=\"article\" \/>\n<meta property=\"og:title\" content=\"Postgradual degree - BME G\u00e9pj\u00e1rm\u0171technol\u00f3gia Tansz\u00e9k\" \/>\n<meta property=\"og:url\" content=\"https:\/\/auto.bme.hu\/en\/education\/postgradual-degree-en\/\" \/>\n<meta property=\"og:site_name\" content=\"BME G\u00e9pj\u00e1rm\u0171technol\u00f3gia Tansz\u00e9k\" \/>\n<meta property=\"article:modified_time\" content=\"2025-02-13T14:32:45+00:00\" \/>\n<meta name=\"twitter:card\" content=\"summary_large_image\" \/>\n<meta name=\"twitter:label1\" content=\"Est. reading time\" \/>\n\t<meta name=\"twitter:data1\" content=\"3 minutes\" \/>\n<script type=\"application\/ld+json\" class=\"yoast-schema-graph\">{\"@context\":\"https:\/\/schema.org\",\"@graph\":[{\"@type\":\"WebPage\",\"@id\":\"https:\/\/auto.bme.hu\/en\/education\/postgradual-degree-en\/\",\"url\":\"https:\/\/auto.bme.hu\/en\/education\/postgradual-degree-en\/\",\"name\":\"Postgradual degree - BME G\u00e9pj\u00e1rm\u0171technol\u00f3gia Tansz\u00e9k\",\"isPartOf\":{\"@id\":\"https:\/\/auto.bme.hu\/en\/#website\"},\"datePublished\":\"2023-01-03T15:05:06+00:00\",\"dateModified\":\"2025-02-13T14:32:45+00:00\",\"breadcrumb\":{\"@id\":\"https:\/\/auto.bme.hu\/en\/education\/postgradual-degree-en\/#breadcrumb\"},\"inLanguage\":\"en-US\",\"potentialAction\":[{\"@type\":\"ReadAction\",\"target\":[\"https:\/\/auto.bme.hu\/en\/education\/postgradual-degree-en\/\"]}]},{\"@type\":\"BreadcrumbList\",\"@id\":\"https:\/\/auto.bme.hu\/en\/education\/postgradual-degree-en\/#breadcrumb\",\"itemListElement\":[{\"@type\":\"ListItem\",\"position\":1,\"name\":\"Kezd\u0151lap\",\"item\":\"https:\/\/auto.bme.hu\/en\/home\/\"},{\"@type\":\"ListItem\",\"position\":2,\"name\":\"Education\",\"item\":\"https:\/\/auto.bme.hu\/en\/education\/\"},{\"@type\":\"ListItem\",\"position\":3,\"name\":\"Postgradual degree\"}]},{\"@type\":\"WebSite\",\"@id\":\"https:\/\/auto.bme.hu\/en\/#website\",\"url\":\"https:\/\/auto.bme.hu\/en\/\",\"name\":\"BME G\u00e9pj\u00e1rm\u0171technol\u00f3gia Tansz\u00e9k\",\"description\":\"\",\"potentialAction\":[{\"@type\":\"SearchAction\",\"target\":{\"@type\":\"EntryPoint\",\"urlTemplate\":\"https:\/\/auto.bme.hu\/en\/?s={search_term_string}\"},\"query-input\":\"required name=search_term_string\"}],\"inLanguage\":\"en-US\"}]}<\/script>\n<!-- \/ Yoast SEO plugin. -->","yoast_head_json":{"title":"Postgradual degree - BME G\u00e9pj\u00e1rm\u0171technol\u00f3gia Tansz\u00e9k","robots":{"index":"index","follow":"follow","max-snippet":"max-snippet:-1","max-image-preview":"max-image-preview:large","max-video-preview":"max-video-preview:-1"},"canonical":"https:\/\/auto.bme.hu\/en\/education\/postgradual-degree-en\/","og_locale":"en_US","og_type":"article","og_title":"Postgradual degree - BME G\u00e9pj\u00e1rm\u0171technol\u00f3gia Tansz\u00e9k","og_url":"https:\/\/auto.bme.hu\/en\/education\/postgradual-degree-en\/","og_site_name":"BME G\u00e9pj\u00e1rm\u0171technol\u00f3gia Tansz\u00e9k","article_modified_time":"2025-02-13T14:32:45+00:00","twitter_card":"summary_large_image","twitter_misc":{"Est. reading time":"3 minutes"},"schema":{"@context":"https:\/\/schema.org","@graph":[{"@type":"WebPage","@id":"https:\/\/auto.bme.hu\/en\/education\/postgradual-degree-en\/","url":"https:\/\/auto.bme.hu\/en\/education\/postgradual-degree-en\/","name":"Postgradual degree - BME G\u00e9pj\u00e1rm\u0171technol\u00f3gia Tansz\u00e9k","isPartOf":{"@id":"https:\/\/auto.bme.hu\/en\/#website"},"datePublished":"2023-01-03T15:05:06+00:00","dateModified":"2025-02-13T14:32:45+00:00","breadcrumb":{"@id":"https:\/\/auto.bme.hu\/en\/education\/postgradual-degree-en\/#breadcrumb"},"inLanguage":"en-US","potentialAction":[{"@type":"ReadAction","target":["https:\/\/auto.bme.hu\/en\/education\/postgradual-degree-en\/"]}]},{"@type":"BreadcrumbList","@id":"https:\/\/auto.bme.hu\/en\/education\/postgradual-degree-en\/#breadcrumb","itemListElement":[{"@type":"ListItem","position":1,"name":"Kezd\u0151lap","item":"https:\/\/auto.bme.hu\/en\/home\/"},{"@type":"ListItem","position":2,"name":"Education","item":"https:\/\/auto.bme.hu\/en\/education\/"},{"@type":"ListItem","position":3,"name":"Postgradual degree"}]},{"@type":"WebSite","@id":"https:\/\/auto.bme.hu\/en\/#website","url":"https:\/\/auto.bme.hu\/en\/","name":"BME G\u00e9pj\u00e1rm\u0171technol\u00f3gia Tansz\u00e9k","description":"","potentialAction":[{"@type":"SearchAction","target":{"@type":"EntryPoint","urlTemplate":"https:\/\/auto.bme.hu\/en\/?s={search_term_string}"},"query-input":"required name=search_term_string"}],"inLanguage":"en-US"}]}},"_links":{"self":[{"href":"https:\/\/auto.bme.hu\/en\/wp-json\/wp\/v2\/pages\/2848","targetHints":{"allow":["GET"]}}],"collection":[{"href":"https:\/\/auto.bme.hu\/en\/wp-json\/wp\/v2\/pages"}],"about":[{"href":"https:\/\/auto.bme.hu\/en\/wp-json\/wp\/v2\/types\/page"}],"author":[{"embeddable":true,"href":"https:\/\/auto.bme.hu\/en\/wp-json\/wp\/v2\/users\/3"}],"replies":[{"embeddable":true,"href":"https:\/\/auto.bme.hu\/en\/wp-json\/wp\/v2\/comments?post=2848"}],"version-history":[{"count":14,"href":"https:\/\/auto.bme.hu\/en\/wp-json\/wp\/v2\/pages\/2848\/revisions"}],"predecessor-version":[{"id":7689,"href":"https:\/\/auto.bme.hu\/en\/wp-json\/wp\/v2\/pages\/2848\/revisions\/7689"}],"up":[{"embeddable":true,"href":"https:\/\/auto.bme.hu\/en\/wp-json\/wp\/v2\/pages\/945"}],"wp:attachment":[{"href":"https:\/\/auto.bme.hu\/en\/wp-json\/wp\/v2\/media?parent=2848"}],"curies":[{"name":"wp","href":"https:\/\/api.w.org\/{rel}","templated":true}]}}