{"id":3349,"date":"2023-01-20T09:49:50","date_gmt":"2023-01-20T08:49:50","guid":{"rendered":"https:\/\/auto.bme.hu\/?page_id=3349"},"modified":"2024-05-23T12:30:59","modified_gmt":"2024-05-23T10:30:59","slug":"news","status":"publish","type":"page","link":"https:\/\/auto.bme.hu\/en\/news\/","title":{"rendered":"News"},"content":{"rendered":"\n<style type=\"text\/css\" data-created_by=\"avia_inline_auto\" id=\"style-css-av-ld4aakhj-af824c21a3cf9d87220d8a321115322a\">\n#top .av-special-heading.av-ld4aakhj-af824c21a3cf9d87220d8a321115322a{\npadding-bottom:10px;\n}\nbody .av-special-heading.av-ld4aakhj-af824c21a3cf9d87220d8a321115322a .av-special-heading-tag .heading-char{\nfont-size:25px;\n}\n.av-special-heading.av-ld4aakhj-af824c21a3cf9d87220d8a321115322a .av-subheading{\nfont-size:15px;\n}\n<\/style>\n<div  class='av-special-heading av-ld4aakhj-af824c21a3cf9d87220d8a321115322a av-special-heading-h1 blockquote modern-quote  avia-builder-el-0  el_before_av_magazine  avia-builder-el-first '><h1 class='av-special-heading-tag'  itemprop=\"headline\"  >News<\/h1><div class=\"special-heading-border\"><div class=\"special-heading-inner-border\"><\/div><\/div><\/div>\n<div  id=\"avia-magazine-1\"  class='av-magazine av-kjsm2d5m-52a32df8c43e704623913d8dd411070c  avia-builder-el-1  el_after_av_heading  avia-builder-el-last   avia-builder-el-1  el_after_av_heading  avia-builder-el-last ' ><div class='av-magazine-group sort_all'><article class='av-magazine-entry av-magazine-entry-id-9934 av-magazine-format-standard av-magazine-type-post av-magazine-entry-1 av-magazine-entry-small '  itemscope=\"itemscope\" itemtype=\"https:\/\/schema.org\/CreativeWork\" ><div class=\"av-magazine-thumbnail\"><a href='https:\/\/auto.bme.hu\/en\/blog\/safety-first-2026-tovabbjutott-csapatok-fokuszban-a-fejlesztesi-fazis\/' title='Link to: Safety First! 2026 \u2013 Advancing Teams and Focus on the Development Phase' class='av-magazine-thumbnail-link'><img decoding=\"async\" fetchpriority=\"high\" width=\"80\" height=\"80\" src=\"https:\/\/auto.bme.hu\/wp-content\/uploads\/2026\/04\/SF_hir_kep-80x80.jpg\" class=\"wp-image-9935 avia-img-lazy-loading-not-9935 attachment-thumbnail size-thumbnail wp-post-image\" alt=\"\" srcset=\"https:\/\/auto.bme.hu\/wp-content\/uploads\/2026\/04\/SF_hir_kep-80x80.jpg 80w, https:\/\/auto.bme.hu\/wp-content\/uploads\/2026\/04\/SF_hir_kep-36x36.jpg 36w, https:\/\/auto.bme.hu\/wp-content\/uploads\/2026\/04\/SF_hir_kep-180x180.jpg 180w\" sizes=\"(max-width: 80px) 100vw, 80px\" \/><\/a><\/div><div class=\"av-magazine-content-wrap\"><header class=\"entry-content-header\"><time class='av-magazine-time updated'  itemprop=\"datePublished\" datetime=\"2026-04-09T14:03:57+02:00\" >2026.04.09.<\/time><h3 class='av-magazine-title entry-title '  itemprop=\"headline\" ><a href='https:\/\/auto.bme.hu\/en\/blog\/safety-first-2026-tovabbjutott-csapatok-fokuszban-a-fejlesztesi-fazis\/' title='Link to: Safety First! 2026 \u2013 Advancing Teams and Focus on the Development Phase'>Safety First! 2026 \u2013 Advancing Teams and Focus on the Development Phase<\/a><\/h3><\/header><\/div><footer class=\"entry-footer\"><\/footer><\/article><article class='av-magazine-entry av-magazine-entry-id-9904 av-magazine-format-standard av-magazine-type-post av-magazine-entry-2 av-magazine-entry-small '  itemscope=\"itemscope\" itemtype=\"https:\/\/schema.org\/CreativeWork\" ><div class=\"av-magazine-thumbnail\"><a href='https:\/\/auto.bme.hu\/en\/blog\/bme-student-team-reaches-international-finals-with-a-novel-approach-to-intersection-safety\/' title='Link to: BME Student Team Reaches International Finals with a Novel Approach to Intersection Safety' class='av-magazine-thumbnail-link'><img decoding=\"async\" fetchpriority=\"high\" width=\"80\" height=\"80\" src=\"https:\/\/auto.bme.hu\/wp-content\/uploads\/2026\/03\/Team-c-2--80x80.jpg\" class=\"wp-image-9901 avia-img-lazy-loading-not-9901 attachment-thumbnail size-thumbnail wp-post-image\" alt=\"\" srcset=\"https:\/\/auto.bme.hu\/wp-content\/uploads\/2026\/03\/Team-c-2--80x80.jpg 80w, https:\/\/auto.bme.hu\/wp-content\/uploads\/2026\/03\/Team-c-2--36x36.jpg 36w, https:\/\/auto.bme.hu\/wp-content\/uploads\/2026\/03\/Team-c-2--180x180.jpg 180w\" sizes=\"(max-width: 80px) 100vw, 80px\" \/><\/a><\/div><div class=\"av-magazine-content-wrap\"><header class=\"entry-content-header\"><time class='av-magazine-time updated'  itemprop=\"datePublished\" datetime=\"2026-03-31T13:26:31+02:00\" >2026.03.31.<\/time><h3 class='av-magazine-title entry-title '  itemprop=\"headline\" ><a href='https:\/\/auto.bme.hu\/en\/blog\/bme-student-team-reaches-international-finals-with-a-novel-approach-to-intersection-safety\/' title='Link to: BME Student Team Reaches International Finals with a Novel Approach to Intersection Safety'>BME Student Team Reaches International Finals with a Novel Approach to Intersection Safety<\/a><\/h3><\/header><\/div><footer class=\"entry-footer\"><\/footer><\/article><article class='av-magazine-entry av-magazine-entry-id-9896 av-magazine-format-standard av-magazine-type-post av-magazine-entry-3 av-magazine-entry-small '  itemscope=\"itemscope\" itemtype=\"https:\/\/schema.org\/CreativeWork\" ><div class=\"av-magazine-thumbnail\"><a href='https:\/\/auto.bme.hu\/en\/blog\/zsolt-szalay-appointed-vice-president-of-hun-ren-for-engineering-and-natural-sciences\/' title='Link to: Zsolt Szalay Appointed Vice President of HUN-REN for Engineering and Natural Sciences' class='av-magazine-thumbnail-link'><img decoding=\"async\" fetchpriority=\"high\" width=\"80\" height=\"80\" src=\"https:\/\/auto.bme.hu\/wp-content\/uploads\/2026\/03\/Szalay5-tanszek-80x80.jpg\" class=\"wp-image-9893 avia-img-lazy-loading-not-9893 attachment-thumbnail size-thumbnail wp-post-image\" alt=\"\" srcset=\"https:\/\/auto.bme.hu\/wp-content\/uploads\/2026\/03\/Szalay5-tanszek-80x80.jpg 80w, https:\/\/auto.bme.hu\/wp-content\/uploads\/2026\/03\/Szalay5-tanszek-36x36.jpg 36w, https:\/\/auto.bme.hu\/wp-content\/uploads\/2026\/03\/Szalay5-tanszek-180x180.jpg 180w\" sizes=\"(max-width: 80px) 100vw, 80px\" \/><\/a><\/div><div class=\"av-magazine-content-wrap\"><header class=\"entry-content-header\"><time class='av-magazine-time updated'  itemprop=\"datePublished\" datetime=\"2026-03-19T18:18:25+01:00\" >2026.03.19.<\/time><h3 class='av-magazine-title entry-title '  itemprop=\"headline\" ><a href='https:\/\/auto.bme.hu\/en\/blog\/zsolt-szalay-appointed-vice-president-of-hun-ren-for-engineering-and-natural-sciences\/' title='Link to: Zsolt Szalay Appointed Vice President of HUN-REN for Engineering and Natural Sciences'>Zsolt Szalay Appointed Vice President of HUN-REN for Engineering and Natural Sciences<\/a><\/h3><\/header><\/div><footer class=\"entry-footer\"><\/footer><\/article><article class='av-magazine-entry av-magazine-entry-id-9760 av-magazine-format-standard av-magazine-type-post av-magazine-entry-4 av-magazine-entry-small '  itemscope=\"itemscope\" itemtype=\"https:\/\/schema.org\/CreativeWork\" ><div class=\"av-magazine-thumbnail\"><a href='https:\/\/auto.bme.hu\/en\/blog\/from-knowledge-to-impact-an-interview-with-jedlik-anyos-prize-laureate-zsolt-szalay\/' title='Link to: From Knowledge to Impact \u2013 An Interview with Jedlik \u00c1nyos Prize Laureate Zsolt Szalay' class='av-magazine-thumbnail-link'><img decoding=\"async\" fetchpriority=\"high\" width=\"80\" height=\"80\" src=\"https:\/\/auto.bme.hu\/wp-content\/uploads\/2026\/03\/Dr_Szalay_Zsolt--80x80.jpg\" class=\"wp-image-9742 avia-img-lazy-loading-not-9742 attachment-thumbnail size-thumbnail wp-post-image\" alt=\"\" srcset=\"https:\/\/auto.bme.hu\/wp-content\/uploads\/2026\/03\/Dr_Szalay_Zsolt--80x80.jpg 80w, https:\/\/auto.bme.hu\/wp-content\/uploads\/2026\/03\/Dr_Szalay_Zsolt--36x36.jpg 36w, https:\/\/auto.bme.hu\/wp-content\/uploads\/2026\/03\/Dr_Szalay_Zsolt--180x180.jpg 180w\" sizes=\"(max-width: 80px) 100vw, 80px\" \/><small class='avia-copyright'>BME GJT<\/small><\/a><\/div><div class=\"av-magazine-content-wrap\"><header class=\"entry-content-header\"><time class='av-magazine-time updated'  itemprop=\"datePublished\" datetime=\"2026-03-04T16:17:30+01:00\" >2026.03.04.<\/time><h3 class='av-magazine-title entry-title '  itemprop=\"headline\" ><a href='https:\/\/auto.bme.hu\/en\/blog\/from-knowledge-to-impact-an-interview-with-jedlik-anyos-prize-laureate-zsolt-szalay\/' title='Link to: From Knowledge to Impact \u2013 An Interview with Jedlik \u00c1nyos Prize Laureate Zsolt Szalay'>From Knowledge to Impact \u2013 An Interview with Jedlik \u00c1nyos Prize Laureate Zsolt Szalay<\/a><\/h3><\/header><\/div><footer class=\"entry-footer\"><\/footer><\/article><article class='av-magazine-entry av-magazine-entry-id-9709 av-magazine-format-standard av-magazine-type-post av-magazine-entry-5 av-magazine-entry-small '  itemscope=\"itemscope\" itemtype=\"https:\/\/schema.org\/CreativeWork\" ><div class=\"av-magazine-thumbnail\"><a href='https:\/\/auto.bme.hu\/en\/blog\/safety-first-2026-registration-opens-for-the-road-safety-competition\/' title='Link to: Safety First! 2026 \u2013 Registration Opens for the Road Safety Competition' class='av-magazine-thumbnail-link'><img decoding=\"async\" fetchpriority=\"high\" width=\"80\" height=\"80\" src=\"https:\/\/auto.bme.hu\/wp-content\/uploads\/2026\/02\/SafetyFirst_2026_hirkep-80x80.jpg\" class=\"wp-image-9705 avia-img-lazy-loading-not-9705 attachment-thumbnail size-thumbnail wp-post-image\" alt=\"\" srcset=\"https:\/\/auto.bme.hu\/wp-content\/uploads\/2026\/02\/SafetyFirst_2026_hirkep-80x80.jpg 80w, https:\/\/auto.bme.hu\/wp-content\/uploads\/2026\/02\/SafetyFirst_2026_hirkep-36x36.jpg 36w, https:\/\/auto.bme.hu\/wp-content\/uploads\/2026\/02\/SafetyFirst_2026_hirkep-180x180.jpg 180w\" sizes=\"(max-width: 80px) 100vw, 80px\" \/><small class='avia-copyright'>BME GJT<\/small><\/a><\/div><div class=\"av-magazine-content-wrap\"><header class=\"entry-content-header\"><time class='av-magazine-time updated'  itemprop=\"datePublished\" datetime=\"2026-02-24T15:46:24+01:00\" >2026.02.24.<\/time><h3 class='av-magazine-title entry-title '  itemprop=\"headline\" ><a href='https:\/\/auto.bme.hu\/en\/blog\/safety-first-2026-registration-opens-for-the-road-safety-competition\/' title='Link to: Safety First! 2026 \u2013 Registration Opens for the Road Safety Competition'>Safety First! 2026 \u2013 Registration Opens for the Road Safety Competition<\/a><\/h3><\/header><\/div><footer class=\"entry-footer\"><\/footer><\/article><article class='av-magazine-entry av-magazine-entry-id-9588 av-magazine-format-standard av-magazine-type-post av-magazine-entry-6 av-magazine-entry-small '  itemscope=\"itemscope\" itemtype=\"https:\/\/schema.org\/CreativeWork\" ><div class=\"av-magazine-thumbnail\"><a href='https:\/\/auto.bme.hu\/en\/blog\/celebrating-the-80th-birthday-of-dr-balazs-gondocs-a-distinguished-retired-lecturer-of-our-department\/' title='Link to: Celebrating the 80th Birthday of Dr. Bal\u00e1zs G\u00f6nd\u00f6cs \u2013 A Distinguished Retired Lecturer of Our Department' class='av-magazine-thumbnail-link'><img decoding=\"async\" fetchpriority=\"high\" width=\"80\" height=\"80\" src=\"https:\/\/auto.bme.hu\/wp-content\/uploads\/2026\/02\/Gondocs_1-80x80.jpg\" class=\"wp-image-9595 avia-img-lazy-loading-not-9595 attachment-thumbnail size-thumbnail wp-post-image\" alt=\"\" srcset=\"https:\/\/auto.bme.hu\/wp-content\/uploads\/2026\/02\/Gondocs_1-80x80.jpg 80w, https:\/\/auto.bme.hu\/wp-content\/uploads\/2026\/02\/Gondocs_1-36x36.jpg 36w, https:\/\/auto.bme.hu\/wp-content\/uploads\/2026\/02\/Gondocs_1-180x180.jpg 180w\" sizes=\"(max-width: 80px) 100vw, 80px\" \/><\/a><\/div><div class=\"av-magazine-content-wrap\"><header class=\"entry-content-header\"><time class='av-magazine-time updated'  itemprop=\"datePublished\" datetime=\"2026-01-21T14:17:09+01:00\" >2026.01.21.<\/time><h3 class='av-magazine-title entry-title '  itemprop=\"headline\" ><a href='https:\/\/auto.bme.hu\/en\/blog\/celebrating-the-80th-birthday-of-dr-balazs-gondocs-a-distinguished-retired-lecturer-of-our-department\/' title='Link to: Celebrating the 80th Birthday of Dr. Bal\u00e1zs G\u00f6nd\u00f6cs \u2013 A Distinguished Retired Lecturer of Our Department'>Celebrating the 80th Birthday of Dr. Bal\u00e1zs G\u00f6nd\u00f6cs \u2013 A Distinguished Retired Lecturer of Our Department<\/a><\/h3><\/header><\/div><footer class=\"entry-footer\"><\/footer><\/article><article class='av-magazine-entry av-magazine-entry-id-9511 av-magazine-format-standard av-magazine-type-post av-magazine-entry-7 av-magazine-entry-small '  itemscope=\"itemscope\" itemtype=\"https:\/\/schema.org\/CreativeWork\" ><div class=\"av-magazine-thumbnail\"><a href='https:\/\/auto.bme.hu\/en\/blog\/a-forward-looking-encounter-autonomous-vehicles-for-secondary-school-students-at-ujpesti-csokonai-vitez-mihaly-primary-school-and-grammar-school\/' title='Link to: A Forward-Looking Encounter \u2013 Autonomous Vehicles for Secondary School Students at \u00dajpesti Csokonai Vit\u00e9z Mih\u00e1ly Primary School and Grammar School' class='av-magazine-thumbnail-link'><img decoding=\"async\" fetchpriority=\"high\" width=\"80\" height=\"80\" src=\"https:\/\/auto.bme.hu\/wp-content\/uploads\/2026\/01\/Cikk_foto--80x80.jpg\" class=\"wp-image-9509 avia-img-lazy-loading-not-9509 attachment-thumbnail size-thumbnail wp-post-image\" alt=\"\" srcset=\"https:\/\/auto.bme.hu\/wp-content\/uploads\/2026\/01\/Cikk_foto--80x80.jpg 80w, https:\/\/auto.bme.hu\/wp-content\/uploads\/2026\/01\/Cikk_foto--36x36.jpg 36w, https:\/\/auto.bme.hu\/wp-content\/uploads\/2026\/01\/Cikk_foto--180x180.jpg 180w\" sizes=\"(max-width: 80px) 100vw, 80px\" \/><\/a><\/div><div class=\"av-magazine-content-wrap\"><header class=\"entry-content-header\"><time class='av-magazine-time updated'  itemprop=\"datePublished\" datetime=\"2026-01-14T15:56:11+01:00\" >2026.01.14.<\/time><h3 class='av-magazine-title entry-title '  itemprop=\"headline\" ><a href='https:\/\/auto.bme.hu\/en\/blog\/a-forward-looking-encounter-autonomous-vehicles-for-secondary-school-students-at-ujpesti-csokonai-vitez-mihaly-primary-school-and-grammar-school\/' title='Link to: A Forward-Looking Encounter \u2013 Autonomous Vehicles for Secondary School Students at \u00dajpesti Csokonai Vit\u00e9z Mih\u00e1ly Primary School and Grammar School'>A Forward-Looking Encounter \u2013 Autonomous Vehicles for Secondary School Students at \u00dajpesti Csokonai Vit\u00e9z Mih\u00e1ly Primary School and Grammar School<\/a><\/h3><\/header><\/div><footer class=\"entry-footer\"><\/footer><\/article><article class='av-magazine-entry av-magazine-entry-id-9497 av-magazine-format-standard av-magazine-type-post av-magazine-entry-8 av-magazine-entry-small '  itemscope=\"itemscope\" itemtype=\"https:\/\/schema.org\/CreativeWork\" ><div class=\"av-magazine-thumbnail\"><a href='https:\/\/auto.bme.hu\/en\/blog\/industry-focus-and-confident-presentations-january-state-examination-at-the-department-of-automotive-technologies\/' title='Link to: Industry Focus and Confident Presentations \u2013 January State Examination at the Department of Automotive Technologies' class='av-magazine-thumbnail-link'><img decoding=\"async\" fetchpriority=\"high\" width=\"80\" height=\"80\" src=\"https:\/\/auto.bme.hu\/wp-content\/uploads\/2026\/01\/Csoportkep-80x80.jpg\" class=\"wp-image-9494 avia-img-lazy-loading-not-9494 attachment-thumbnail size-thumbnail wp-post-image\" alt=\"\" srcset=\"https:\/\/auto.bme.hu\/wp-content\/uploads\/2026\/01\/Csoportkep-80x80.jpg 80w, https:\/\/auto.bme.hu\/wp-content\/uploads\/2026\/01\/Csoportkep-36x36.jpg 36w, https:\/\/auto.bme.hu\/wp-content\/uploads\/2026\/01\/Csoportkep-180x180.jpg 180w\" sizes=\"(max-width: 80px) 100vw, 80px\" \/><small class='avia-copyright'>BME GJT<\/small><\/a><\/div><div class=\"av-magazine-content-wrap\"><header class=\"entry-content-header\"><time class='av-magazine-time updated'  itemprop=\"datePublished\" datetime=\"2026-01-08T16:56:19+01:00\" >2026.01.08.<\/time><h3 class='av-magazine-title entry-title '  itemprop=\"headline\" ><a href='https:\/\/auto.bme.hu\/en\/blog\/industry-focus-and-confident-presentations-january-state-examination-at-the-department-of-automotive-technologies\/' title='Link to: Industry Focus and Confident Presentations \u2013 January State Examination at the Department of Automotive Technologies'>Industry Focus and Confident Presentations \u2013 January State Examination at the Department of Automotive Technologies<\/a><\/h3><\/header><\/div><footer class=\"entry-footer\"><\/footer><\/article><article class='av-magazine-entry av-magazine-entry-id-9476 av-magazine-format-standard av-magazine-type-post av-magazine-entry-9 av-magazine-entry-small '  itemscope=\"itemscope\" itemtype=\"https:\/\/schema.org\/CreativeWork\" ><div class=\"av-magazine-thumbnail\"><a href='https:\/\/auto.bme.hu\/en\/blog\/in-memoriam-dr-antal-lovas-1938-2026\/' title='Link to: In memoriam dr. Antal Lovas (1938\u20132026)' class='av-magazine-thumbnail-link'><img decoding=\"async\" fetchpriority=\"high\" width=\"80\" height=\"80\" src=\"https:\/\/auto.bme.hu\/wp-content\/uploads\/2026\/01\/Dr._Lovas_Antal--80x80.jpg\" class=\"wp-image-9475 avia-img-lazy-loading-not-9475 attachment-thumbnail size-thumbnail wp-post-image\" alt=\"\" srcset=\"https:\/\/auto.bme.hu\/wp-content\/uploads\/2026\/01\/Dr._Lovas_Antal--80x80.jpg 80w, https:\/\/auto.bme.hu\/wp-content\/uploads\/2026\/01\/Dr._Lovas_Antal--36x36.jpg 36w, https:\/\/auto.bme.hu\/wp-content\/uploads\/2026\/01\/Dr._Lovas_Antal--180x180.jpg 180w\" sizes=\"(max-width: 80px) 100vw, 80px\" \/><\/a><\/div><div class=\"av-magazine-content-wrap\"><header class=\"entry-content-header\"><time class='av-magazine-time updated'  itemprop=\"datePublished\" datetime=\"2026-01-06T16:47:49+01:00\" >2026.01.06.<\/time><h3 class='av-magazine-title entry-title '  itemprop=\"headline\" ><a href='https:\/\/auto.bme.hu\/en\/blog\/in-memoriam-dr-antal-lovas-1938-2026\/' title='Link to: In memoriam dr. Antal Lovas (1938\u20132026)'>In memoriam dr. Antal Lovas (1938\u20132026)<\/a><\/h3><\/header><\/div><footer class=\"entry-footer\"><\/footer><\/article><article class='av-magazine-entry av-magazine-entry-id-9464 av-magazine-format-standard av-magazine-type-post av-magazine-entry-10 av-magazine-entry-small '  itemscope=\"itemscope\" itemtype=\"https:\/\/schema.org\/CreativeWork\" ><div class=\"av-magazine-thumbnail\"><a href='https:\/\/auto.bme.hu\/en\/blog\/international-research-experience-bme-phd-students-at-the-kit-upgrade-mobility-winter-school-2025\/' title='Link to: International Research Experience: BME PhD Students at the KIT UpGrade Mobility Winter School 2025' class='av-magazine-thumbnail-link'><img decoding=\"async\" fetchpriority=\"high\" width=\"80\" height=\"80\" src=\"https:\/\/auto.bme.hu\/wp-content\/uploads\/2025\/12\/hir1--80x80.jpg\" class=\"wp-image-9457 avia-img-lazy-loading-not-9457 attachment-thumbnail size-thumbnail wp-post-image\" alt=\"\" srcset=\"https:\/\/auto.bme.hu\/wp-content\/uploads\/2025\/12\/hir1--80x80.jpg 80w, https:\/\/auto.bme.hu\/wp-content\/uploads\/2025\/12\/hir1--36x36.jpg 36w, https:\/\/auto.bme.hu\/wp-content\/uploads\/2025\/12\/hir1--180x180.jpg 180w\" sizes=\"(max-width: 80px) 100vw, 80px\" \/><\/a><\/div><div class=\"av-magazine-content-wrap\"><header class=\"entry-content-header\"><time class='av-magazine-time updated'  itemprop=\"datePublished\" datetime=\"2025-12-11T17:38:35+01:00\" >2025.12.11.<\/time><h3 class='av-magazine-title entry-title '  itemprop=\"headline\" ><a href='https:\/\/auto.bme.hu\/en\/blog\/international-research-experience-bme-phd-students-at-the-kit-upgrade-mobility-winter-school-2025\/' title='Link to: International Research Experience: BME PhD Students at the KIT UpGrade Mobility Winter School 2025'>International Research Experience: BME PhD Students at the KIT UpGrade Mobility Winter School 2025<\/a><\/h3><\/header><\/div><footer class=\"entry-footer\"><\/footer><\/article><\/div><div class='av-masonry-pagination av-masonry-pagination-pagination'><nav class='pagination'><span class='pagination-meta'>Page 1 of 16<\/span><span class='current'>1<\/span><a href='https:\/\/auto.bme.hu\/en\/wp-json\/wp\/v2\/pages\/3349\/?avia-element-paging=2' class='inactive next_page' >2<\/a><a href='https:\/\/auto.bme.hu\/en\/wp-json\/wp\/v2\/pages\/3349\/?avia-element-paging=3' class='inactive' >3<\/a><a href='https:\/\/auto.bme.hu\/en\/wp-json\/wp\/v2\/pages\/3349\/?avia-element-paging=2'>&rsaquo;<\/a><a href='https:\/\/auto.bme.hu\/en\/wp-json\/wp\/v2\/pages\/3349\/?avia-element-paging=16'>&raquo;<\/a><\/nav>\n<\/div><\/div>\n","protected":false},"excerpt":{"rendered":"","protected":false},"author":8,"featured_media":0,"parent":0,"menu_order":0,"comment_status":"closed","ping_status":"closed","template":"","meta":{"footnotes":""},"class_list":["post-3349","page","type-page","status-publish","hentry"],"yoast_head":"<!-- This site is optimized with the Yoast SEO plugin v21.9.1 - https:\/\/yoast.com\/wordpress\/plugins\/seo\/ -->\n<title>News - BME G\u00e9pj\u00e1rm\u0171technol\u00f3gia Tansz\u00e9k<\/title>\n<meta name=\"robots\" content=\"index, follow, max-snippet:-1, max-image-preview:large, max-video-preview:-1\" \/>\n<link rel=\"canonical\" href=\"https:\/\/auto.bme.hu\/en\/news\/\" \/>\n<meta property=\"og:locale\" content=\"en_US\" \/>\n<meta property=\"og:type\" content=\"article\" \/>\n<meta property=\"og:title\" content=\"News - BME G\u00e9pj\u00e1rm\u0171technol\u00f3gia Tansz\u00e9k\" \/>\n<meta property=\"og:url\" content=\"https:\/\/auto.bme.hu\/en\/news\/\" \/>\n<meta property=\"og:site_name\" content=\"BME G\u00e9pj\u00e1rm\u0171technol\u00f3gia Tansz\u00e9k\" \/>\n<meta property=\"article:modified_time\" content=\"2024-05-23T10:30:59+00:00\" \/>\n<meta name=\"twitter:card\" content=\"summary_large_image\" \/>\n<meta name=\"twitter:label1\" content=\"Est. reading time\" \/>\n\t<meta name=\"twitter:data1\" content=\"3 minutes\" \/>\n<script type=\"application\/ld+json\" class=\"yoast-schema-graph\">{\"@context\":\"https:\/\/schema.org\",\"@graph\":[{\"@type\":\"WebPage\",\"@id\":\"https:\/\/auto.bme.hu\/en\/news\/\",\"url\":\"https:\/\/auto.bme.hu\/en\/news\/\",\"name\":\"News - BME G\u00e9pj\u00e1rm\u0171technol\u00f3gia Tansz\u00e9k\",\"isPartOf\":{\"@id\":\"https:\/\/auto.bme.hu\/en\/#website\"},\"datePublished\":\"2023-01-20T08:49:50+00:00\",\"dateModified\":\"2024-05-23T10:30:59+00:00\",\"breadcrumb\":{\"@id\":\"https:\/\/auto.bme.hu\/en\/news\/#breadcrumb\"},\"inLanguage\":\"en-US\",\"potentialAction\":[{\"@type\":\"ReadAction\",\"target\":[\"https:\/\/auto.bme.hu\/en\/news\/\"]}]},{\"@type\":\"BreadcrumbList\",\"@id\":\"https:\/\/auto.bme.hu\/en\/news\/#breadcrumb\",\"itemListElement\":[{\"@type\":\"ListItem\",\"position\":1,\"name\":\"Kezd\u0151lap\",\"item\":\"https:\/\/auto.bme.hu\/en\/home\/\"},{\"@type\":\"ListItem\",\"position\":2,\"name\":\"News\"}]},{\"@type\":\"WebSite\",\"@id\":\"https:\/\/auto.bme.hu\/en\/#website\",\"url\":\"https:\/\/auto.bme.hu\/en\/\",\"name\":\"BME G\u00e9pj\u00e1rm\u0171technol\u00f3gia Tansz\u00e9k\",\"description\":\"\",\"potentialAction\":[{\"@type\":\"SearchAction\",\"target\":{\"@type\":\"EntryPoint\",\"urlTemplate\":\"https:\/\/auto.bme.hu\/en\/?s={search_term_string}\"},\"query-input\":\"required name=search_term_string\"}],\"inLanguage\":\"en-US\"}]}<\/script>\n<!-- \/ Yoast SEO plugin. -->","yoast_head_json":{"title":"News - BME G\u00e9pj\u00e1rm\u0171technol\u00f3gia Tansz\u00e9k","robots":{"index":"index","follow":"follow","max-snippet":"max-snippet:-1","max-image-preview":"max-image-preview:large","max-video-preview":"max-video-preview:-1"},"canonical":"https:\/\/auto.bme.hu\/en\/news\/","og_locale":"en_US","og_type":"article","og_title":"News - BME G\u00e9pj\u00e1rm\u0171technol\u00f3gia Tansz\u00e9k","og_url":"https:\/\/auto.bme.hu\/en\/news\/","og_site_name":"BME G\u00e9pj\u00e1rm\u0171technol\u00f3gia Tansz\u00e9k","article_modified_time":"2024-05-23T10:30:59+00:00","twitter_card":"summary_large_image","twitter_misc":{"Est. reading time":"3 minutes"},"schema":{"@context":"https:\/\/schema.org","@graph":[{"@type":"WebPage","@id":"https:\/\/auto.bme.hu\/en\/news\/","url":"https:\/\/auto.bme.hu\/en\/news\/","name":"News - BME G\u00e9pj\u00e1rm\u0171technol\u00f3gia Tansz\u00e9k","isPartOf":{"@id":"https:\/\/auto.bme.hu\/en\/#website"},"datePublished":"2023-01-20T08:49:50+00:00","dateModified":"2024-05-23T10:30:59+00:00","breadcrumb":{"@id":"https:\/\/auto.bme.hu\/en\/news\/#breadcrumb"},"inLanguage":"en-US","potentialAction":[{"@type":"ReadAction","target":["https:\/\/auto.bme.hu\/en\/news\/"]}]},{"@type":"BreadcrumbList","@id":"https:\/\/auto.bme.hu\/en\/news\/#breadcrumb","itemListElement":[{"@type":"ListItem","position":1,"name":"Kezd\u0151lap","item":"https:\/\/auto.bme.hu\/en\/home\/"},{"@type":"ListItem","position":2,"name":"News"}]},{"@type":"WebSite","@id":"https:\/\/auto.bme.hu\/en\/#website","url":"https:\/\/auto.bme.hu\/en\/","name":"BME G\u00e9pj\u00e1rm\u0171technol\u00f3gia Tansz\u00e9k","description":"","potentialAction":[{"@type":"SearchAction","target":{"@type":"EntryPoint","urlTemplate":"https:\/\/auto.bme.hu\/en\/?s={search_term_string}"},"query-input":"required name=search_term_string"}],"inLanguage":"en-US"}]}},"_links":{"self":[{"href":"https:\/\/auto.bme.hu\/en\/wp-json\/wp\/v2\/pages\/3349","targetHints":{"allow":["GET"]}}],"collection":[{"href":"https:\/\/auto.bme.hu\/en\/wp-json\/wp\/v2\/pages"}],"about":[{"href":"https:\/\/auto.bme.hu\/en\/wp-json\/wp\/v2\/types\/page"}],"author":[{"embeddable":true,"href":"https:\/\/auto.bme.hu\/en\/wp-json\/wp\/v2\/users\/8"}],"replies":[{"embeddable":true,"href":"https:\/\/auto.bme.hu\/en\/wp-json\/wp\/v2\/comments?post=3349"}],"version-history":[{"count":5,"href":"https:\/\/auto.bme.hu\/en\/wp-json\/wp\/v2\/pages\/3349\/revisions"}],"predecessor-version":[{"id":6709,"href":"https:\/\/auto.bme.hu\/en\/wp-json\/wp\/v2\/pages\/3349\/revisions\/6709"}],"wp:attachment":[{"href":"https:\/\/auto.bme.hu\/en\/wp-json\/wp\/v2\/media?parent=3349"}],"curies":[{"name":"wp","href":"https:\/\/api.w.org\/{rel}","templated":true}]}}