{"id":5410,"date":"2023-10-26T16:57:27","date_gmt":"2023-10-26T14:57:27","guid":{"rendered":"https:\/\/auto.bme.hu\/research\/innovativ-jarmutechnologiak\/"},"modified":"2025-08-26T13:52:29","modified_gmt":"2025-08-26T11:52:29","slug":"innovative-vehicle-technologies","status":"publish","type":"page","link":"https:\/\/auto.bme.hu\/en\/research\/innovative-vehicle-technologies\/","title":{"rendered":"Innovative Vehicle Technologies"},"content":{"rendered":"\n<style type=\"text\/css\" data-created_by=\"avia_inline_auto\" id=\"style-css-av-8exw-4a5b80275161d3b5d98e403281f05cc6\">\n.avia-section.av-8exw-4a5b80275161d3b5d98e403281f05cc6{\nbackground-color:#ffffff;\nbackground-image:unset;\n}\n<\/style>\n<div id='av_section_1'  class='avia-section av-8exw-4a5b80275161d3b5d98e403281f05cc6 main_color avia-section-default avia-no-border-styling  avia-builder-el-0  avia-builder-el-no-sibling  felepites avia-bg-style-scroll container_wrap sidebar_right'  ><div class='container av-section-cont-open' ><main  role=\"main\" itemprop=\"mainContentOfPage\"  class='template-page content  av-content-small alpha units'><div class='post-entry post-entry-type-page post-entry-5410'><div class='entry-content-wrapper clearfix'>\n\n<style type=\"text\/css\" data-created_by=\"avia_inline_auto\" id=\"style-css-av-316l36-ee63c0eea3fcecd172319f483da73e68\">\n#top .av-special-heading.av-316l36-ee63c0eea3fcecd172319f483da73e68{\npadding-bottom:10px;\n}\nbody .av-special-heading.av-316l36-ee63c0eea3fcecd172319f483da73e68 .av-special-heading-tag .heading-char{\nfont-size:25px;\n}\n.av-special-heading.av-316l36-ee63c0eea3fcecd172319f483da73e68 .av-subheading{\nfont-size:15px;\n}\n<\/style>\n<div  class='av-special-heading av-316l36-ee63c0eea3fcecd172319f483da73e68 av-special-heading-h2  avia-builder-el-1  el_before_av_two_third  avia-builder-el-first '><h2 class='av-special-heading-tag'  itemprop=\"headline\"  >Innovative Vehicle Technologies<\/h2><div class=\"special-heading-border\"><div class=\"special-heading-inner-border\"><\/div><\/div><\/div>\n\n<style type=\"text\/css\" data-created_by=\"avia_inline_auto\" id=\"style-css-av-1uxbfz-aad012e21121fd4d5e8d7d1e9813be1a\">\n.flex_column.av-1uxbfz-aad012e21121fd4d5e8d7d1e9813be1a{\nborder-radius:0px 0px 0px 0px;\npadding:0px 0px 0px 0px;\n}\n<\/style>\n<div  class='flex_column av-1uxbfz-aad012e21121fd4d5e8d7d1e9813be1a av_two_third  avia-builder-el-2  el_after_av_heading  el_before_av_two_third  first flex_column_div av-zero-column-padding  '     ><section  class='av_textblock_section av-kjoddx8f-42f03f383ec692a83fd865f00884b8fc '   itemscope=\"itemscope\" itemtype=\"https:\/\/schema.org\/CreativeWork\" ><div class='avia_textblock'  itemprop=\"text\" ><\/div><\/section><\/div>\n<style type=\"text\/css\" data-created_by=\"avia_inline_auto\" id=\"style-css-av-1uxbfz-7-54773e2a95f25bfb081abfc3934e222f\">\n.flex_column.av-1uxbfz-7-54773e2a95f25bfb081abfc3934e222f{\nborder-radius:0px 0px 0px 0px;\npadding:0px 0px 0px 0px;\n}\n<\/style>\n<div  class='flex_column av-1uxbfz-7-54773e2a95f25bfb081abfc3934e222f av_two_third  avia-builder-el-4  el_after_av_two_third  el_before_av_one_third  first flex_column_div av-zero-column-padding  column-top-margin'     ><p><section  class='av_textblock_section av-kjoddx8f-6-d60b3256389637e25619283645310330 '   itemscope=\"itemscope\" itemtype=\"https:\/\/schema.org\/CreativeWork\" ><div class='avia_textblock'  itemprop=\"text\" ><p><strong>The main professional and research areas<\/strong><\/p>\n<p><span>Building on the traditional research areas of the Department of Automotive Engineering, the research team researches, develops and teaches together with the automotive industry with a strong powertrain focus. In addition to traditional powertrains and fuels, our business focuses on new powertrains and fuels in addition to hybrid and electric vehicles. In our projects, in addition to SMEs with a Hungarian background, we work with international multinational companies. We use our high-quality tools not only in research but also in education.<\/span><\/p>\n<p><strong>Key industrial partnerships, most significant projects<\/strong><\/p>\n<p>The most important industrial partners of the research group are Bosch Group, Knorr Bremse, Audi Hung\u00e1ria Zrt. and MouldTech Kft. The industrial collaborations create a real demand for competence from the market through intensive R&amp;D innovation cooperation, thus ensuring the need for highly qualified new engineers.<\/p>\n<p><strong>Key results that are also of industrial use<\/strong><\/p>\n<ul>\n<li>Drive train optimisation (Bosch eAxle)<\/li>\n<li>Hybrid drive systems (electro-hydraulic drive)<\/li>\n<li>Bootcamp training in eMobility<\/li>\n<li>Race car suspension (Tipo EV)<\/li>\n<li>New fuel formulations<\/li>\n<\/ul>\n<p><strong>The research team&#8217;s relations with students<\/strong><\/p>\n<p>The research team also involves MSc and PhD students.<\/p>\n<\/div><\/section><br \/>\n\n<style type=\"text\/css\" data-created_by=\"avia_inline_auto\" id=\"style-css-av-lnn6suaf-2fa679e2ccf508e711803cb2420a8074\">\n#top .hr.hr-invisible.av-lnn6suaf-2fa679e2ccf508e711803cb2420a8074{\nheight:10px;\n}\n<\/style>\n<div  class='hr av-lnn6suaf-2fa679e2ccf508e711803cb2420a8074 hr-invisible  avia-builder-el-6  el_after_av_textblock  el_before_av_hr '><span class='hr-inner '><span class=\"hr-inner-style\"><\/span><\/span><\/div><br \/>\n\n<style type=\"text\/css\" data-created_by=\"avia_inline_auto\" id=\"style-css-av-lnn6suaf-5-8b984da3f8b9f2a3809959f4518ff49e\">\n#top .hr.hr-invisible.av-lnn6suaf-5-8b984da3f8b9f2a3809959f4518ff49e{\nheight:10px;\n}\n<\/style>\n<div  class='hr av-lnn6suaf-5-8b984da3f8b9f2a3809959f4518ff49e hr-invisible  avia-builder-el-7  el_after_av_hr  el_before_av_button '><span class='hr-inner '><span class=\"hr-inner-style\"><\/span><\/span><\/div><br \/>\n<div  class='avia-button-wrap av-kkif9zkn-4-4202000a96026dcc9484455bafd1c4b9-wrap avia-button-center  avia-builder-el-8  el_after_av_hr  avia-builder-el-last '><a href='https:\/\/competence.bme.hu\/research-groups\/130-innovative-vehicle-technology-research-group\/' class='avia-button av-kkif9zkn-4-4202000a96026dcc9484455bafd1c4b9 avia-icon_select-yes-right-icon avia-size-medium avia-position-center avia-color-theme-color' target=\"_blank\" rel=\"noopener noreferrer\"><span class='avia_iconbox_title' >BME Competence Map<\/span><span class='avia_button_icon avia_button_icon_right' aria-hidden='true' data-av_icon='\ue844' data-av_iconfont='entypo-fontello'><\/span><\/a><\/div><\/p><\/div>\n<style type=\"text\/css\" data-created_by=\"avia_inline_auto\" id=\"style-css-av-1ov26v-f72f04b16e0e9b8535718d6a2f72daf5\">\n.flex_column.av-1ov26v-f72f04b16e0e9b8535718d6a2f72daf5{\nborder-radius:0px 0px 0px 0px;\npadding:0px 0px 0px 0px;\n}\n<\/style>\n<div  class='flex_column av-1ov26v-f72f04b16e0e9b8535718d6a2f72daf5 av_one_third  avia-builder-el-9  el_after_av_two_third  avia-builder-el-last  flex_column_div av-zero-column-padding  column-top-margin'     ><p>\n<style type=\"text\/css\" data-created_by=\"avia_inline_auto\" id=\"style-css-av-lnn6pl9f-adf0611b0ae6fc8a7a164932acb2ad9b\">\n.avia-image-container.av-lnn6pl9f-adf0611b0ae6fc8a7a164932acb2ad9b img.avia_image{\nbox-shadow:none;\n}\n.avia-image-container.av-lnn6pl9f-adf0611b0ae6fc8a7a164932acb2ad9b .av-image-caption-overlay-center{\ncolor:#ffffff;\n}\n<\/style>\n<div  class='avia-image-container av-lnn6pl9f-adf0611b0ae6fc8a7a164932acb2ad9b av-styling- av-hover-grow av-hide-overflow avia-align-center  avia-builder-el-10  el_before_av_hr  avia-builder-el-first '   itemprop=\"image\" itemscope=\"itemscope\" itemtype=\"https:\/\/schema.org\/ImageObject\" ><div class=\"avia-image-container-inner\"><div class=\"avia-image-overlay-wrap\"><img decoding=\"async\" fetchpriority=\"high\" class='wp-image-5080 avia-img-lazy-loading-not-5080 avia_image ' src=\"https:\/\/auto.bme.hu\/wp-content\/uploads\/2023\/10\/Innovativ_Gepjarmutechnologiak.jpg\" alt='' title='Innovativ_Gepjarmutechnologiak'  height=\"1081\" width=\"804\"  itemprop=\"thumbnailUrl\" srcset=\"https:\/\/auto.bme.hu\/wp-content\/uploads\/2023\/10\/Innovativ_Gepjarmutechnologiak.jpg 804w, https:\/\/auto.bme.hu\/wp-content\/uploads\/2023\/10\/Innovativ_Gepjarmutechnologiak-223x300.jpg 223w, https:\/\/auto.bme.hu\/wp-content\/uploads\/2023\/10\/Innovativ_Gepjarmutechnologiak-766x1030.jpg 766w, https:\/\/auto.bme.hu\/wp-content\/uploads\/2023\/10\/Innovativ_Gepjarmutechnologiak-768x1033.jpg 768w\" sizes=\"(max-width: 804px) 100vw, 804px\" \/><\/div><\/div><\/div><br \/>\n\n<style type=\"text\/css\" data-created_by=\"avia_inline_auto\" id=\"style-css-av-lnn6suaf-3-940a3e79d0e297f23971674d3451cd75\">\n#top .hr.hr-invisible.av-lnn6suaf-3-940a3e79d0e297f23971674d3451cd75{\nheight:10px;\n}\n<\/style>\n<div  class='hr av-lnn6suaf-3-940a3e79d0e297f23971674d3451cd75 hr-invisible  avia-builder-el-11  el_after_av_image  el_before_av_image '><span class='hr-inner '><span class=\"hr-inner-style\"><\/span><\/span><\/div><br \/>\n\n<style type=\"text\/css\" data-created_by=\"avia_inline_auto\" id=\"style-css-av-lnn6pl9f-2-5a2ff32f71d017fa90fb4937069ed8e1\">\n.avia-image-container.av-lnn6pl9f-2-5a2ff32f71d017fa90fb4937069ed8e1 img.avia_image{\nbox-shadow:none;\n}\n.avia-image-container.av-lnn6pl9f-2-5a2ff32f71d017fa90fb4937069ed8e1 .av-image-caption-overlay-center{\ncolor:#ffffff;\n}\n<\/style>\n<div  class='avia-image-container av-lnn6pl9f-2-5a2ff32f71d017fa90fb4937069ed8e1 av-styling- av-hover-grow av-hide-overflow avia-align-center  avia-builder-el-12  el_after_av_hr  el_before_av_hr '   itemprop=\"image\" itemscope=\"itemscope\" itemtype=\"https:\/\/schema.org\/ImageObject\" ><div class=\"avia-image-container-inner\"><div class=\"avia-image-overlay-wrap\"><img decoding=\"async\" fetchpriority=\"high\" class='wp-image-5153 avia-img-lazy-loading-not-5153 avia_image ' src=\"https:\/\/auto.bme.hu\/wp-content\/uploads\/2023\/10\/E-TIPO.jpg\" alt='' title='E-TIPO'  height=\"379\" width=\"648\"  itemprop=\"thumbnailUrl\" srcset=\"https:\/\/auto.bme.hu\/wp-content\/uploads\/2023\/10\/E-TIPO.jpg 648w, https:\/\/auto.bme.hu\/wp-content\/uploads\/2023\/10\/E-TIPO-300x175.jpg 300w\" sizes=\"(max-width: 648px) 100vw, 648px\" \/><\/div><\/div><\/div><br \/>\n\n<style type=\"text\/css\" data-created_by=\"avia_inline_auto\" id=\"style-css-av-lnn6suaf-1-3d6e05dcfbe2fc1ae65aeaea839afe01\">\n#top .hr.hr-invisible.av-lnn6suaf-1-3d6e05dcfbe2fc1ae65aeaea839afe01{\nheight:10px;\n}\n<\/style>\n<div  class='hr av-lnn6suaf-1-3d6e05dcfbe2fc1ae65aeaea839afe01 hr-invisible  avia-builder-el-13  el_after_av_image  avia-builder-el-last '><span class='hr-inner '><span class=\"hr-inner-style\"><\/span><\/span><\/div><\/p><\/div><\/div><\/div><\/main><!-- close content main element --><\/div><\/div><div id='after_section_1'  class='main_color av_default_container_wrap container_wrap sidebar_right'  ><div class='container av-section-cont-open' ><div class='template-page content  av-content-small alpha units'><div class='post-entry post-entry-type-page post-entry-5410'><div class='entry-content-wrapper clearfix'>\n","protected":false},"excerpt":{"rendered":"","protected":false},"author":17,"featured_media":0,"parent":1012,"menu_order":0,"comment_status":"closed","ping_status":"closed","template":"","meta":{"footnotes":""},"class_list":["post-5410","page","type-page","status-publish","hentry"],"yoast_head":"<!-- This site is optimized with the Yoast SEO plugin v21.9.1 - https:\/\/yoast.com\/wordpress\/plugins\/seo\/ -->\n<title>Innovative Vehicle Technologies - BME G\u00e9pj\u00e1rm\u0171technol\u00f3gia Tansz\u00e9k<\/title>\n<meta name=\"description\" content=\"In addition to traditional powertrains and fuels, our business focuses on new powertrains and fuels in addition to hybrid and electric vehicles.\" \/>\n<meta name=\"robots\" content=\"index, follow, max-snippet:-1, max-image-preview:large, max-video-preview:-1\" \/>\n<link rel=\"canonical\" href=\"https:\/\/auto.bme.hu\/en\/research\/innovative-vehicle-technologies\/\" \/>\n<meta property=\"og:locale\" content=\"en_US\" \/>\n<meta property=\"og:type\" content=\"article\" \/>\n<meta property=\"og:title\" content=\"Innovative Vehicle Technologies - BME G\u00e9pj\u00e1rm\u0171technol\u00f3gia Tansz\u00e9k\" \/>\n<meta property=\"og:description\" content=\"In addition to traditional powertrains and fuels, our business focuses on new powertrains and fuels in addition to hybrid and electric vehicles.\" \/>\n<meta property=\"og:url\" content=\"https:\/\/auto.bme.hu\/en\/research\/innovative-vehicle-technologies\/\" \/>\n<meta property=\"og:site_name\" content=\"BME G\u00e9pj\u00e1rm\u0171technol\u00f3gia Tansz\u00e9k\" \/>\n<meta property=\"article:modified_time\" content=\"2025-08-26T11:52:29+00:00\" \/>\n<meta name=\"twitter:card\" content=\"summary_large_image\" \/>\n<meta name=\"twitter:label1\" content=\"Est. reading time\" \/>\n\t<meta name=\"twitter:data1\" content=\"2 minutes\" \/>\n<script type=\"application\/ld+json\" class=\"yoast-schema-graph\">{\"@context\":\"https:\/\/schema.org\",\"@graph\":[{\"@type\":\"WebPage\",\"@id\":\"https:\/\/auto.bme.hu\/en\/research\/innovative-vehicle-technologies\/\",\"url\":\"https:\/\/auto.bme.hu\/en\/research\/innovative-vehicle-technologies\/\",\"name\":\"Innovative Vehicle Technologies - BME G\u00e9pj\u00e1rm\u0171technol\u00f3gia Tansz\u00e9k\",\"isPartOf\":{\"@id\":\"https:\/\/auto.bme.hu\/en\/#website\"},\"datePublished\":\"2023-10-26T14:57:27+00:00\",\"dateModified\":\"2025-08-26T11:52:29+00:00\",\"description\":\"In addition to traditional powertrains and fuels, our business focuses on new powertrains and fuels in addition to hybrid and electric vehicles.\",\"breadcrumb\":{\"@id\":\"https:\/\/auto.bme.hu\/en\/research\/innovative-vehicle-technologies\/#breadcrumb\"},\"inLanguage\":\"en-US\",\"potentialAction\":[{\"@type\":\"ReadAction\",\"target\":[\"https:\/\/auto.bme.hu\/en\/research\/innovative-vehicle-technologies\/\"]}]},{\"@type\":\"BreadcrumbList\",\"@id\":\"https:\/\/auto.bme.hu\/en\/research\/innovative-vehicle-technologies\/#breadcrumb\",\"itemListElement\":[{\"@type\":\"ListItem\",\"position\":1,\"name\":\"Kezd\u0151lap\",\"item\":\"https:\/\/auto.bme.hu\/en\/home\/\"},{\"@type\":\"ListItem\",\"position\":2,\"name\":\"Research\",\"item\":\"https:\/\/auto.bme.hu\/en\/research\/\"},{\"@type\":\"ListItem\",\"position\":3,\"name\":\"Innovative Vehicle Technologies\"}]},{\"@type\":\"WebSite\",\"@id\":\"https:\/\/auto.bme.hu\/en\/#website\",\"url\":\"https:\/\/auto.bme.hu\/en\/\",\"name\":\"BME G\u00e9pj\u00e1rm\u0171technol\u00f3gia Tansz\u00e9k\",\"description\":\"\",\"potentialAction\":[{\"@type\":\"SearchAction\",\"target\":{\"@type\":\"EntryPoint\",\"urlTemplate\":\"https:\/\/auto.bme.hu\/en\/?s={search_term_string}\"},\"query-input\":\"required name=search_term_string\"}],\"inLanguage\":\"en-US\"}]}<\/script>\n<!-- \/ Yoast SEO plugin. -->","yoast_head_json":{"title":"Innovative Vehicle Technologies - BME G\u00e9pj\u00e1rm\u0171technol\u00f3gia Tansz\u00e9k","description":"In addition to traditional powertrains and fuels, our business focuses on new powertrains and fuels in addition to hybrid and electric vehicles.","robots":{"index":"index","follow":"follow","max-snippet":"max-snippet:-1","max-image-preview":"max-image-preview:large","max-video-preview":"max-video-preview:-1"},"canonical":"https:\/\/auto.bme.hu\/en\/research\/innovative-vehicle-technologies\/","og_locale":"en_US","og_type":"article","og_title":"Innovative Vehicle Technologies - BME G\u00e9pj\u00e1rm\u0171technol\u00f3gia Tansz\u00e9k","og_description":"In addition to traditional powertrains and fuels, our business focuses on new powertrains and fuels in addition to hybrid and electric vehicles.","og_url":"https:\/\/auto.bme.hu\/en\/research\/innovative-vehicle-technologies\/","og_site_name":"BME G\u00e9pj\u00e1rm\u0171technol\u00f3gia Tansz\u00e9k","article_modified_time":"2025-08-26T11:52:29+00:00","twitter_card":"summary_large_image","twitter_misc":{"Est. reading time":"2 minutes"},"schema":{"@context":"https:\/\/schema.org","@graph":[{"@type":"WebPage","@id":"https:\/\/auto.bme.hu\/en\/research\/innovative-vehicle-technologies\/","url":"https:\/\/auto.bme.hu\/en\/research\/innovative-vehicle-technologies\/","name":"Innovative Vehicle Technologies - BME G\u00e9pj\u00e1rm\u0171technol\u00f3gia Tansz\u00e9k","isPartOf":{"@id":"https:\/\/auto.bme.hu\/en\/#website"},"datePublished":"2023-10-26T14:57:27+00:00","dateModified":"2025-08-26T11:52:29+00:00","description":"In addition to traditional powertrains and fuels, our business focuses on new powertrains and fuels in addition to hybrid and electric vehicles.","breadcrumb":{"@id":"https:\/\/auto.bme.hu\/en\/research\/innovative-vehicle-technologies\/#breadcrumb"},"inLanguage":"en-US","potentialAction":[{"@type":"ReadAction","target":["https:\/\/auto.bme.hu\/en\/research\/innovative-vehicle-technologies\/"]}]},{"@type":"BreadcrumbList","@id":"https:\/\/auto.bme.hu\/en\/research\/innovative-vehicle-technologies\/#breadcrumb","itemListElement":[{"@type":"ListItem","position":1,"name":"Kezd\u0151lap","item":"https:\/\/auto.bme.hu\/en\/home\/"},{"@type":"ListItem","position":2,"name":"Research","item":"https:\/\/auto.bme.hu\/en\/research\/"},{"@type":"ListItem","position":3,"name":"Innovative Vehicle Technologies"}]},{"@type":"WebSite","@id":"https:\/\/auto.bme.hu\/en\/#website","url":"https:\/\/auto.bme.hu\/en\/","name":"BME G\u00e9pj\u00e1rm\u0171technol\u00f3gia Tansz\u00e9k","description":"","potentialAction":[{"@type":"SearchAction","target":{"@type":"EntryPoint","urlTemplate":"https:\/\/auto.bme.hu\/en\/?s={search_term_string}"},"query-input":"required name=search_term_string"}],"inLanguage":"en-US"}]}},"_links":{"self":[{"href":"https:\/\/auto.bme.hu\/en\/wp-json\/wp\/v2\/pages\/5410","targetHints":{"allow":["GET"]}}],"collection":[{"href":"https:\/\/auto.bme.hu\/en\/wp-json\/wp\/v2\/pages"}],"about":[{"href":"https:\/\/auto.bme.hu\/en\/wp-json\/wp\/v2\/types\/page"}],"author":[{"embeddable":true,"href":"https:\/\/auto.bme.hu\/en\/wp-json\/wp\/v2\/users\/17"}],"replies":[{"embeddable":true,"href":"https:\/\/auto.bme.hu\/en\/wp-json\/wp\/v2\/comments?post=5410"}],"version-history":[{"count":7,"href":"https:\/\/auto.bme.hu\/en\/wp-json\/wp\/v2\/pages\/5410\/revisions"}],"predecessor-version":[{"id":8777,"href":"https:\/\/auto.bme.hu\/en\/wp-json\/wp\/v2\/pages\/5410\/revisions\/8777"}],"up":[{"embeddable":true,"href":"https:\/\/auto.bme.hu\/en\/wp-json\/wp\/v2\/pages\/1012"}],"wp:attachment":[{"href":"https:\/\/auto.bme.hu\/en\/wp-json\/wp\/v2\/media?parent=5410"}],"curies":[{"name":"wp","href":"https:\/\/api.w.org\/{rel}","templated":true}]}}