{"id":5456,"date":"2023-10-26T17:17:32","date_gmt":"2023-10-26T15:17:32","guid":{"rendered":"https:\/\/auto.bme.hu\/biztonsagtechnologia\/"},"modified":"2023-11-29T14:49:28","modified_gmt":"2023-11-29T13:49:28","slug":"safetysecurity","status":"publish","type":"page","link":"https:\/\/auto.bme.hu\/en\/safetysecurity\/","title":{"rendered":"Safety &#038; Security"},"content":{"rendered":"\n<style type=\"text\/css\" data-created_by=\"avia_inline_auto\" id=\"style-css-av-8exw-4a5b80275161d3b5d98e403281f05cc6\">\n.avia-section.av-8exw-4a5b80275161d3b5d98e403281f05cc6{\nbackground-color:#ffffff;\nbackground-image:unset;\n}\n<\/style>\n<div id='av_section_1'  class='avia-section av-8exw-4a5b80275161d3b5d98e403281f05cc6 main_color avia-section-default avia-no-border-styling  avia-builder-el-0  avia-builder-el-no-sibling  felepites avia-bg-style-scroll container_wrap sidebar_right'  ><div class='container av-section-cont-open' ><main  role=\"main\" itemprop=\"mainContentOfPage\"  class='template-page content  av-content-small alpha units'><div class='post-entry post-entry-type-page post-entry-5456'><div class='entry-content-wrapper clearfix'>\n\n<style type=\"text\/css\" data-created_by=\"avia_inline_auto\" id=\"style-css-av-lpjtfodb-9ed1d26ef137e1dd08d1ae06c0370edf\">\n#top .av-special-heading.av-lpjtfodb-9ed1d26ef137e1dd08d1ae06c0370edf{\npadding-bottom:10px;\n}\nbody .av-special-heading.av-lpjtfodb-9ed1d26ef137e1dd08d1ae06c0370edf .av-special-heading-tag .heading-char{\nfont-size:25px;\n}\n.av-special-heading.av-lpjtfodb-9ed1d26ef137e1dd08d1ae06c0370edf .av-subheading{\nfont-size:15px;\n}\n<\/style>\n<div  class='av-special-heading av-lpjtfodb-9ed1d26ef137e1dd08d1ae06c0370edf av-special-heading-h2  avia-builder-el-1  el_before_av_one_full  avia-builder-el-first '><h2 class='av-special-heading-tag'  itemprop=\"headline\"  >Safety and Security<\/h2><div class=\"special-heading-border\"><div class=\"special-heading-inner-border\"><\/div><\/div><\/div>\n\n<style type=\"text\/css\" data-created_by=\"avia_inline_auto\" id=\"style-css-av-20uplc-c3c3c5d8524101fe77ab27aa3e0549e9\">\n.flex_column.av-20uplc-c3c3c5d8524101fe77ab27aa3e0549e9{\nborder-radius:0px 0px 0px 0px;\npadding:0px 0px 0px 0px;\n}\n<\/style>\n<div  class='flex_column av-20uplc-c3c3c5d8524101fe77ab27aa3e0549e9 av_one_full  avia-builder-el-2  el_after_av_heading  el_before_av_two_third  first flex_column_div av-zero-column-padding  '     ><section  class='av_textblock_section av-kjoddx8f-7993c56b6514c0d8b7b7c448c3dbde65 '   itemscope=\"itemscope\" itemtype=\"https:\/\/schema.org\/CreativeWork\" ><div class='avia_textblock'  itemprop=\"text\" ><p><b>Team leader: T\u00f6r\u00f6k \u00c1rp\u00e1d, PhD<\/b><\/p>\n<\/div><\/section><\/div>\n<style type=\"text\/css\" data-created_by=\"avia_inline_auto\" id=\"style-css-av-4awhr-20753dc474b704061ffa5e613f627b5a\">\n.flex_column.av-4awhr-20753dc474b704061ffa5e613f627b5a{\nborder-radius:0px 0px 0px 0px;\npadding:0px 0px 0px 0px;\n}\n<\/style>\n<div  class='flex_column av-4awhr-20753dc474b704061ffa5e613f627b5a av_two_third  avia-builder-el-4  el_after_av_one_full  el_before_av_one_third  first flex_column_div av-zero-column-padding  column-top-margin'     ><section  class='av_textblock_section av-kjoddx8f-7993c56b6514c0d8b7b7c448c3dbde65 '   itemscope=\"itemscope\" itemtype=\"https:\/\/schema.org\/CreativeWork\" ><div class='avia_textblock'  itemprop=\"text\" ><h3><img loading=\"lazy\" decoding=\"async\" src=\"https:\/\/auto.bme.hu\/wp-content\/uploads\/2023\/11\/Torok_Arpad-1-824x1030.jpg\" alt=\"\" width=\"364\" height=\"455\" class=\"alignleft wp-image-5298\" srcset=\"https:\/\/auto.bme.hu\/wp-content\/uploads\/2023\/11\/Torok_Arpad-1-824x1030.jpg 824w, https:\/\/auto.bme.hu\/wp-content\/uploads\/2023\/11\/Torok_Arpad-1-240x300.jpg 240w, https:\/\/auto.bme.hu\/wp-content\/uploads\/2023\/11\/Torok_Arpad-1-768x960.jpg 768w, https:\/\/auto.bme.hu\/wp-content\/uploads\/2023\/11\/Torok_Arpad-1-1228x1536.jpg 1228w, https:\/\/auto.bme.hu\/wp-content\/uploads\/2023\/11\/Torok_Arpad-1.jpg 1522w\" sizes=\"auto, (max-width: 364px) 100vw, 364px\" \/><\/h3>\n<p><strong>The main professional and research areas<\/strong><\/p>\n<p>Our research group&#8217;s activities cover the whole field of automotive safety and we have traditionally maintained good relations with the Hungarian automotive ecosystem (in particular with the most important TIER1 market players). Thanks to the cooperation with the domestic automotive industry, our research group has access to cutting-edge solutions and methods applied and developed in the field of automotive cybersecurity. In our research, we pay particular attention to the synergies and interactions between automotive cybersecurity and reliability. Accordingly, we focus our research resources on the development of integrated design and analysis methodologies that take into account the requirements of both the safety and cyber-safety domains. In addition, our team has outstanding competences in accident reconstruction and forensic expertise. In this area, we work on the development of methods for the assessment of accidents involving highly automated vehicles (including accident reconstruction methods, the most relevant conflict types and liability issues).<\/p>\n<p><strong>Key industrial partnerships, most significant projects<\/strong><\/p>\n<p>During the MASPOV project, we developed methods, tools and know-how to assess the safety characteristics of vehicles in collaboration with Ukatemi Technologies. This included the identification of test methods and tools that can be used to assess the cyber security of vehicles and the development of new security assessment methods and tools.<\/p>\n<p>We collaborated with Microsec on the adaptation of public key infrastructure-based authentication solutions for automotive systems. As a result, we defined the process for the domestic deployment of the standard automotive wireless communication device under investigation and illustrated the applicability of the method through the demonstration of a test scenario.<\/p>\n<p><strong>Key results that are also of industrial use<\/strong><\/p>\n<ul><\/ul>\n<p>The patenting process for an integrated testing methodology for vehicle-to-vehicle wireless communication for vehicle safety and cyber security is underway. Industrial exploitation is underway.<\/p>\n<p>The technical expertise of our research team is constantly requested by the industry, especially with regard to vehicle breakdowns and accidents that cause significant damage.<\/p>\n<p><strong>The research team\u2019s relations with students<\/strong><\/p>\n<p>We continuously involve BSc and MSc students in our research. In this way, we give young talent the opportunity to find a specialism that matches their interests. We also support the selection and recruitment of talented students by organising the Safety First! competition, which gives students the opportunity to learn about and deal with tasks and problems outside the framework of organised education, which can be useful in their future careers.<\/p>\n<\/div><\/section><br \/>\n\n<style type=\"text\/css\" data-created_by=\"avia_inline_auto\" id=\"style-css-av-lnn6suaf-2fa679e2ccf508e711803cb2420a8074\">\n#top .hr.hr-invisible.av-lnn6suaf-2fa679e2ccf508e711803cb2420a8074{\nheight:10px;\n}\n<\/style>\n<div  class='hr av-lnn6suaf-2fa679e2ccf508e711803cb2420a8074 hr-invisible  avia-builder-el-6  el_after_av_textblock  el_before_av_button '><span class='hr-inner '><span class=\"hr-inner-style\"><\/span><\/span><\/div><br \/>\n<div  class='avia-button-wrap av-kkif9zkn-b9f8df15b8d3f65635e674d1fa3e933c-wrap avia-button-center  avia-builder-el-7  el_after_av_hr  el_before_av_hr '><a href='https:\/\/competence.bme.hu\/research-groups\/129-automotive-safety-and-security-research-group\/' class='avia-button av-kkif9zkn-b9f8df15b8d3f65635e674d1fa3e933c avia-icon_select-yes-right-icon avia-size-medium avia-position-center avia-color-theme-color' target=\"_blank\" rel=\"noopener noreferrer\"><span class='avia_iconbox_title' >BME competence map<\/span><span class='avia_button_icon avia_button_icon_right' aria-hidden='true' data-av_icon='\ue844' data-av_iconfont='entypo-fontello'><\/span><\/a><\/div><br \/>\n\n<style type=\"text\/css\" data-created_by=\"avia_inline_auto\" id=\"style-css-av-lnn6suaf-2fa679e2ccf508e711803cb2420a8074\">\n#top .hr.hr-invisible.av-lnn6suaf-2fa679e2ccf508e711803cb2420a8074{\nheight:10px;\n}\n<\/style>\n<div  class='hr av-lnn6suaf-2fa679e2ccf508e711803cb2420a8074 hr-invisible  avia-builder-el-8  el_after_av_button  avia-builder-el-last '><span class='hr-inner '><span class=\"hr-inner-style\"><\/span><\/span><\/div><\/p><\/div>\n<style type=\"text\/css\" data-created_by=\"avia_inline_auto\" id=\"style-css-av-10t9zb-3101b05e628173b171ae1f8028ffde7e\">\n.flex_column.av-10t9zb-3101b05e628173b171ae1f8028ffde7e{\nborder-radius:0px 0px 0px 0px;\npadding:0px 0px 0px 0px;\n}\n<\/style>\n<div  class='flex_column av-10t9zb-3101b05e628173b171ae1f8028ffde7e av_one_third  avia-builder-el-9  el_after_av_two_third  avia-builder-el-last  flex_column_div av-zero-column-padding  column-top-margin'     ><p>\n<style type=\"text\/css\" data-created_by=\"avia_inline_auto\" id=\"style-css-av-lnn6pl9f-c91950126ce04fa5e52cd9266f7afc57\">\n.avia-image-container.av-lnn6pl9f-c91950126ce04fa5e52cd9266f7afc57 img.avia_image{\nbox-shadow:none;\n}\n.avia-image-container.av-lnn6pl9f-c91950126ce04fa5e52cd9266f7afc57 .av-image-caption-overlay-center{\ncolor:#ffffff;\n}\n<\/style>\n<div  class='avia-image-container av-lnn6pl9f-c91950126ce04fa5e52cd9266f7afc57 av-styling- av-hover-grow av-hide-overflow avia-align-center  avia-builder-el-10  el_before_av_hr  avia-builder-el-first '   itemprop=\"image\" itemscope=\"itemscope\" itemtype=\"https:\/\/schema.org\/ImageObject\" ><div class=\"avia-image-container-inner\"><div class=\"avia-image-overlay-wrap\"><img decoding=\"async\" fetchpriority=\"high\" class='wp-image-5091 avia-img-lazy-loading-not-5091 avia_image ' src=\"https:\/\/auto.bme.hu\/wp-content\/uploads\/2023\/10\/Safety-security.jpg\" alt='' title='Safety-security'  height=\"871\" width=\"657\"  itemprop=\"thumbnailUrl\" srcset=\"https:\/\/auto.bme.hu\/wp-content\/uploads\/2023\/10\/Safety-security.jpg 657w, https:\/\/auto.bme.hu\/wp-content\/uploads\/2023\/10\/Safety-security-226x300.jpg 226w\" sizes=\"(max-width: 657px) 100vw, 657px\" \/><\/div><\/div><\/div><br \/>\n\n<style type=\"text\/css\" data-created_by=\"avia_inline_auto\" id=\"style-css-av-lnn6suaf-2fa679e2ccf508e711803cb2420a8074\">\n#top .hr.hr-invisible.av-lnn6suaf-2fa679e2ccf508e711803cb2420a8074{\nheight:10px;\n}\n<\/style>\n<div  class='hr av-lnn6suaf-2fa679e2ccf508e711803cb2420a8074 hr-invisible  avia-builder-el-11  el_after_av_image  el_before_av_image '><span class='hr-inner '><span class=\"hr-inner-style\"><\/span><\/span><\/div><br \/>\n\n<style type=\"text\/css\" data-created_by=\"avia_inline_auto\" id=\"style-css-av-lnn6pl9f-4a6d904c7eb27042f844f2e21c397ef0\">\n.avia-image-container.av-lnn6pl9f-4a6d904c7eb27042f844f2e21c397ef0 img.avia_image{\nbox-shadow:none;\n}\n.avia-image-container.av-lnn6pl9f-4a6d904c7eb27042f844f2e21c397ef0 .av-image-caption-overlay-center{\ncolor:#ffffff;\n}\n<\/style>\n<div  class='avia-image-container av-lnn6pl9f-4a6d904c7eb27042f844f2e21c397ef0 av-styling- av-hover-grow av-hide-overflow avia-align-center  avia-builder-el-12  el_after_av_hr  el_before_av_hr '   itemprop=\"image\" itemscope=\"itemscope\" itemtype=\"https:\/\/schema.org\/ImageObject\" ><div class=\"avia-image-container-inner\"><div class=\"avia-image-overlay-wrap\"><img decoding=\"async\" fetchpriority=\"high\" class='wp-image-5130 avia-img-lazy-loading-not-5130 avia_image ' src=\"https:\/\/auto.bme.hu\/wp-content\/uploads\/2023\/10\/biztonsagtechnologia.jpg\" alt='' title='biztonsagtechnologia'  height=\"579\" width=\"1105\"  itemprop=\"thumbnailUrl\" srcset=\"https:\/\/auto.bme.hu\/wp-content\/uploads\/2023\/10\/biztonsagtechnologia.jpg 1105w, https:\/\/auto.bme.hu\/wp-content\/uploads\/2023\/10\/biztonsagtechnologia-300x157.jpg 300w, https:\/\/auto.bme.hu\/wp-content\/uploads\/2023\/10\/biztonsagtechnologia-1030x540.jpg 1030w, https:\/\/auto.bme.hu\/wp-content\/uploads\/2023\/10\/biztonsagtechnologia-768x402.jpg 768w\" sizes=\"(max-width: 1105px) 100vw, 1105px\" \/><\/div><\/div><\/div><br \/>\n\n<style type=\"text\/css\" data-created_by=\"avia_inline_auto\" id=\"style-css-av-lnn6suaf-2fa679e2ccf508e711803cb2420a8074\">\n#top .hr.hr-invisible.av-lnn6suaf-2fa679e2ccf508e711803cb2420a8074{\nheight:10px;\n}\n<\/style>\n<div  class='hr av-lnn6suaf-2fa679e2ccf508e711803cb2420a8074 hr-invisible  avia-builder-el-13  el_after_av_image  el_before_av_image '><span class='hr-inner '><span class=\"hr-inner-style\"><\/span><\/span><\/div><br \/>\n\n<style type=\"text\/css\" data-created_by=\"avia_inline_auto\" id=\"style-css-av-lnn6pl9f-1cec134af66b7c68c6f1143dee8f0003\">\n.avia-image-container.av-lnn6pl9f-1cec134af66b7c68c6f1143dee8f0003 img.avia_image{\nbox-shadow:none;\n}\n.avia-image-container.av-lnn6pl9f-1cec134af66b7c68c6f1143dee8f0003 .av-image-caption-overlay-center{\ncolor:#ffffff;\n}\n<\/style>\n<div  class='avia-image-container av-lnn6pl9f-1cec134af66b7c68c6f1143dee8f0003 av-styling- av-hover-grow av-hide-overflow avia-align-center  avia-builder-el-14  el_after_av_hr  el_before_av_hr '   itemprop=\"image\" itemscope=\"itemscope\" itemtype=\"https:\/\/schema.org\/ImageObject\" ><div class=\"avia-image-container-inner\"><div class=\"avia-image-overlay-wrap\"><img decoding=\"async\" fetchpriority=\"high\" class='wp-image-5134 avia-img-lazy-loading-not-5134 avia_image ' src=\"https:\/\/auto.bme.hu\/wp-content\/uploads\/2023\/10\/Safety-security_2.jpg\" alt='' title='Safety-security_2'  height=\"557\" width=\"1182\"  itemprop=\"thumbnailUrl\" srcset=\"https:\/\/auto.bme.hu\/wp-content\/uploads\/2023\/10\/Safety-security_2.jpg 1182w, https:\/\/auto.bme.hu\/wp-content\/uploads\/2023\/10\/Safety-security_2-300x141.jpg 300w, https:\/\/auto.bme.hu\/wp-content\/uploads\/2023\/10\/Safety-security_2-1030x485.jpg 1030w, https:\/\/auto.bme.hu\/wp-content\/uploads\/2023\/10\/Safety-security_2-768x362.jpg 768w\" sizes=\"(max-width: 1182px) 100vw, 1182px\" \/><\/div><\/div><\/div><br \/>\n\n<style type=\"text\/css\" data-created_by=\"avia_inline_auto\" id=\"style-css-av-lnn6suaf-2fa679e2ccf508e711803cb2420a8074\">\n#top .hr.hr-invisible.av-lnn6suaf-2fa679e2ccf508e711803cb2420a8074{\nheight:10px;\n}\n<\/style>\n<div  class='hr av-lnn6suaf-2fa679e2ccf508e711803cb2420a8074 hr-invisible  avia-builder-el-15  el_after_av_image  el_before_av_image '><span class='hr-inner '><span class=\"hr-inner-style\"><\/span><\/span><\/div><br \/>\n\n<style type=\"text\/css\" data-created_by=\"avia_inline_auto\" id=\"style-css-av-lnn6pl9f-2d92a2b40b397f358ed139af3a3e1f38\">\n.avia-image-container.av-lnn6pl9f-2d92a2b40b397f358ed139af3a3e1f38 img.avia_image{\nbox-shadow:none;\n}\n.avia-image-container.av-lnn6pl9f-2d92a2b40b397f358ed139af3a3e1f38 .av-image-caption-overlay-center{\ncolor:#ffffff;\n}\n<\/style>\n<div  class='avia-image-container av-lnn6pl9f-2d92a2b40b397f358ed139af3a3e1f38 av-styling- av-hover-grow av-hide-overflow avia-align-center  avia-builder-el-16  el_after_av_hr  el_before_av_hr '   itemprop=\"image\" itemscope=\"itemscope\" itemtype=\"https:\/\/schema.org\/ImageObject\" ><div class=\"avia-image-container-inner\"><div class=\"avia-image-overlay-wrap\"><img decoding=\"async\" fetchpriority=\"high\" class='wp-image-5132 avia-img-lazy-loading-not-5132 avia_image ' src=\"https:\/\/auto.bme.hu\/wp-content\/uploads\/2023\/10\/Safety-security3.jpg\" alt='' title='Safety-security3'  height=\"750\" width=\"1227\"  itemprop=\"thumbnailUrl\" srcset=\"https:\/\/auto.bme.hu\/wp-content\/uploads\/2023\/10\/Safety-security3.jpg 1227w, https:\/\/auto.bme.hu\/wp-content\/uploads\/2023\/10\/Safety-security3-300x183.jpg 300w, https:\/\/auto.bme.hu\/wp-content\/uploads\/2023\/10\/Safety-security3-1030x630.jpg 1030w, https:\/\/auto.bme.hu\/wp-content\/uploads\/2023\/10\/Safety-security3-768x469.jpg 768w\" sizes=\"(max-width: 1227px) 100vw, 1227px\" \/><\/div><\/div><\/div><br \/>\n\n<style type=\"text\/css\" data-created_by=\"avia_inline_auto\" id=\"style-css-av-lnn6suaf-2fa679e2ccf508e711803cb2420a8074\">\n#top .hr.hr-invisible.av-lnn6suaf-2fa679e2ccf508e711803cb2420a8074{\nheight:10px;\n}\n<\/style>\n<div  class='hr av-lnn6suaf-2fa679e2ccf508e711803cb2420a8074 hr-invisible  avia-builder-el-17  el_after_av_image  avia-builder-el-last '><span class='hr-inner '><span class=\"hr-inner-style\"><\/span><\/span><\/div><\/p><\/div><\/div><\/div><\/main><!-- close content main element --><\/div><\/div><div id='after_section_1'  class='main_color av_default_container_wrap container_wrap sidebar_right'  ><div class='container av-section-cont-open' ><div class='template-page content  av-content-small alpha units'><div class='post-entry post-entry-type-page post-entry-5456'><div class='entry-content-wrapper clearfix'>\n","protected":false},"excerpt":{"rendered":"","protected":false},"author":17,"featured_media":0,"parent":0,"menu_order":0,"comment_status":"closed","ping_status":"closed","template":"","meta":{"footnotes":""},"class_list":["post-5456","page","type-page","status-publish","hentry"],"yoast_head":"<!-- This site is optimized with the Yoast SEO plugin v21.9.1 - https:\/\/yoast.com\/wordpress\/plugins\/seo\/ -->\n<title>Safety &amp; Security - BME G\u00e9pj\u00e1rm\u0171technol\u00f3gia Tansz\u00e9k<\/title>\n<meta name=\"robots\" content=\"index, follow, max-snippet:-1, max-image-preview:large, max-video-preview:-1\" \/>\n<link rel=\"canonical\" href=\"https:\/\/auto.bme.hu\/en\/safetysecurity\/\" \/>\n<meta property=\"og:locale\" content=\"en_US\" \/>\n<meta property=\"og:type\" content=\"article\" \/>\n<meta property=\"og:title\" content=\"Safety &amp; Security - BME G\u00e9pj\u00e1rm\u0171technol\u00f3gia Tansz\u00e9k\" \/>\n<meta property=\"og:url\" content=\"https:\/\/auto.bme.hu\/en\/safetysecurity\/\" \/>\n<meta property=\"og:site_name\" content=\"BME G\u00e9pj\u00e1rm\u0171technol\u00f3gia Tansz\u00e9k\" \/>\n<meta property=\"article:modified_time\" content=\"2023-11-29T13:49:28+00:00\" \/>\n<meta property=\"og:image\" content=\"https:\/\/auto.bme.hu\/wp-content\/uploads\/2023\/11\/Torok_Arpad-1-824x1030.jpg\" \/>\n<meta name=\"twitter:card\" content=\"summary_large_image\" \/>\n<meta name=\"twitter:label1\" content=\"Est. reading time\" \/>\n\t<meta name=\"twitter:data1\" content=\"5 minutes\" \/>\n<script type=\"application\/ld+json\" class=\"yoast-schema-graph\">{\"@context\":\"https:\/\/schema.org\",\"@graph\":[{\"@type\":\"WebPage\",\"@id\":\"https:\/\/auto.bme.hu\/en\/safetysecurity\/\",\"url\":\"https:\/\/auto.bme.hu\/en\/safetysecurity\/\",\"name\":\"Safety & Security - BME G\u00e9pj\u00e1rm\u0171technol\u00f3gia Tansz\u00e9k\",\"isPartOf\":{\"@id\":\"https:\/\/auto.bme.hu\/en\/#website\"},\"datePublished\":\"2023-10-26T15:17:32+00:00\",\"dateModified\":\"2023-11-29T13:49:28+00:00\",\"breadcrumb\":{\"@id\":\"https:\/\/auto.bme.hu\/en\/safetysecurity\/#breadcrumb\"},\"inLanguage\":\"en-US\",\"potentialAction\":[{\"@type\":\"ReadAction\",\"target\":[\"https:\/\/auto.bme.hu\/en\/safetysecurity\/\"]}]},{\"@type\":\"BreadcrumbList\",\"@id\":\"https:\/\/auto.bme.hu\/en\/safetysecurity\/#breadcrumb\",\"itemListElement\":[{\"@type\":\"ListItem\",\"position\":1,\"name\":\"Kezd\u0151lap\",\"item\":\"https:\/\/auto.bme.hu\/en\/home\/\"},{\"@type\":\"ListItem\",\"position\":2,\"name\":\"Safety &#038; Security\"}]},{\"@type\":\"WebSite\",\"@id\":\"https:\/\/auto.bme.hu\/en\/#website\",\"url\":\"https:\/\/auto.bme.hu\/en\/\",\"name\":\"BME G\u00e9pj\u00e1rm\u0171technol\u00f3gia Tansz\u00e9k\",\"description\":\"\",\"potentialAction\":[{\"@type\":\"SearchAction\",\"target\":{\"@type\":\"EntryPoint\",\"urlTemplate\":\"https:\/\/auto.bme.hu\/en\/?s={search_term_string}\"},\"query-input\":\"required name=search_term_string\"}],\"inLanguage\":\"en-US\"}]}<\/script>\n<!-- \/ Yoast SEO plugin. -->","yoast_head_json":{"title":"Safety & Security - BME G\u00e9pj\u00e1rm\u0171technol\u00f3gia Tansz\u00e9k","robots":{"index":"index","follow":"follow","max-snippet":"max-snippet:-1","max-image-preview":"max-image-preview:large","max-video-preview":"max-video-preview:-1"},"canonical":"https:\/\/auto.bme.hu\/en\/safetysecurity\/","og_locale":"en_US","og_type":"article","og_title":"Safety & Security - BME G\u00e9pj\u00e1rm\u0171technol\u00f3gia Tansz\u00e9k","og_url":"https:\/\/auto.bme.hu\/en\/safetysecurity\/","og_site_name":"BME G\u00e9pj\u00e1rm\u0171technol\u00f3gia Tansz\u00e9k","article_modified_time":"2023-11-29T13:49:28+00:00","og_image":[{"url":"https:\/\/auto.bme.hu\/wp-content\/uploads\/2023\/11\/Torok_Arpad-1-824x1030.jpg"}],"twitter_card":"summary_large_image","twitter_misc":{"Est. reading time":"5 minutes"},"schema":{"@context":"https:\/\/schema.org","@graph":[{"@type":"WebPage","@id":"https:\/\/auto.bme.hu\/en\/safetysecurity\/","url":"https:\/\/auto.bme.hu\/en\/safetysecurity\/","name":"Safety & Security - BME G\u00e9pj\u00e1rm\u0171technol\u00f3gia Tansz\u00e9k","isPartOf":{"@id":"https:\/\/auto.bme.hu\/en\/#website"},"datePublished":"2023-10-26T15:17:32+00:00","dateModified":"2023-11-29T13:49:28+00:00","breadcrumb":{"@id":"https:\/\/auto.bme.hu\/en\/safetysecurity\/#breadcrumb"},"inLanguage":"en-US","potentialAction":[{"@type":"ReadAction","target":["https:\/\/auto.bme.hu\/en\/safetysecurity\/"]}]},{"@type":"BreadcrumbList","@id":"https:\/\/auto.bme.hu\/en\/safetysecurity\/#breadcrumb","itemListElement":[{"@type":"ListItem","position":1,"name":"Kezd\u0151lap","item":"https:\/\/auto.bme.hu\/en\/home\/"},{"@type":"ListItem","position":2,"name":"Safety &#038; Security"}]},{"@type":"WebSite","@id":"https:\/\/auto.bme.hu\/en\/#website","url":"https:\/\/auto.bme.hu\/en\/","name":"BME G\u00e9pj\u00e1rm\u0171technol\u00f3gia Tansz\u00e9k","description":"","potentialAction":[{"@type":"SearchAction","target":{"@type":"EntryPoint","urlTemplate":"https:\/\/auto.bme.hu\/en\/?s={search_term_string}"},"query-input":"required name=search_term_string"}],"inLanguage":"en-US"}]}},"_links":{"self":[{"href":"https:\/\/auto.bme.hu\/en\/wp-json\/wp\/v2\/pages\/5456","targetHints":{"allow":["GET"]}}],"collection":[{"href":"https:\/\/auto.bme.hu\/en\/wp-json\/wp\/v2\/pages"}],"about":[{"href":"https:\/\/auto.bme.hu\/en\/wp-json\/wp\/v2\/types\/page"}],"author":[{"embeddable":true,"href":"https:\/\/auto.bme.hu\/en\/wp-json\/wp\/v2\/users\/17"}],"replies":[{"embeddable":true,"href":"https:\/\/auto.bme.hu\/en\/wp-json\/wp\/v2\/comments?post=5456"}],"version-history":[{"count":3,"href":"https:\/\/auto.bme.hu\/en\/wp-json\/wp\/v2\/pages\/5456\/revisions"}],"predecessor-version":[{"id":5457,"href":"https:\/\/auto.bme.hu\/en\/wp-json\/wp\/v2\/pages\/5456\/revisions\/5457"}],"wp:attachment":[{"href":"https:\/\/auto.bme.hu\/en\/wp-json\/wp\/v2\/media?parent=5456"}],"curies":[{"name":"wp","href":"https:\/\/api.w.org\/{rel}","templated":true}]}}