{"id":5467,"date":"2023-10-26T17:17:32","date_gmt":"2023-10-26T15:17:32","guid":{"rendered":"https:\/\/auto.bme.hu\/lezeres-es-additiv-technologiak\/"},"modified":"2024-01-02T15:26:48","modified_gmt":"2024-01-02T14:26:48","slug":"laser-and-additive-technologies","status":"publish","type":"page","link":"https:\/\/auto.bme.hu\/en\/laser-and-additive-technologies\/","title":{"rendered":"Laser and Additive Technologies"},"content":{"rendered":"\n<style type=\"text\/css\" data-created_by=\"avia_inline_auto\" id=\"style-css-av-8exw-2faab74b02a34aef1672560a3968c872\">\n.avia-section.av-8exw-2faab74b02a34aef1672560a3968c872{\nbackground-color:#ffffff;\nbackground-image:unset;\n}\n<\/style>\n<div id='av_section_1'  class='avia-section av-8exw-2faab74b02a34aef1672560a3968c872 main_color avia-section-default avia-no-border-styling  avia-builder-el-0  avia-builder-el-no-sibling  felepites av-desktop-hide av-medium-hide av-small-hide av-mini-hide avia-bg-style-scroll container_wrap sidebar_right'  ><div class='container av-section-cont-open' ><main  role=\"main\" itemprop=\"mainContentOfPage\"  class='template-page content  av-content-small alpha units'><div class='post-entry post-entry-type-page post-entry-5467'><div class='entry-content-wrapper clearfix'>\n\n<style type=\"text\/css\" data-created_by=\"avia_inline_auto\" id=\"style-css-av-lpju9bll-1a6cc6447851eca8e87447049b8ec67a\">\n#top .av-special-heading.av-lpju9bll-1a6cc6447851eca8e87447049b8ec67a{\npadding-bottom:10px;\n}\nbody .av-special-heading.av-lpju9bll-1a6cc6447851eca8e87447049b8ec67a .av-special-heading-tag .heading-char{\nfont-size:25px;\n}\n.av-special-heading.av-lpju9bll-1a6cc6447851eca8e87447049b8ec67a .av-subheading{\nfont-size:15px;\n}\n<\/style>\n<div  class='av-special-heading av-lpju9bll-1a6cc6447851eca8e87447049b8ec67a av-special-heading-h2  avia-builder-el-1  el_before_av_two_third  avia-builder-el-first '><h2 class='av-special-heading-tag'  itemprop=\"headline\"  >Laser and additive technologies<\/h2><div class=\"special-heading-border\"><div class=\"special-heading-inner-border\"><\/div><\/div><\/div>\n\n<style type=\"text\/css\" data-created_by=\"avia_inline_auto\" id=\"style-css-av-zlbf3-f481fa6abd00e31a1b20778c936d9868\">\n.flex_column.av-zlbf3-f481fa6abd00e31a1b20778c936d9868{\nborder-radius:0px 0px 0px 0px;\npadding:0px 0px 0px 0px;\n}\n<\/style>\n<div  class='flex_column av-zlbf3-f481fa6abd00e31a1b20778c936d9868 av_two_third  avia-builder-el-2  el_after_av_heading  el_before_av_one_third  first flex_column_div av-zero-column-padding  '     ><p><section  class='av_textblock_section av-kjoddx8f-7993c56b6514c0d8b7b7c448c3dbde65 '   itemscope=\"itemscope\" itemtype=\"https:\/\/schema.org\/CreativeWork\" ><div class='avia_textblock'  itemprop=\"text\" ><p><b>Team leadert: Tam\u00e1s <\/b><b>Markovits, PhD<\/b><\/p>\n<p><strong>The main professional and research areas<\/strong><\/p>\n<p>The research group carries out research and participates in various projects in the field of advanced manufacturing technologies used in the automotive industry, such as laser material processing (surface treatments, bonding technologies, cutting &#8230;) and laser metal printing (SLM). The main focus of the tasks is on the exploration of technological correlations and their application to process development. The knowledge base accumulated over the years is also used in the education and training of academic and industrial partners.<\/p>\n<p><strong>Key industrial partnerships, most significant projects<\/strong><\/p>\n<p>Efficiency-enhanced and smart manufacturing technologies (TKP):<\/p>\n<p>In the framework of the university&#8217;s excellence programme, the research group has determined the impact of 3D printing preparation operations (orientation, support, process simulation) and different metal powder materials (steel, titanium) on the printability and properties of the finished model in relation to laser beam metal powder additive manufacturing. Partner.<\/p>\n<p>Investigating the characteristics of laser surface treatment:<\/p>\n<p>Developing a new generation of manufacturing processes for customised biomedical implants and assistive devices using additive technologies. A consortium of Varinex Zrt. and BME has developed a prototype system for the production of customized implants and related devices using advanced additive manufacturing processes for metals and polymers. The sample system, developed in collaboration with BME co-investigators, ranges from X-ray and CT scans to approved printed models. The department has carried out the main research in the field of metal 3D printing. Partner.<\/p>\n<p>Creating a multi-purpose, fixed-wing drone based on innovative and novel solutions and the competences to develop it:<\/p>\n<p>In the framework of the project, the research team developed an intelligent, fixed-wing, unmanned aircraft and the associated competence. Partner: MouldTech Systems Kft.<\/p>\n<p><strong>Key results that are also of industrial use<\/strong><\/p>\n<ul><\/ul>\n<ul><\/ul>\n<p>The results achieved by the research team will help to enhance the competences and capabilities of our industrial partners.<\/p>\n<p><strong>The research team\u2019s relations with students<\/strong><\/p>\n<p>A large number of students are also involved in the research activities of the research group in the form of student research projects, theses and dissertations. In addition, PhD students are conducting their doctoral research on laser technologies, with the main focus now on laser beam powder bed additive manufacturing. The results of the research carried out by the research group are also being integrated into education.<\/p>\n<\/div><\/section><br \/>\n\n<style type=\"text\/css\" data-created_by=\"avia_inline_auto\" id=\"style-css-av-lnn6suaf-2fa679e2ccf508e711803cb2420a8074\">\n#top .hr.hr-invisible.av-lnn6suaf-2fa679e2ccf508e711803cb2420a8074{\nheight:10px;\n}\n<\/style>\n<div  class='hr av-lnn6suaf-2fa679e2ccf508e711803cb2420a8074 hr-invisible  avia-builder-el-4  el_after_av_textblock  el_before_av_button '><span class='hr-inner '><span class=\"hr-inner-style\"><\/span><\/span><\/div><br \/>\n<div  class='avia-button-wrap av-kkif9zkn-e8bcd8da3d2ec9b24c08f2a54e5f1efa-wrap avia-button-center  avia-builder-el-5  el_after_av_hr  el_before_av_hr '><a href='https:\/\/competence.bme.hu\/research-groups\/131-laser-and-additive-technologies\/' class='avia-button av-kkif9zkn-e8bcd8da3d2ec9b24c08f2a54e5f1efa avia-icon_select-yes-right-icon avia-size-medium avia-position-center avia-color-theme-color' target=\"_blank\" rel=\"noopener noreferrer\"><span class='avia_iconbox_title' >BME competence map<\/span><span class='avia_button_icon avia_button_icon_right' aria-hidden='true' data-av_icon='\ue844' data-av_iconfont='entypo-fontello'><\/span><\/a><\/div><br \/>\n\n<style type=\"text\/css\" data-created_by=\"avia_inline_auto\" id=\"style-css-av-lnn6suaf-2fa679e2ccf508e711803cb2420a8074\">\n#top .hr.hr-invisible.av-lnn6suaf-2fa679e2ccf508e711803cb2420a8074{\nheight:10px;\n}\n<\/style>\n<div  class='hr av-lnn6suaf-2fa679e2ccf508e711803cb2420a8074 hr-invisible  avia-builder-el-6  el_after_av_button  avia-builder-el-last '><span class='hr-inner '><span class=\"hr-inner-style\"><\/span><\/span><\/div><\/p><\/div>\n<style type=\"text\/css\" data-created_by=\"avia_inline_auto\" id=\"style-css-av-r8azz-58830c0e7a1883d1b627a23e7bced419\">\n.flex_column.av-r8azz-58830c0e7a1883d1b627a23e7bced419{\nborder-radius:0px 0px 0px 0px;\npadding:0px 0px 0px 0px;\n}\n<\/style>\n<div  class='flex_column av-r8azz-58830c0e7a1883d1b627a23e7bced419 av_one_third  avia-builder-el-7  el_after_av_two_third  avia-builder-el-last  flex_column_div av-zero-column-padding  '     ><p>\n<style type=\"text\/css\" data-created_by=\"avia_inline_auto\" id=\"style-css-av-lnn6pl9f-74551934ee543578cfe422fe6d13dc46\">\n.avia-image-container.av-lnn6pl9f-74551934ee543578cfe422fe6d13dc46 img.avia_image{\nbox-shadow:none;\n}\n.avia-image-container.av-lnn6pl9f-74551934ee543578cfe422fe6d13dc46 .av-image-caption-overlay-center{\ncolor:#ffffff;\n}\n<\/style>\n<div  class='avia-image-container av-lnn6pl9f-74551934ee543578cfe422fe6d13dc46 av-styling- av-hover-grow av-hide-overflow avia-align-center  avia-builder-el-8  el_before_av_hr  avia-builder-el-first '   itemprop=\"image\" itemscope=\"itemscope\" itemtype=\"https:\/\/schema.org\/ImageObject\" ><div class=\"avia-image-container-inner\"><div class=\"avia-image-overlay-wrap\"><img decoding=\"async\" fetchpriority=\"high\" class='wp-image-5147 avia-img-lazy-loading-not-5147 avia_image ' src=\"https:\/\/auto.bme.hu\/wp-content\/uploads\/2023\/10\/Lezeres_es_additiv-.jpg\" alt='' title='Lezeres_es_additiv-'  height=\"810\" width=\"860\"  itemprop=\"thumbnailUrl\" srcset=\"https:\/\/auto.bme.hu\/wp-content\/uploads\/2023\/10\/Lezeres_es_additiv-.jpg 860w, https:\/\/auto.bme.hu\/wp-content\/uploads\/2023\/10\/Lezeres_es_additiv--300x283.jpg 300w, https:\/\/auto.bme.hu\/wp-content\/uploads\/2023\/10\/Lezeres_es_additiv--768x723.jpg 768w\" sizes=\"(max-width: 860px) 100vw, 860px\" \/><\/div><\/div><\/div><br \/>\n\n<style type=\"text\/css\" data-created_by=\"avia_inline_auto\" id=\"style-css-av-lnn6suaf-2fa679e2ccf508e711803cb2420a8074\">\n#top .hr.hr-invisible.av-lnn6suaf-2fa679e2ccf508e711803cb2420a8074{\nheight:10px;\n}\n<\/style>\n<div  class='hr av-lnn6suaf-2fa679e2ccf508e711803cb2420a8074 hr-invisible  avia-builder-el-9  el_after_av_image  el_before_av_image '><span class='hr-inner '><span class=\"hr-inner-style\"><\/span><\/span><\/div><br \/>\n\n<style type=\"text\/css\" data-created_by=\"avia_inline_auto\" id=\"style-css-av-lnn6pl9f-dd0e3221593848bf39ed17713bd566f2\">\n.avia-image-container.av-lnn6pl9f-dd0e3221593848bf39ed17713bd566f2 img.avia_image{\nbox-shadow:none;\n}\n.avia-image-container.av-lnn6pl9f-dd0e3221593848bf39ed17713bd566f2 .av-image-caption-overlay-center{\ncolor:#ffffff;\n}\n<\/style>\n<div  class='avia-image-container av-lnn6pl9f-dd0e3221593848bf39ed17713bd566f2 av-styling- av-hover-grow av-hide-overflow avia-align-center  avia-builder-el-10  el_after_av_hr  el_before_av_hr '   itemprop=\"image\" itemscope=\"itemscope\" itemtype=\"https:\/\/schema.org\/ImageObject\" ><div class=\"avia-image-container-inner\"><div class=\"avia-image-overlay-wrap\"><img decoding=\"async\" fetchpriority=\"high\" class='wp-image-5136 avia-img-lazy-loading-not-5136 avia_image ' src=\"https:\/\/auto.bme.hu\/wp-content\/uploads\/2023\/10\/3d_printing.jpg\" alt='' title='3d_printing'  height=\"551\" width=\"893\"  itemprop=\"thumbnailUrl\" srcset=\"https:\/\/auto.bme.hu\/wp-content\/uploads\/2023\/10\/3d_printing.jpg 893w, https:\/\/auto.bme.hu\/wp-content\/uploads\/2023\/10\/3d_printing-300x185.jpg 300w, https:\/\/auto.bme.hu\/wp-content\/uploads\/2023\/10\/3d_printing-768x474.jpg 768w\" sizes=\"(max-width: 893px) 100vw, 893px\" \/><\/div><\/div><\/div><br \/>\n\n<style type=\"text\/css\" data-created_by=\"avia_inline_auto\" id=\"style-css-av-lnn6suaf-2fa679e2ccf508e711803cb2420a8074\">\n#top .hr.hr-invisible.av-lnn6suaf-2fa679e2ccf508e711803cb2420a8074{\nheight:10px;\n}\n<\/style>\n<div  class='hr av-lnn6suaf-2fa679e2ccf508e711803cb2420a8074 hr-invisible  avia-builder-el-11  el_after_av_image  el_before_av_image '><span class='hr-inner '><span class=\"hr-inner-style\"><\/span><\/span><\/div><br \/>\n\n<style type=\"text\/css\" data-created_by=\"avia_inline_auto\" id=\"style-css-av-lnn6pl9f-2862ff9ee21bb1ac1a3fd3888c40fa59\">\n.avia-image-container.av-lnn6pl9f-2862ff9ee21bb1ac1a3fd3888c40fa59 img.avia_image{\nbox-shadow:none;\n}\n.avia-image-container.av-lnn6pl9f-2862ff9ee21bb1ac1a3fd3888c40fa59 .av-image-caption-overlay-center{\ncolor:#ffffff;\n}\n<\/style>\n<div  class='avia-image-container av-lnn6pl9f-2862ff9ee21bb1ac1a3fd3888c40fa59 av-styling- av-hover-grow av-hide-overflow avia-align-center  avia-builder-el-12  el_after_av_hr  el_before_av_hr '   itemprop=\"image\" itemscope=\"itemscope\" itemtype=\"https:\/\/schema.org\/ImageObject\" ><div class=\"avia-image-container-inner\"><div class=\"avia-image-overlay-wrap\"><img decoding=\"async\" fetchpriority=\"high\" class='wp-image-5138 avia-img-lazy-loading-not-5138 avia_image ' src=\"https:\/\/auto.bme.hu\/wp-content\/uploads\/2023\/10\/metal_additive_manufacturing.jpg\" alt='' title='metal_additive_manufacturing'  height=\"1306\" width=\"1980\"  itemprop=\"thumbnailUrl\" srcset=\"https:\/\/auto.bme.hu\/wp-content\/uploads\/2023\/10\/metal_additive_manufacturing.jpg 1980w, https:\/\/auto.bme.hu\/wp-content\/uploads\/2023\/10\/metal_additive_manufacturing-300x198.jpg 300w, https:\/\/auto.bme.hu\/wp-content\/uploads\/2023\/10\/metal_additive_manufacturing-1030x679.jpg 1030w, https:\/\/auto.bme.hu\/wp-content\/uploads\/2023\/10\/metal_additive_manufacturing-768x507.jpg 768w, https:\/\/auto.bme.hu\/wp-content\/uploads\/2023\/10\/metal_additive_manufacturing-1536x1013.jpg 1536w\" sizes=\"(max-width: 1980px) 100vw, 1980px\" \/><\/div><\/div><\/div><br \/>\n\n<style type=\"text\/css\" data-created_by=\"avia_inline_auto\" id=\"style-css-av-lnn6suaf-2fa679e2ccf508e711803cb2420a8074\">\n#top .hr.hr-invisible.av-lnn6suaf-2fa679e2ccf508e711803cb2420a8074{\nheight:10px;\n}\n<\/style>\n<div  class='hr av-lnn6suaf-2fa679e2ccf508e711803cb2420a8074 hr-invisible  avia-builder-el-13  el_after_av_image  el_before_av_image '><span class='hr-inner '><span class=\"hr-inner-style\"><\/span><\/span><\/div><br \/>\n\n<style type=\"text\/css\" data-created_by=\"avia_inline_auto\" id=\"style-css-av-lnn6pl9f-0d1ff169d6309f1069cd60fca2003034\">\n.avia-image-container.av-lnn6pl9f-0d1ff169d6309f1069cd60fca2003034 img.avia_image{\nbox-shadow:none;\n}\n.avia-image-container.av-lnn6pl9f-0d1ff169d6309f1069cd60fca2003034 .av-image-caption-overlay-center{\ncolor:#ffffff;\n}\n<\/style>\n<div  class='avia-image-container av-lnn6pl9f-0d1ff169d6309f1069cd60fca2003034 av-styling- av-hover-grow av-hide-overflow avia-align-center  avia-builder-el-14  el_after_av_hr  el_before_av_hr '   itemprop=\"image\" itemscope=\"itemscope\" itemtype=\"https:\/\/schema.org\/ImageObject\" ><div class=\"avia-image-container-inner\"><div class=\"avia-image-overlay-wrap\"><img decoding=\"async\" fetchpriority=\"high\" class='wp-image-5140 avia-img-lazy-loading-not-5140 avia_image ' src=\"https:\/\/auto.bme.hu\/wp-content\/uploads\/2023\/10\/metal_polimer_joining.jpg\" alt='' title='metal_polimer_joining'  height=\"1491\" width=\"1761\"  itemprop=\"thumbnailUrl\" srcset=\"https:\/\/auto.bme.hu\/wp-content\/uploads\/2023\/10\/metal_polimer_joining.jpg 1761w, https:\/\/auto.bme.hu\/wp-content\/uploads\/2023\/10\/metal_polimer_joining-300x254.jpg 300w, https:\/\/auto.bme.hu\/wp-content\/uploads\/2023\/10\/metal_polimer_joining-1030x872.jpg 1030w, https:\/\/auto.bme.hu\/wp-content\/uploads\/2023\/10\/metal_polimer_joining-768x650.jpg 768w, https:\/\/auto.bme.hu\/wp-content\/uploads\/2023\/10\/metal_polimer_joining-1536x1300.jpg 1536w\" sizes=\"(max-width: 1761px) 100vw, 1761px\" \/><\/div><\/div><\/div><br \/>\n\n<style type=\"text\/css\" data-created_by=\"avia_inline_auto\" id=\"style-css-av-lnn6suaf-2fa679e2ccf508e711803cb2420a8074\">\n#top .hr.hr-invisible.av-lnn6suaf-2fa679e2ccf508e711803cb2420a8074{\nheight:10px;\n}\n<\/style>\n<div  class='hr av-lnn6suaf-2fa679e2ccf508e711803cb2420a8074 hr-invisible  avia-builder-el-15  el_after_av_image  el_before_av_video '><span class='hr-inner '><span class=\"hr-inner-style\"><\/span><\/span><\/div><br \/>\n<div  class='avia-video av-kz8cv9c1-ff8300b3b106b87d90dd260770a8372b avia-video-16-9 av-no-preview-image avia-video-load-always avia-video-html5'  itemprop=\"video\" itemtype=\"https:\/\/schema.org\/VideoObject\"  data-original_url='https:\/\/auto.bme.hu\/wp-content\/uploads\/2022\/02\/3D_femnyomtatas_GJT2_v3.webm'><video class='avia_video'    preload=\"auto\"  controls id='player_5467_1119534498_242938038'><source src='https:\/\/auto.bme.hu\/wp-content\/uploads\/2022\/02\/3D_femnyomtatas_GJT2_v3.webm' type='video\/webm' \/><\/video><\/div><\/p><\/div>\n<\/div><\/div><\/main><!-- close content main element --><\/div><\/div><div id='after_section_1'  class='main_color av_default_container_wrap container_wrap sidebar_right'  ><div class='container av-section-cont-open' ><div class='template-page content  av-content-small alpha units'><div class='post-entry post-entry-type-page post-entry-5467'><div class='entry-content-wrapper clearfix'>\n","protected":false},"excerpt":{"rendered":"","protected":false},"author":17,"featured_media":0,"parent":0,"menu_order":0,"comment_status":"closed","ping_status":"closed","template":"","meta":{"footnotes":""},"class_list":["post-5467","page","type-page","status-publish","hentry"],"yoast_head":"<!-- This site is optimized with the Yoast SEO plugin v21.9.1 - https:\/\/yoast.com\/wordpress\/plugins\/seo\/ -->\n<title>Laser and Additive Technologies - BME G\u00e9pj\u00e1rm\u0171technol\u00f3gia Tansz\u00e9k<\/title>\n<meta name=\"robots\" content=\"index, follow, max-snippet:-1, max-image-preview:large, max-video-preview:-1\" \/>\n<link rel=\"canonical\" href=\"https:\/\/auto.bme.hu\/en\/laser-and-additive-technologies\/\" \/>\n<meta property=\"og:locale\" content=\"en_US\" \/>\n<meta property=\"og:type\" content=\"article\" \/>\n<meta property=\"og:title\" content=\"Laser and Additive Technologies - BME G\u00e9pj\u00e1rm\u0171technol\u00f3gia Tansz\u00e9k\" \/>\n<meta property=\"og:url\" content=\"https:\/\/auto.bme.hu\/en\/laser-and-additive-technologies\/\" \/>\n<meta property=\"og:site_name\" content=\"BME G\u00e9pj\u00e1rm\u0171technol\u00f3gia Tansz\u00e9k\" \/>\n<meta property=\"article:modified_time\" content=\"2024-01-02T14:26:48+00:00\" \/>\n<meta name=\"twitter:card\" content=\"summary_large_image\" \/>\n<meta name=\"twitter:label1\" content=\"Est. reading time\" \/>\n\t<meta name=\"twitter:data1\" content=\"5 minutes\" \/>\n<script type=\"application\/ld+json\" class=\"yoast-schema-graph\">{\"@context\":\"https:\/\/schema.org\",\"@graph\":[{\"@type\":\"WebPage\",\"@id\":\"https:\/\/auto.bme.hu\/en\/laser-and-additive-technologies\/\",\"url\":\"https:\/\/auto.bme.hu\/en\/laser-and-additive-technologies\/\",\"name\":\"Laser and Additive Technologies - BME G\u00e9pj\u00e1rm\u0171technol\u00f3gia Tansz\u00e9k\",\"isPartOf\":{\"@id\":\"https:\/\/auto.bme.hu\/en\/#website\"},\"datePublished\":\"2023-10-26T15:17:32+00:00\",\"dateModified\":\"2024-01-02T14:26:48+00:00\",\"breadcrumb\":{\"@id\":\"https:\/\/auto.bme.hu\/en\/laser-and-additive-technologies\/#breadcrumb\"},\"inLanguage\":\"en-US\",\"potentialAction\":[{\"@type\":\"ReadAction\",\"target\":[\"https:\/\/auto.bme.hu\/en\/laser-and-additive-technologies\/\"]}]},{\"@type\":\"BreadcrumbList\",\"@id\":\"https:\/\/auto.bme.hu\/en\/laser-and-additive-technologies\/#breadcrumb\",\"itemListElement\":[{\"@type\":\"ListItem\",\"position\":1,\"name\":\"Kezd\u0151lap\",\"item\":\"https:\/\/auto.bme.hu\/en\/home\/\"},{\"@type\":\"ListItem\",\"position\":2,\"name\":\"Laser and Additive Technologies\"}]},{\"@type\":\"WebSite\",\"@id\":\"https:\/\/auto.bme.hu\/en\/#website\",\"url\":\"https:\/\/auto.bme.hu\/en\/\",\"name\":\"BME G\u00e9pj\u00e1rm\u0171technol\u00f3gia Tansz\u00e9k\",\"description\":\"\",\"potentialAction\":[{\"@type\":\"SearchAction\",\"target\":{\"@type\":\"EntryPoint\",\"urlTemplate\":\"https:\/\/auto.bme.hu\/en\/?s={search_term_string}\"},\"query-input\":\"required name=search_term_string\"}],\"inLanguage\":\"en-US\"}]}<\/script>\n<!-- \/ Yoast SEO plugin. -->","yoast_head_json":{"title":"Laser and Additive Technologies - BME G\u00e9pj\u00e1rm\u0171technol\u00f3gia Tansz\u00e9k","robots":{"index":"index","follow":"follow","max-snippet":"max-snippet:-1","max-image-preview":"max-image-preview:large","max-video-preview":"max-video-preview:-1"},"canonical":"https:\/\/auto.bme.hu\/en\/laser-and-additive-technologies\/","og_locale":"en_US","og_type":"article","og_title":"Laser and Additive Technologies - BME G\u00e9pj\u00e1rm\u0171technol\u00f3gia Tansz\u00e9k","og_url":"https:\/\/auto.bme.hu\/en\/laser-and-additive-technologies\/","og_site_name":"BME G\u00e9pj\u00e1rm\u0171technol\u00f3gia Tansz\u00e9k","article_modified_time":"2024-01-02T14:26:48+00:00","twitter_card":"summary_large_image","twitter_misc":{"Est. reading time":"5 minutes"},"schema":{"@context":"https:\/\/schema.org","@graph":[{"@type":"WebPage","@id":"https:\/\/auto.bme.hu\/en\/laser-and-additive-technologies\/","url":"https:\/\/auto.bme.hu\/en\/laser-and-additive-technologies\/","name":"Laser and Additive Technologies - BME G\u00e9pj\u00e1rm\u0171technol\u00f3gia Tansz\u00e9k","isPartOf":{"@id":"https:\/\/auto.bme.hu\/en\/#website"},"datePublished":"2023-10-26T15:17:32+00:00","dateModified":"2024-01-02T14:26:48+00:00","breadcrumb":{"@id":"https:\/\/auto.bme.hu\/en\/laser-and-additive-technologies\/#breadcrumb"},"inLanguage":"en-US","potentialAction":[{"@type":"ReadAction","target":["https:\/\/auto.bme.hu\/en\/laser-and-additive-technologies\/"]}]},{"@type":"BreadcrumbList","@id":"https:\/\/auto.bme.hu\/en\/laser-and-additive-technologies\/#breadcrumb","itemListElement":[{"@type":"ListItem","position":1,"name":"Kezd\u0151lap","item":"https:\/\/auto.bme.hu\/en\/home\/"},{"@type":"ListItem","position":2,"name":"Laser and Additive Technologies"}]},{"@type":"WebSite","@id":"https:\/\/auto.bme.hu\/en\/#website","url":"https:\/\/auto.bme.hu\/en\/","name":"BME G\u00e9pj\u00e1rm\u0171technol\u00f3gia Tansz\u00e9k","description":"","potentialAction":[{"@type":"SearchAction","target":{"@type":"EntryPoint","urlTemplate":"https:\/\/auto.bme.hu\/en\/?s={search_term_string}"},"query-input":"required name=search_term_string"}],"inLanguage":"en-US"}]}},"_links":{"self":[{"href":"https:\/\/auto.bme.hu\/en\/wp-json\/wp\/v2\/pages\/5467","targetHints":{"allow":["GET"]}}],"collection":[{"href":"https:\/\/auto.bme.hu\/en\/wp-json\/wp\/v2\/pages"}],"about":[{"href":"https:\/\/auto.bme.hu\/en\/wp-json\/wp\/v2\/types\/page"}],"author":[{"embeddable":true,"href":"https:\/\/auto.bme.hu\/en\/wp-json\/wp\/v2\/users\/17"}],"replies":[{"embeddable":true,"href":"https:\/\/auto.bme.hu\/en\/wp-json\/wp\/v2\/comments?post=5467"}],"version-history":[{"count":4,"href":"https:\/\/auto.bme.hu\/en\/wp-json\/wp\/v2\/pages\/5467\/revisions"}],"predecessor-version":[{"id":5717,"href":"https:\/\/auto.bme.hu\/en\/wp-json\/wp\/v2\/pages\/5467\/revisions\/5717"}],"wp:attachment":[{"href":"https:\/\/auto.bme.hu\/en\/wp-json\/wp\/v2\/media?parent=5467"}],"curies":[{"name":"wp","href":"https:\/\/api.w.org\/{rel}","templated":true}]}}