{"id":8634,"date":"2025-07-24T17:36:06","date_gmt":"2025-07-24T15:36:06","guid":{"rendered":"https:\/\/auto.bme.hu\/dr-markovits-tamas\/"},"modified":"2025-08-05T17:34:57","modified_gmt":"2025-08-05T15:34:57","slug":"dr-markovits-tamas","status":"publish","type":"page","link":"https:\/\/auto.bme.hu\/en\/dr-markovits-tamas\/","title":{"rendered":"Dr. Markovits Tam\u00e1s"},"content":{"rendered":"<div  class='flex_column av-3vnma0-a8257c691c726b1bc0e5bcc7803e44e0 av_one_full  avia-builder-el-0  el_before_av_two_fifth  avia-builder-el-first  first flex_column_div  '     ><style type=\"text\/css\" data-created_by=\"avia_inline_auto\" id=\"style-css-av-mdhhjb1a-8956167dfee46f95a4afb5aac9c303d0\">\n#top .av-special-heading.av-mdhhjb1a-8956167dfee46f95a4afb5aac9c303d0{\npadding-bottom:10px;\n}\nbody .av-special-heading.av-mdhhjb1a-8956167dfee46f95a4afb5aac9c303d0 .av-special-heading-tag .heading-char{\nfont-size:25px;\n}\n.av-special-heading.av-mdhhjb1a-8956167dfee46f95a4afb5aac9c303d0 .av-subheading{\nfont-size:15px;\n}\n<\/style>\n<div  class='av-special-heading av-mdhhjb1a-8956167dfee46f95a4afb5aac9c303d0 av-special-heading-h2 blockquote modern-quote  avia-builder-el-1  avia-builder-el-no-sibling '><h2 class='av-special-heading-tag'  itemprop=\"headline\"  >Tam\u00e1s Markovits, PhD<\/h2><div class=\"special-heading-border\"><div class=\"special-heading-inner-border\"><\/div><\/div><\/div><\/div>\n<div  class='flex_column av-bb0ynu-7be60cc999aa54a7b1e3236222dbd9fe av_two_fifth  avia-builder-el-2  el_after_av_one_full  el_before_av_three_fifth  first flex_column_div  column-top-margin'     ><p>\n<style type=\"text\/css\" data-created_by=\"avia_inline_auto\" id=\"style-css-av-mdyo2n4h-d8f7931aa6704963c69a277917f66830\">\n.avia-image-container.av-mdyo2n4h-d8f7931aa6704963c69a277917f66830 img.avia_image{\nbox-shadow:none;\n}\n.avia-image-container.av-mdyo2n4h-d8f7931aa6704963c69a277917f66830 .av-image-caption-overlay-center{\ncolor:#ffffff;\n}\n<\/style>\n<div  class='avia-image-container av-mdyo2n4h-d8f7931aa6704963c69a277917f66830 av-styling- av-hover-grow avia-align-center  avia-builder-el-3  el_before_av_hr  avia-builder-el-first '   itemprop=\"image\" itemscope=\"itemscope\" itemtype=\"https:\/\/schema.org\/ImageObject\" ><div class=\"avia-image-container-inner\"><div class=\"avia-image-overlay-wrap\"><img decoding=\"async\" fetchpriority=\"high\" class='wp-image-8656 avia-img-lazy-loading-not-8656 avia_image ' src=\"https:\/\/auto.bme.hu\/wp-content\/uploads\/2025\/08\/image.remini-enhanced_2-1030x1030.jpg\" alt='' title='image.remini-enhanced_(2)'  height=\"1030\" width=\"1030\"  itemprop=\"thumbnailUrl\" srcset=\"https:\/\/auto.bme.hu\/wp-content\/uploads\/2025\/08\/image.remini-enhanced_2-1030x1030.jpg 1030w, https:\/\/auto.bme.hu\/wp-content\/uploads\/2025\/08\/image.remini-enhanced_2-300x300.jpg 300w, https:\/\/auto.bme.hu\/wp-content\/uploads\/2025\/08\/image.remini-enhanced_2-80x80.jpg 80w, https:\/\/auto.bme.hu\/wp-content\/uploads\/2025\/08\/image.remini-enhanced_2-768x768.jpg 768w, https:\/\/auto.bme.hu\/wp-content\/uploads\/2025\/08\/image.remini-enhanced_2-1536x1536.jpg 1536w, https:\/\/auto.bme.hu\/wp-content\/uploads\/2025\/08\/image.remini-enhanced_2-36x36.jpg 36w, https:\/\/auto.bme.hu\/wp-content\/uploads\/2025\/08\/image.remini-enhanced_2-180x180.jpg 180w, https:\/\/auto.bme.hu\/wp-content\/uploads\/2025\/08\/image.remini-enhanced_2.jpg 1920w\" sizes=\"(max-width: 1030px) 100vw, 1030px\" \/><\/div><\/div><\/div><br \/>\n\n<style type=\"text\/css\" data-created_by=\"avia_inline_auto\" id=\"style-css-av-mdyo3tj3-c3ebb7ffc89e7c0d8925edb69b28f4ae\">\n#top .hr.hr-invisible.av-mdyo3tj3-c3ebb7ffc89e7c0d8925edb69b28f4ae{\nheight:30px;\n}\n<\/style>\n<div  class='hr av-mdyo3tj3-c3ebb7ffc89e7c0d8925edb69b28f4ae hr-invisible  avia-builder-el-4  el_after_av_image  avia-builder-el-last '><span class='hr-inner '><span class=\"hr-inner-style\"><\/span><\/span><\/div><\/p><\/div>\n<div  class='flex_column av-z6osq-e5e4d348697f2ad6758dbe4a9d2fb76f av_three_fifth  avia-builder-el-5  el_after_av_two_fifth  el_before_av_heading  flex_column_div  column-top-margin'     ><section  class='av_textblock_section av-mdhhllhg-92d71ebe393b7fefb49730dd1410377c '   itemscope=\"itemscope\" itemtype=\"https:\/\/schema.org\/CreativeWork\" ><div class='avia_textblock'  itemprop=\"text\" ><blockquote>\n<p>Dr. Tam\u00e1s Markovits is Associate Professor and Deputy Head of the Department of Automotive Technologies at the Budapest University of Technology and Economics (BME). He holds a degree in mechanical engineering and has been working in the field of vehicle manufacturing technologies for over 25 years, with a particular focus on laser-based material processing methods.<\/p>\n<\/blockquote>\n<\/div><\/section><br \/>\n\n<style type=\"text\/css\" data-created_by=\"avia_inline_auto\" id=\"style-css-av-2jh0ag-0200fe5e5540fb6eae17fce142777489\">\n#top .av-special-heading.av-2jh0ag-0200fe5e5540fb6eae17fce142777489{\npadding-bottom:10px;\n}\nbody .av-special-heading.av-2jh0ag-0200fe5e5540fb6eae17fce142777489 .av-special-heading-tag .heading-char{\nfont-size:25px;\n}\n.av-special-heading.av-2jh0ag-0200fe5e5540fb6eae17fce142777489 .av-subheading{\nfont-size:15px;\n}\n<\/style>\n<div  class='av-special-heading av-2jh0ag-0200fe5e5540fb6eae17fce142777489 av-special-heading-h3 blockquote modern-quote  avia-builder-el-7  el_after_av_textblock  el_before_av_textblock '><h3 class='av-special-heading-tag'  itemprop=\"headline\"  >Education and Professional Background<\/h3><div class=\"special-heading-border\"><div class=\"special-heading-inner-border\"><\/div><\/div><\/div><br \/>\n<section  class='av_textblock_section av-mdhhoxhn-f1a073eb50c2d0adffd77c9d82ed66ba '   itemscope=\"itemscope\" itemtype=\"https:\/\/schema.org\/CreativeWork\" ><div class='avia_textblock'  itemprop=\"text\" ><p>Dr. Tam\u00e1s Markovits earned his mechanical engineering degree at the Faculty of Transportation Engineering and Vehicle Engineering of BME in 1999, and obtained his PhD in 2005 with a dissertation on laser beam brazing of aluminum. His core research area includes laser material processing and the characterization of thermal joining technologies.<\/p>\n<\/div><\/section><\/p><\/div>\n<style type=\"text\/css\" data-created_by=\"avia_inline_auto\" id=\"style-css-av-mdhhngzo-5ee979a5d3207bbf8b2e83015237051e\">\n#top .av-special-heading.av-mdhhngzo-5ee979a5d3207bbf8b2e83015237051e{\npadding-bottom:10px;\n}\nbody .av-special-heading.av-mdhhngzo-5ee979a5d3207bbf8b2e83015237051e .av-special-heading-tag .heading-char{\nfont-size:25px;\n}\n.av-special-heading.av-mdhhngzo-5ee979a5d3207bbf8b2e83015237051e .av-subheading{\nfont-size:15px;\n}\n<\/style>\n<div  class='av-special-heading av-mdhhngzo-5ee979a5d3207bbf8b2e83015237051e av-special-heading-h3 blockquote modern-quote  avia-builder-el-9  el_after_av_three_fifth  el_before_av_textblock '><h3 class='av-special-heading-tag'  itemprop=\"headline\"  >Professional Experience<\/h3><div class=\"special-heading-border\"><div class=\"special-heading-inner-border\"><\/div><\/div><\/div><\/p>\n<section  class='av_textblock_section av-mdhht7cm-10a274f4372d3fca2f88d9657d207034 '   itemscope=\"itemscope\" itemtype=\"https:\/\/schema.org\/CreativeWork\" ><div class='avia_textblock'  itemprop=\"text\" ><p data-start=\"899\" data-end=\"1320\">Following his graduation and PhD studies, he continued his professional career in academia. In addition to his teaching activities, he has been involved in numerous research projects, primarily in collaboration with Hungarian automotive OEMs and their suppliers. These projects provided valuable opportunities to deepen his expertise in materials science and vehicle production technologies.<\/p>\n<p data-start=\"1322\" data-end=\"1750\">Beyond industrial collaborations, he has participated in several national and international research programs, often as a professional lead, and frequently coordinating interdisciplinary research efforts. He is an accredited doctoral supervisor at the Kand\u00f3 K\u00e1lm\u00e1n Doctoral School. For several years, he has served as a reviewer for domestic grant committees and is a regular peer reviewer for international scientific journals.<\/p>\n<\/div><\/section>\n\n<style type=\"text\/css\" data-created_by=\"avia_inline_auto\" id=\"style-css-av-mdhju3hk-3a4b3751fc8a5143d044ae6f9499c28b\">\n#top .av-special-heading.av-mdhju3hk-3a4b3751fc8a5143d044ae6f9499c28b{\npadding-bottom:10px;\n}\nbody .av-special-heading.av-mdhju3hk-3a4b3751fc8a5143d044ae6f9499c28b .av-special-heading-tag .heading-char{\nfont-size:25px;\n}\n.av-special-heading.av-mdhju3hk-3a4b3751fc8a5143d044ae6f9499c28b .av-subheading{\nfont-size:15px;\n}\n<\/style>\n<div  class='av-special-heading av-mdhju3hk-3a4b3751fc8a5143d044ae6f9499c28b av-special-heading-h3 blockquote modern-quote  avia-builder-el-11  el_after_av_textblock  el_before_av_textblock '><h3 class='av-special-heading-tag'  itemprop=\"headline\"  >Research Areas and Publications<\/h3><div class=\"special-heading-border\"><div class=\"special-heading-inner-border\"><\/div><\/div><\/div>\n<section  class='av_textblock_section av-mdhjupa6-f5f4e7a5f4cc55aae85f801d978cc2f2 '   itemscope=\"itemscope\" itemtype=\"https:\/\/schema.org\/CreativeWork\" ><div class='avia_textblock'  itemprop=\"text\" ><p data-start=\"1757\" data-end=\"2102\">His research focuses on laser-based material processing technologies, including surface treatment methods, metal and metal-polymer joining techniques, and precision laser cutting. In recent years, his attention has turned toward laser-based metal additive manufacturing, commonly known as metal 3D printing.<\/p>\n<p data-start=\"2104\" data-end=\"2687\">Currently, he is conducting research in selective laser melting (SLM, L-PBF) in collaboration with colleagues from the department. His investigations cover the entire process chain of additive manufacturing \u2014 from design tailored for additive technologies and print preparation steps to the printing process itself and subsequent post-processing operations that influence material structure, geometry, and surface quality. His research also includes the metrology of printed components. He supervises PhD students in these fields. His scientific output includes over 75 publications.<\/p>\n<\/div><\/section>\n\n<style type=\"text\/css\" data-created_by=\"avia_inline_auto\" id=\"style-css-av-mdhjvapy-88e122a2e85a6c1680265616430a04ad\">\n#top .av-special-heading.av-mdhjvapy-88e122a2e85a6c1680265616430a04ad{\npadding-bottom:10px;\n}\nbody .av-special-heading.av-mdhjvapy-88e122a2e85a6c1680265616430a04ad .av-special-heading-tag .heading-char{\nfont-size:25px;\n}\n.av-special-heading.av-mdhjvapy-88e122a2e85a6c1680265616430a04ad .av-subheading{\nfont-size:15px;\n}\n<\/style>\n<div  class='av-special-heading av-mdhjvapy-88e122a2e85a6c1680265616430a04ad av-special-heading-h3 blockquote modern-quote  avia-builder-el-13  el_after_av_textblock  el_before_av_two_fifth '><h3 class='av-special-heading-tag'  itemprop=\"headline\"  >Courses Taught<\/h3><div class=\"special-heading-border\"><div class=\"special-heading-inner-border\"><\/div><\/div><\/div>\n<div  class='flex_column av-84gqfu-eac6b1b171622a2a48aabcebf865b7ca av_two_fifth  avia-builder-el-14  el_after_av_heading  el_before_av_three_fifth  first flex_column_div  '     ><p>\n<style type=\"text\/css\" data-created_by=\"avia_inline_auto\" id=\"style-css-av-578d9m-c3eca8408a4e551ad5b2b01ead0af270\">\n#top .hr.hr-invisible.av-578d9m-c3eca8408a4e551ad5b2b01ead0af270{\nheight:30px;\n}\n<\/style>\n<div  class='hr av-578d9m-c3eca8408a4e551ad5b2b01ead0af270 hr-invisible  avia-builder-el-15  el_before_av_textblock  avia-builder-el-first '><span class='hr-inner '><span class=\"hr-inner-style\"><\/span><\/span><\/div><br \/>\n<section  class='av_textblock_section av-mdhjvor2-f49be7943ec29da14afe21adeada196c '   itemscope=\"itemscope\" itemtype=\"https:\/\/schema.org\/CreativeWork\" ><div class='avia_textblock'  itemprop=\"text\" ><ul>\n<li data-start=\"2717\" data-end=\"2776\">Materials Technology and Industrial Manufacturing Systems<\/li>\n<li data-start=\"2779\" data-end=\"2826\">Vehicle Structural Materials and Technologies<\/li>\n<li>Vehicle Manufacturing and Repair<\/li>\n<li>Vehicle Production Processes 1<\/li>\n<li>Vehicle Production Processes 2<\/li>\n<li>Manufacturing Automation<\/li>\n<li>Assembly<\/li>\n<li>Computer-Aided Manufacturing (CAM)<\/li>\n<li>Surface Technologies<\/li>\n<li>Vehicle Manufacturing and Production System Design 1<\/li>\n<li>Bonding and Sealing Technologies<\/li>\n<\/ul>\n<\/div><\/section><\/p><\/div>\n<div  class='flex_column av-48fkyi-6a194cf8e6da4d5d0d6e71f674e0f9a2 av_three_fifth  avia-builder-el-17  el_after_av_two_fifth  el_before_av_hr  flex_column_div  '     ><style type=\"text\/css\" data-created_by=\"avia_inline_auto\" id=\"style-css-av-mdyo7ftt-6b790886d7c16368aa198f4e23b30a9d\">\n.avia-image-container.av-mdyo7ftt-6b790886d7c16368aa198f4e23b30a9d img.avia_image{\nbox-shadow:none;\n}\n.avia-image-container.av-mdyo7ftt-6b790886d7c16368aa198f4e23b30a9d .av-image-caption-overlay-center{\ncolor:#ffffff;\n}\n<\/style>\n<div  class='avia-image-container av-mdyo7ftt-6b790886d7c16368aa198f4e23b30a9d av-styling-circle av-hover-grow avia-align-center  avia-builder-el-18  avia-builder-el-no-sibling '   itemprop=\"image\" itemscope=\"itemscope\" itemtype=\"https:\/\/schema.org\/ImageObject\" ><div class=\"avia-image-container-inner\"><div class=\"avia-image-overlay-wrap\"><img decoding=\"async\" fetchpriority=\"high\" class='wp-image-8660 avia-img-lazy-loading-not-8660 avia_image ' src=\"https:\/\/auto.bme.hu\/wp-content\/uploads\/2025\/08\/production-jav--1030x579.jpg\" alt='' title='production-jav-'  height=\"579\" width=\"1030\"  itemprop=\"thumbnailUrl\" srcset=\"https:\/\/auto.bme.hu\/wp-content\/uploads\/2025\/08\/production-jav--1030x579.jpg 1030w, https:\/\/auto.bme.hu\/wp-content\/uploads\/2025\/08\/production-jav--300x169.jpg 300w, https:\/\/auto.bme.hu\/wp-content\/uploads\/2025\/08\/production-jav--768x432.jpg 768w, https:\/\/auto.bme.hu\/wp-content\/uploads\/2025\/08\/production-jav--1536x864.jpg 1536w, https:\/\/auto.bme.hu\/wp-content\/uploads\/2025\/08\/production-jav-.jpg 1920w\" sizes=\"(max-width: 1030px) 100vw, 1030px\" \/><\/div><\/div><\/div><\/div>\n\n<style type=\"text\/css\" data-created_by=\"avia_inline_auto\" id=\"style-css-av-1vdt6y-029c9a97f89c7399ef590569b4bc171c\">\n#top .hr.hr-invisible.av-1vdt6y-029c9a97f89c7399ef590569b4bc171c{\nheight:30px;\n}\n<\/style>\n<div  class='hr av-1vdt6y-029c9a97f89c7399ef590569b4bc171c hr-invisible  avia-builder-el-19  el_after_av_three_fifth  el_before_av_heading '><span class='hr-inner '><span class=\"hr-inner-style\"><\/span><\/span><\/div>\n\n<style type=\"text\/css\" data-created_by=\"avia_inline_auto\" id=\"style-css-av-mdhjw2pb-310d9791a7198b3d506b0d4dca334bca\">\n#top .av-special-heading.av-mdhjw2pb-310d9791a7198b3d506b0d4dca334bca{\npadding-bottom:10px;\n}\nbody .av-special-heading.av-mdhjw2pb-310d9791a7198b3d506b0d4dca334bca .av-special-heading-tag .heading-char{\nfont-size:25px;\n}\n.av-special-heading.av-mdhjw2pb-310d9791a7198b3d506b0d4dca334bca .av-subheading{\nfont-size:15px;\n}\n<\/style>\n<div  class='av-special-heading av-mdhjw2pb-310d9791a7198b3d506b0d4dca334bca av-special-heading-h3 blockquote modern-quote  avia-builder-el-20  el_after_av_hr  el_before_av_textblock '><h3 class='av-special-heading-tag'  itemprop=\"headline\"  >Contact Information<\/h3><div class=\"special-heading-border\"><div class=\"special-heading-inner-border\"><\/div><\/div><\/div>\n<section  class='av_textblock_section av-mdhjwlq6-725fbe5837608fa2be7b604628041c2c '   itemscope=\"itemscope\" itemtype=\"https:\/\/schema.org\/CreativeWork\" ><div class='avia_textblock'  itemprop=\"text\" ><p>Dr. Tam\u00e1s Markovits can be reached at <strong data-start=\"3192\" data-end=\"3222\"><a data-start=\"3194\" data-end=\"3220\" class=\"cursor-pointer\" rel=\"noopener\">markovits.tamas@kjk.bme.hu<\/a><\/strong>. He welcomes inquiries and is open to collaboration with fellow researchers and institutions.<\/p>\n<\/div><\/section>\n\n<style type=\"text\/css\" data-created_by=\"avia_inline_auto\" id=\"style-css-av-mdhjx0iv-9d9c204be8fcded7ae9836784e8bd8db\">\n#top .av-special-heading.av-mdhjx0iv-9d9c204be8fcded7ae9836784e8bd8db{\npadding-bottom:10px;\n}\nbody .av-special-heading.av-mdhjx0iv-9d9c204be8fcded7ae9836784e8bd8db .av-special-heading-tag .heading-char{\nfont-size:25px;\n}\n.av-special-heading.av-mdhjx0iv-9d9c204be8fcded7ae9836784e8bd8db .av-subheading{\nfont-size:15px;\n}\n<\/style>\n<div  class='av-special-heading av-mdhjx0iv-9d9c204be8fcded7ae9836784e8bd8db av-special-heading-h3 blockquote modern-quote  avia-builder-el-22  el_after_av_textblock  el_before_av_textblock '><h3 class='av-special-heading-tag'  itemprop=\"headline\"  >Top 5 Publications<\/h3><div class=\"special-heading-border\"><div class=\"special-heading-inner-border\"><\/div><\/div><\/div>\n<section  class='av_textblock_section av-mdhjzhhj-881bf8ecdc722dd1c700081234645f74 '   itemscope=\"itemscope\" itemtype=\"https:\/\/schema.org\/CreativeWork\" ><div class='avia_textblock'  itemprop=\"text\" ><p>T. Markovits<br \/>\n<strong><a href=\"https:\/\/www.tandfonline.com\/doi\/full\/10.1080\/17452759.2024.2366508\">Analysis of printing time components and powder utilisation efficiency of metal selective laser melting process in case of 316L and Ti6Al4V materials<\/a><\/strong><br \/>\n<em>VIRTUAL AND PHYSICAL PROTOTYPING<\/em>, vol. 19, no. 1, 2024.<\/p>\n<p>T. Markovits and L. F. Varga<br \/>\n<strong><a href=\"https:\/\/link.springer.com\/article\/10.1557\/s43578-023-01254-9\">Investigating the surface roughness of 3D printed metal parts in case of thin 20 \u00b5m build layer thickness<\/a><\/strong><br \/>\n<em>JOURNAL OF MATERIALS RESEARCH<\/em>, vol. 39, no. 13, pp. 1841\u20131851, 2024.<\/p>\n<p>T. Markovits and F. L. Varga<br \/>\n<strong><a href=\"https:\/\/www.sciencedirect.com\/science\/article\/pii\/S0030399222005138\">Characterizing the strength of support-model connection in the case of laser powder bed fusion technology by torsion test<\/a><\/strong><br \/>\n<em>OPTICS AND LASER TECHNOLOGY<\/em>, vol. 154, 2022.<\/p>\n<p>T. Markovits and B. Szederk\u00e9nyi<br \/>\n<strong><a href=\"https:\/\/www.sciencedirect.com\/science\/article\/pii\/S1526612522003723?via%3Dihub\">Investigation of generative design for powder bed fusion technology in case of Formula Student race car components using Ti6Al4V alloy<\/a><\/strong><br \/>\n<em>JOURNAL OF MANUFACTURING PROCESSES<\/em>, vol. 80, pp. 220\u2013231, 2022.<\/p>\n<p>T. Markovits, Takacs J, Lovas A, and Belt J. 2003.<br \/>\n<strong><a href=\"https:\/\/www.sciencedirect.com\/science\/article\/pii\/S0924013603003108\">Laser Brazing of Aluminium<\/a><\/strong><br \/>\n<em>JOURNAL OF MATERIALS PROCESSING TECHNOLOGY<\/em> 143: 651\u2013655. doi:10.1016\/S0924-0136(03)00310-8.<\/p>\n<\/div><\/section>\n","protected":false},"excerpt":{"rendered":"","protected":false},"author":17,"featured_media":0,"parent":0,"menu_order":0,"comment_status":"closed","ping_status":"closed","template":"","meta":{"footnotes":""},"class_list":["post-8634","page","type-page","status-publish","hentry"],"yoast_head":"<!-- This site is optimized with the Yoast SEO plugin v21.9.1 - https:\/\/yoast.com\/wordpress\/plugins\/seo\/ -->\n<title>Dr. Markovits Tam\u00e1s - BME G\u00e9pj\u00e1rm\u0171technol\u00f3gia Tansz\u00e9k<\/title>\n<meta name=\"description\" content=\"Dr. Tam\u00e1s Markovits is Associate Professor and Deputy Head of the Department of Automotive Technologies at the Budapest University of Technology and Economics (BME). He holds a degree in mechanical engineering and has been working in the field of vehicle manufacturing technologies for over 25 years, with a particular focus on laser-based material processing methods.\" \/>\n<meta name=\"robots\" content=\"index, follow, max-snippet:-1, max-image-preview:large, max-video-preview:-1\" \/>\n<link rel=\"canonical\" href=\"https:\/\/auto.bme.hu\/en\/dr-markovits-tamas\/\" \/>\n<meta property=\"og:locale\" content=\"en_US\" \/>\n<meta property=\"og:type\" content=\"article\" \/>\n<meta property=\"og:title\" content=\"Dr. Markovits Tam\u00e1s - BME G\u00e9pj\u00e1rm\u0171technol\u00f3gia Tansz\u00e9k\" \/>\n<meta property=\"og:description\" content=\"Dr. Tam\u00e1s Markovits is Associate Professor and Deputy Head of the Department of Automotive Technologies at the Budapest University of Technology and Economics (BME). He holds a degree in mechanical engineering and has been working in the field of vehicle manufacturing technologies for over 25 years, with a particular focus on laser-based material processing methods.\" \/>\n<meta property=\"og:url\" content=\"https:\/\/auto.bme.hu\/en\/dr-markovits-tamas\/\" \/>\n<meta property=\"og:site_name\" content=\"BME G\u00e9pj\u00e1rm\u0171technol\u00f3gia Tansz\u00e9k\" \/>\n<meta property=\"article:modified_time\" content=\"2025-08-05T15:34:57+00:00\" \/>\n<meta name=\"twitter:card\" content=\"summary_large_image\" \/>\n<meta name=\"twitter:label1\" content=\"Est. reading time\" \/>\n\t<meta name=\"twitter:data1\" content=\"4 minutes\" \/>\n<script type=\"application\/ld+json\" class=\"yoast-schema-graph\">{\"@context\":\"https:\/\/schema.org\",\"@graph\":[{\"@type\":\"WebPage\",\"@id\":\"https:\/\/auto.bme.hu\/en\/dr-markovits-tamas\/\",\"url\":\"https:\/\/auto.bme.hu\/en\/dr-markovits-tamas\/\",\"name\":\"Dr. Markovits Tam\u00e1s - BME G\u00e9pj\u00e1rm\u0171technol\u00f3gia Tansz\u00e9k\",\"isPartOf\":{\"@id\":\"https:\/\/auto.bme.hu\/en\/#website\"},\"datePublished\":\"2025-07-24T15:36:06+00:00\",\"dateModified\":\"2025-08-05T15:34:57+00:00\",\"description\":\"Dr. Tam\u00e1s Markovits is Associate Professor and Deputy Head of the Department of Automotive Technologies at the Budapest University of Technology and Economics (BME). He holds a degree in mechanical engineering and has been working in the field of vehicle manufacturing technologies for over 25 years, with a particular focus on laser-based material processing methods.\",\"breadcrumb\":{\"@id\":\"https:\/\/auto.bme.hu\/en\/dr-markovits-tamas\/#breadcrumb\"},\"inLanguage\":\"en-US\",\"potentialAction\":[{\"@type\":\"ReadAction\",\"target\":[\"https:\/\/auto.bme.hu\/en\/dr-markovits-tamas\/\"]}]},{\"@type\":\"BreadcrumbList\",\"@id\":\"https:\/\/auto.bme.hu\/en\/dr-markovits-tamas\/#breadcrumb\",\"itemListElement\":[{\"@type\":\"ListItem\",\"position\":1,\"name\":\"Kezd\u0151lap\",\"item\":\"https:\/\/auto.bme.hu\/en\/home\/\"},{\"@type\":\"ListItem\",\"position\":2,\"name\":\"Dr. Markovits Tam\u00e1s\"}]},{\"@type\":\"WebSite\",\"@id\":\"https:\/\/auto.bme.hu\/en\/#website\",\"url\":\"https:\/\/auto.bme.hu\/en\/\",\"name\":\"BME G\u00e9pj\u00e1rm\u0171technol\u00f3gia Tansz\u00e9k\",\"description\":\"\",\"potentialAction\":[{\"@type\":\"SearchAction\",\"target\":{\"@type\":\"EntryPoint\",\"urlTemplate\":\"https:\/\/auto.bme.hu\/en\/?s={search_term_string}\"},\"query-input\":\"required name=search_term_string\"}],\"inLanguage\":\"en-US\"}]}<\/script>\n<!-- \/ Yoast SEO plugin. -->","yoast_head_json":{"title":"Dr. Markovits Tam\u00e1s - BME G\u00e9pj\u00e1rm\u0171technol\u00f3gia Tansz\u00e9k","description":"Dr. Tam\u00e1s Markovits is Associate Professor and Deputy Head of the Department of Automotive Technologies at the Budapest University of Technology and Economics (BME). He holds a degree in mechanical engineering and has been working in the field of vehicle manufacturing technologies for over 25 years, with a particular focus on laser-based material processing methods.","robots":{"index":"index","follow":"follow","max-snippet":"max-snippet:-1","max-image-preview":"max-image-preview:large","max-video-preview":"max-video-preview:-1"},"canonical":"https:\/\/auto.bme.hu\/en\/dr-markovits-tamas\/","og_locale":"en_US","og_type":"article","og_title":"Dr. Markovits Tam\u00e1s - BME G\u00e9pj\u00e1rm\u0171technol\u00f3gia Tansz\u00e9k","og_description":"Dr. Tam\u00e1s Markovits is Associate Professor and Deputy Head of the Department of Automotive Technologies at the Budapest University of Technology and Economics (BME). He holds a degree in mechanical engineering and has been working in the field of vehicle manufacturing technologies for over 25 years, with a particular focus on laser-based material processing methods.","og_url":"https:\/\/auto.bme.hu\/en\/dr-markovits-tamas\/","og_site_name":"BME G\u00e9pj\u00e1rm\u0171technol\u00f3gia Tansz\u00e9k","article_modified_time":"2025-08-05T15:34:57+00:00","twitter_card":"summary_large_image","twitter_misc":{"Est. reading time":"4 minutes"},"schema":{"@context":"https:\/\/schema.org","@graph":[{"@type":"WebPage","@id":"https:\/\/auto.bme.hu\/en\/dr-markovits-tamas\/","url":"https:\/\/auto.bme.hu\/en\/dr-markovits-tamas\/","name":"Dr. Markovits Tam\u00e1s - BME G\u00e9pj\u00e1rm\u0171technol\u00f3gia Tansz\u00e9k","isPartOf":{"@id":"https:\/\/auto.bme.hu\/en\/#website"},"datePublished":"2025-07-24T15:36:06+00:00","dateModified":"2025-08-05T15:34:57+00:00","description":"Dr. Tam\u00e1s Markovits is Associate Professor and Deputy Head of the Department of Automotive Technologies at the Budapest University of Technology and Economics (BME). He holds a degree in mechanical engineering and has been working in the field of vehicle manufacturing technologies for over 25 years, with a particular focus on laser-based material processing methods.","breadcrumb":{"@id":"https:\/\/auto.bme.hu\/en\/dr-markovits-tamas\/#breadcrumb"},"inLanguage":"en-US","potentialAction":[{"@type":"ReadAction","target":["https:\/\/auto.bme.hu\/en\/dr-markovits-tamas\/"]}]},{"@type":"BreadcrumbList","@id":"https:\/\/auto.bme.hu\/en\/dr-markovits-tamas\/#breadcrumb","itemListElement":[{"@type":"ListItem","position":1,"name":"Kezd\u0151lap","item":"https:\/\/auto.bme.hu\/en\/home\/"},{"@type":"ListItem","position":2,"name":"Dr. Markovits Tam\u00e1s"}]},{"@type":"WebSite","@id":"https:\/\/auto.bme.hu\/en\/#website","url":"https:\/\/auto.bme.hu\/en\/","name":"BME G\u00e9pj\u00e1rm\u0171technol\u00f3gia Tansz\u00e9k","description":"","potentialAction":[{"@type":"SearchAction","target":{"@type":"EntryPoint","urlTemplate":"https:\/\/auto.bme.hu\/en\/?s={search_term_string}"},"query-input":"required name=search_term_string"}],"inLanguage":"en-US"}]}},"_links":{"self":[{"href":"https:\/\/auto.bme.hu\/en\/wp-json\/wp\/v2\/pages\/8634","targetHints":{"allow":["GET"]}}],"collection":[{"href":"https:\/\/auto.bme.hu\/en\/wp-json\/wp\/v2\/pages"}],"about":[{"href":"https:\/\/auto.bme.hu\/en\/wp-json\/wp\/v2\/types\/page"}],"author":[{"embeddable":true,"href":"https:\/\/auto.bme.hu\/en\/wp-json\/wp\/v2\/users\/17"}],"replies":[{"embeddable":true,"href":"https:\/\/auto.bme.hu\/en\/wp-json\/wp\/v2\/comments?post=8634"}],"version-history":[{"count":6,"href":"https:\/\/auto.bme.hu\/en\/wp-json\/wp\/v2\/pages\/8634\/revisions"}],"predecessor-version":[{"id":8665,"href":"https:\/\/auto.bme.hu\/en\/wp-json\/wp\/v2\/pages\/8634\/revisions\/8665"}],"wp:attachment":[{"href":"https:\/\/auto.bme.hu\/en\/wp-json\/wp\/v2\/media?parent=8634"}],"curies":[{"name":"wp","href":"https:\/\/api.w.org\/{rel}","templated":true}]}}