{"id":945,"date":"2021-01-15T20:08:57","date_gmt":"2021-01-15T19:08:57","guid":{"rendered":"https:\/\/auto.bme.hu\/oktatas\/"},"modified":"2024-01-04T11:39:02","modified_gmt":"2024-01-04T10:39:02","slug":"education","status":"publish","type":"page","link":"https:\/\/auto.bme.hu\/en\/education\/","title":{"rendered":"Education"},"content":{"rendered":"\n<style type=\"text\/css\" data-created_by=\"avia_inline_auto\" id=\"style-css-av-3iym-39f5e7bf3aa7634c8b9091ce01cda248\">\n.avia-section.av-3iym-39f5e7bf3aa7634c8b9091ce01cda248{\nbackground-repeat:no-repeat;\nbackground-image:url(https:\/\/auto.bme.hu\/wp-content\/uploads\/2021\/01\/dreamstime_m_85399950_1.jpg);\nbackground-position:50% 50%;\nbackground-attachment:scroll;\n}\n<\/style>\n<div id='av_section_1'  class='avia-section av-3iym-39f5e7bf3aa7634c8b9091ce01cda248 main_color avia-section-default avia-no-border-styling  avia-builder-el-0  el_before_av_tab_section  avia-builder-el-first  hirek-es-erdekessegek avia-full-stretch avia-bg-style-scroll container_wrap sidebar_right'  data-section-bg-repeat='stretch'><div class='container av-section-cont-open' ><main  role=\"main\" itemprop=\"mainContentOfPage\"  class='template-page content  av-content-small alpha units'><div class='post-entry post-entry-type-page post-entry-945'><div class='entry-content-wrapper clearfix'>\n\n<style type=\"text\/css\" data-created_by=\"avia_inline_auto\" id=\"style-css-av-av_heading-55dcd6edde7bf4779c5e3eef2e98d66f\">\n#top .av-special-heading.av-av_heading-55dcd6edde7bf4779c5e3eef2e98d66f{\npadding-bottom:10px;\n}\nbody .av-special-heading.av-av_heading-55dcd6edde7bf4779c5e3eef2e98d66f .av-special-heading-tag .heading-char{\nfont-size:25px;\n}\n.av-special-heading.av-av_heading-55dcd6edde7bf4779c5e3eef2e98d66f .av-subheading{\nfont-size:15px;\n}\n<\/style>\n<div  class='av-special-heading av-av_heading-55dcd6edde7bf4779c5e3eef2e98d66f av-special-heading-h2 blockquote modern-quote  avia-builder-el-1  el_before_av_one_third  avia-builder-el-first '><h2 class='av-special-heading-tag'  itemprop=\"headline\"  >Where do you find it?<\/h2><div class=\"special-heading-border\"><div class=\"special-heading-inner-border\"><\/div><\/div><\/div>\n\n<style type=\"text\/css\" data-created_by=\"avia_inline_auto\" id=\"style-css-av-l07w6-f03ae1c27bb103b159c11d6d20bba028\">\n.flex_column.av-l07w6-f03ae1c27bb103b159c11d6d20bba028{\nborder-radius:0px 0px 0px 0px;\npadding:0px 0px 0px 0px;\n}\n<\/style>\n<div  class='flex_column av-l07w6-f03ae1c27bb103b159c11d6d20bba028 av_one_third  avia-builder-el-2  el_after_av_heading  avia-builder-el-last  first flex_column_div av-zero-column-padding  '     ><p><div  class='avia-button-wrap av-kjsnc6qw-4c5ca09782c7d97c07a97db68a81db37-wrap avia-button-left  avia-builder-el-3  el_before_av_button  avia-builder-el-first '>\n<style type=\"text\/css\" data-created_by=\"avia_inline_auto\" id=\"style-css-av-kjsnc6qw-4c5ca09782c7d97c07a97db68a81db37\">\n#top #wrap_all .avia-button.av-kjsnc6qw-4c5ca09782c7d97c07a97db68a81db37{\nbackground-color:#4e70a1;\nborder-color:#4e70a1;\ntransition:all 0.4s ease-in-out;\n}\n#top #wrap_all .avia-button.av-kjsnc6qw-4c5ca09782c7d97c07a97db68a81db37:hover{\nbackground-color:#44546a;\ncolor:#ffffff;\ntransition:all 0.4s ease-in-out;\n}\n<\/style>\n<a href='https:\/\/kozlekedes.bme.hu\/oktatas\/msc-tantervek\/' class='avia-button av-kjsnc6qw-4c5ca09782c7d97c07a97db68a81db37 avia-icon_select-yes-right-icon avia-size-large avia-position-left avia-font-color-theme-color' target=\"_blank\" rel=\"noopener noreferrer\"><span class='avia_iconbox_title' >KJK education site<\/span><span class='avia_button_icon avia_button_icon_right' aria-hidden='true' data-av_icon='\ue812' data-av_iconfont='bme'><\/span><\/a><\/div><br \/>\n<div  class='avia-button-wrap av-kjsnc6qw-05872ba579dbe68b828c0473741ccdf0-wrap avia-button-left  avia-builder-el-4  el_after_av_button  el_before_av_button '>\n<style type=\"text\/css\" data-created_by=\"avia_inline_auto\" id=\"style-css-av-kjsnc6qw-05872ba579dbe68b828c0473741ccdf0\">\n#top #wrap_all .avia-button.av-kjsnc6qw-05872ba579dbe68b828c0473741ccdf0{\nbackground-color:#4e70a1;\nborder-color:#4e70a1;\ntransition:all 0.4s ease-in-out;\n}\n#top #wrap_all .avia-button.av-kjsnc6qw-05872ba579dbe68b828c0473741ccdf0:hover{\nbackground-color:#44546a;\ncolor:#ffffff;\ntransition:all 0.4s ease-in-out;\n}\n<\/style>\n<a href='https:\/\/frame.neptun.bme.hu\/hallgatoi\/login.aspx' class='avia-button av-kjsnc6qw-05872ba579dbe68b828c0473741ccdf0 avia-icon_select-yes-right-icon avia-size-large avia-position-left avia-font-color-theme-color' target=\"_blank\" rel=\"noopener noreferrer\"><span class='avia_iconbox_title' >Student Neptun<\/span><span class='avia_button_icon avia_button_icon_right' aria-hidden='true' data-av_icon='\ue812' data-av_iconfont='bme'><\/span><\/a><\/div><br \/>\n<div  class='avia-button-wrap av-kjsnc6qw-f3e83c410ad2cfaeeff9482b1dd6f8fc-wrap avia-button-left  avia-builder-el-5  el_after_av_button  el_before_av_button '>\n<style type=\"text\/css\" data-created_by=\"avia_inline_auto\" id=\"style-css-av-kjsnc6qw-f3e83c410ad2cfaeeff9482b1dd6f8fc\">\n#top #wrap_all .avia-button.av-kjsnc6qw-f3e83c410ad2cfaeeff9482b1dd6f8fc{\nbackground-color:#4e70a1;\nborder-color:#4e70a1;\ntransition:all 0.4s ease-in-out;\n}\n#top #wrap_all .avia-button.av-kjsnc6qw-f3e83c410ad2cfaeeff9482b1dd6f8fc:hover{\nbackground-color:#44546a;\ncolor:#ffffff;\ntransition:all 0.4s ease-in-out;\n}\n<\/style>\n<a href='https:\/\/frame.neptun.bme.hu\/oktatoi\/login.aspx' class='avia-button av-kjsnc6qw-f3e83c410ad2cfaeeff9482b1dd6f8fc avia-icon_select-yes-right-icon avia-size-large avia-position-left avia-font-color-theme-color' target=\"_blank\" rel=\"noopener noreferrer\"><span class='avia_iconbox_title' >Lecturer Neptun<\/span><span class='avia_button_icon avia_button_icon_right' aria-hidden='true' data-av_icon='\ue812' data-av_iconfont='bme'><\/span><\/a><\/div><br \/>\n<div  class='avia-button-wrap av-kjsnc6qw-082c0ab62e68c5a6cf7d4502f00a0af1-wrap avia-button-left  avia-builder-el-6  el_after_av_button  avia-builder-el-last '>\n<style type=\"text\/css\" data-created_by=\"avia_inline_auto\" id=\"style-css-av-kjsnc6qw-082c0ab62e68c5a6cf7d4502f00a0af1\">\n#top #wrap_all .avia-button.av-kjsnc6qw-082c0ab62e68c5a6cf7d4502f00a0af1{\nbackground-color:#4e70a1;\nborder-color:#4e70a1;\ntransition:all 0.4s ease-in-out;\n}\n#top #wrap_all .avia-button.av-kjsnc6qw-082c0ab62e68c5a6cf7d4502f00a0af1:hover{\nbackground-color:#44546a;\ncolor:#ffffff;\ntransition:all 0.4s ease-in-out;\n}\n<\/style>\n<a href='https:\/\/edu.kozlek.bme.hu\/' class='avia-button av-kjsnc6qw-082c0ab62e68c5a6cf7d4502f00a0af1 avia-icon_select-yes-right-icon avia-size-large avia-position-left avia-font-color-theme-color' target=\"_blank\" rel=\"noopener noreferrer\"><span class='avia_iconbox_title' >Moodle<\/span><span class='avia_button_icon avia_button_icon_right' aria-hidden='true' data-av_icon='\ue812' data-av_iconfont='bme'><\/span><\/a><\/div><\/p><\/div><\/div><\/div><\/main><!-- close content main element --><\/div><\/div><div id='av-tab-section-1'  class='av-tab-section-container entry-content-wrapper main_color av-tab-no-transition   av-tab-above-content  avia-builder-el-7  el_after_av_section  avia-builder-el-last  tab-section-not-first container_wrap sidebar_right'  ><div class='av-tab-section-outer-container av-8f8sm-3fecc8363d97b36a703286974c2dee9c'><div class='av-tab-section-tab-title-container avia-tab-title-padding-default' role='tablist'><a href='#bachelor-bsc' data-av-tab-section-title='1' class='av-section-tab-title av-active-tab-title no-scroll av-ld4aimvk-9fca442a076531b6c9b5dd0a4b8c1320 av-tab-no-icon av-tab-no-image ' role='tab' tabindex='0' aria-controls='av-tab-section-1-1'><span class='av-outer-tab-title'><span class='av-inner-tab-title'>Bachelor (BSc)<\/span><\/span><span class=\"av-tab-arrow-container\"><span><\/span><\/span><\/a><a href='#master-msc' data-av-tab-section-title='2' class='av-section-tab-title  av-ld4aismv-4e82eb795286c932372c3e0763fd03e4 av-tab-no-icon av-tab-no-image ' role='tab' tabindex='0' aria-controls='av-tab-section-1-2'><span class='av-outer-tab-title'><span class='av-inner-tab-title'>Master (MSc)<\/span><\/span><span class=\"av-tab-arrow-container\"><span><\/span><\/span><\/a><a href='#doctoral-degree-phd' data-av-tab-section-title='3' class='av-section-tab-title  av-ld4aiyh1-784645eadc757ae970c96b927884fa8b av-tab-no-icon av-tab-no-image ' role='tab' tabindex='0' aria-controls='av-tab-section-1-3'><span class='av-outer-tab-title'><span class='av-inner-tab-title'>Doctoral Degree (PhD)<\/span><\/span><span class=\"av-tab-arrow-container\"><span><\/span><\/span><\/a><a href='#optional-subjects' data-av-tab-section-title='4' class='av-section-tab-title  av-ld4aj89b-a996d577d3e534e17f368c0f8a121467 av-tab-no-icon av-tab-no-image ' role='tab' tabindex='0' aria-controls='av-tab-section-1-4'><span class='av-outer-tab-title'><span class='av-inner-tab-title'>Optional Subjects<\/span><\/span><span class=\"av-tab-arrow-container\"><span><\/span><\/span><\/a><a href='#postgradual-degree' data-av-tab-section-title='5' class='av-section-tab-title  av-ld4ajdzb-a37bed31a1db7c727f690cdcc1b5df29 av-tab-no-icon av-tab-no-image ' role='tab' tabindex='0' aria-controls='av-tab-section-1-5'><span class='av-outer-tab-title'><span class='av-inner-tab-title'>Postgradual Degree<\/span><\/span><span class=\"av-tab-arrow-container\"><span><\/span><\/span><\/a><\/div><div class='avia-slideshow-arrows av-tabsection-arrow' ><a href='#prev' class='prev-slide av_prev_tab_section av-tab-section-slide' aria-hidden='true' data-av_icon='\ue87c' data-av_iconfont='entypo-fontello'  tabindex='-1'>Previous<\/a><a href='#next' class='next-slide av_next_tab_section av-tab-section-slide' aria-hidden='true' data-av_icon='\ue87d' data-av_iconfont='entypo-fontello'  tabindex='-1'>Next<\/a><\/div><div class='av-tab-section-inner-container avia-section-default' style='width:500vw; left:0%;'><span class=\"av_prev_tab_section av_tab_navigation\"><\/span><span class=\"av_next_tab_section av_tab_navigation\"><\/span>\n\n<style type=\"text\/css\" data-created_by=\"avia_inline_auto\" id=\"style-css-av-ld4aimvk-9fca442a076531b6c9b5dd0a4b8c1320\">\n.av-layout-tab.av-ld4aimvk-9fca442a076531b6c9b5dd0a4b8c1320{\nvertical-align:middle;\n}\n<\/style>\n<div id='av-tab-section-1-1' class='av-layout-tab av-ld4aimvk-9fca442a076531b6c9b5dd0a4b8c1320 av-animation-delay-container  avia-builder-el-8  el_before_av_tab_sub_section  avia-builder-el-first  av-active-tab-content __av_init_open ' data-av-deeplink-tabs=\"\" data-av-tab-section-content=\"1\" data-tab-section-id=\"bachelor-bsc\"><div class=\"av-layout-tab-inner\"><div class=\"container\"><p><section  class='av_textblock_section av-ld4axrmc-e8aa3faec464c0d36820f30043774b1d '   itemscope=\"itemscope\" itemtype=\"https:\/\/schema.org\/CreativeWork\" ><div class='avia_textblock'  itemprop=\"text\" ><p>The Department of Automotive Technologies is involved in teaching subjects related to automotive engineering, manufacturing technology and quality in the BSc programme. With decades of experience in these fields and knowledge of the latest technologies, we aim to provide our students with the broadest possible perspective.<\/p>\n<p>In addition to the core subjects related to materials science, our department is involved in the BSc in Vehicle Engineering through two specializations. These are the <strong class=\"av-special-heading-tag \" itemprop=\"headline\">Automotive Specialization<strong> and the <strong class=\"av-special-heading-tag \" itemprop=\"headline\">Vehicle Manufacturing Specialization<\/strong>. More useful information about the subjects taught can be found under the BSc page.<\/p>\n<\/div><\/section><\/strong><\/strong><\/p>\n<div  class='avia-button-wrap av-ld4azr7z-4937ca400b6ba72b353a6226c13a62fb-wrap avia-button-center  avia-builder-el-10  el_after_av_textblock  avia-builder-el-last '><a href='https:\/\/auto.bme.hu\/en\/education\/first-cycle-bsc\/'  class='avia-button av-ld4azr7z-4937ca400b6ba72b353a6226c13a62fb avia-icon_select-yes-left-icon avia-size-small avia-position-center avia-color-theme-color'  ><span class='avia_button_icon avia_button_icon_left' aria-hidden='true' data-av_icon='\ue885' data-av_iconfont='entypo-fontello'><\/span><span class='avia_iconbox_title' >Go to Bachelor (BSc) site<\/span><\/a><\/div>\n<\/div><\/div><\/div>\n<style type=\"text\/css\" data-created_by=\"avia_inline_auto\" id=\"style-css-av-ld4aismv-4e82eb795286c932372c3e0763fd03e4\">\n.av-layout-tab.av-ld4aismv-4e82eb795286c932372c3e0763fd03e4{\nvertical-align:middle;\n}\n<\/style>\n<div id='av-tab-section-1-2' class='av-layout-tab av-ld4aismv-4e82eb795286c932372c3e0763fd03e4 av-animation-delay-container  avia-builder-el-11  el_after_av_tab_sub_section  el_before_av_tab_sub_section  ' data-av-deeplink-tabs=\"\" data-av-tab-section-content=\"2\" data-tab-section-id=\"master-msc\"><div class=\"av-layout-tab-inner\"><div class=\"container\"><p><section  class='av_textblock_section av-ld4blhcj-46dc541f5cf34d8cda314fdda2b67762 '   itemscope=\"itemscope\" itemtype=\"https:\/\/schema.org\/CreativeWork\" ><div class='avia_textblock'  itemprop=\"text\" ><p>In addition to the core curriculum of the MSc in Vehicle Engineering, which includes subjects related to modern materials science and computer-aided manufacturing, we offer three specializations. These are the <strong class=\"av-special-heading-tag \" itemprop=\"headline\">Automotive vehicle engineering specialization<\/strong>, the <strong class=\"av-special-heading-tag \" itemprop=\"headline\">Vehicle manufacturing and repairing engineer specialization<\/strong> and the <strong class=\"av-special-heading-tag \" itemprop=\"headline\">Road and traffic safety engineer specialization<\/strong>.<\/p>\n<p>In addition to the basic knowledge of self-driving vehicles, the MSc in <strong class=\"av-special-heading-tag \" itemprop=\"headline\">Autonomous Vehicle Control Engineer<\/strong> in English also covers the most advanced technologies and processes, adapted to the needs of industry. The course will equip future engineers with the knowledge that our industrial partners demand, so that they can use their expertise in this field in their work.<\/p>\n<\/div><\/section><br \/>\n<div  class='avia-button-wrap av-ld4azr7z-c8dc71ac36cb668a1eb2e628b91e7bd2-wrap avia-button-center  avia-builder-el-13  el_after_av_textblock  avia-builder-el-last '><a href='https:\/\/auto.bme.hu\/en\/education\/master-msc-en\/'  class='avia-button av-ld4azr7z-c8dc71ac36cb668a1eb2e628b91e7bd2 avia-icon_select-yes-left-icon avia-size-small avia-position-center avia-color-theme-color'  ><span class='avia_button_icon avia_button_icon_left' aria-hidden='true' data-av_icon='\ue885' data-av_iconfont='entypo-fontello'><\/span><span class='avia_iconbox_title' >Go to Matser (MSc) site<\/span><\/a><\/div><\/p>\n<\/div><\/div><\/div>\n<style type=\"text\/css\" data-created_by=\"avia_inline_auto\" id=\"style-css-av-ld4aiyh1-784645eadc757ae970c96b927884fa8b\">\n.av-layout-tab.av-ld4aiyh1-784645eadc757ae970c96b927884fa8b{\nvertical-align:middle;\n}\n<\/style>\n<div id='av-tab-section-1-3' class='av-layout-tab av-ld4aiyh1-784645eadc757ae970c96b927884fa8b av-animation-delay-container  avia-builder-el-14  el_after_av_tab_sub_section  el_before_av_tab_sub_section  ' data-av-deeplink-tabs=\"\" data-av-tab-section-content=\"3\" data-tab-section-id=\"doctoral-degree-phd\"><div class=\"av-layout-tab-inner\"><div class=\"container\"><p><section  class='av_textblock_section av-lzxdy-43ddf23f3c7119064413aeff0dcca897 '   itemscope=\"itemscope\" itemtype=\"https:\/\/schema.org\/CreativeWork\" ><div class='avia_textblock'  itemprop=\"text\" ><p><span>The doctoral training (PhD) is the highest level of education offered by the faculty. The\u00a0<\/span><a href=\"https:\/\/doktori.hu\/index.php?menuid=191&amp;di_ID=20\"><span>Kand\u00f3 K\u00e1lm\u00e1n Doctoral School<\/span><\/a><span>\u00a0prepares the doctoral students for teaching and research careers. During the four years long PhD training, the candidates have to participate in professional subjects, educational activities, and independent scientific research. The\u00a0<a href=\"https:\/\/doktori.hu\/index.php?menuid=116&amp;lang=HU&amp;num=146\">research<\/a>\u00a0is supported by a\u00a0<\/span><a href=\"http:\/\/www.doktori.hu\/index.php?menuid=189&amp;tip=TV&amp;diID=20\"><span>supervisor<\/span><\/a><span>\u00a0and the achieved results have to be presented in publications and finally in a dissertation.<\/span><\/p>\n<\/div><\/section><br \/>\n<div  class='avia-button-wrap av-ld4bp2h2-eb3f448627a0bc436f3bcf6144199854-wrap avia-button-center  avia-builder-el-16  el_after_av_textblock  avia-builder-el-last '><a href='https:\/\/auto.bme.hu\/en\/education\/phd-en\/'  class='avia-button av-ld4bp2h2-eb3f448627a0bc436f3bcf6144199854 avia-icon_select-yes-left-icon avia-size-small avia-position-center avia-color-theme-color'  ><span class='avia_button_icon avia_button_icon_left' aria-hidden='true' data-av_icon='\ue885' data-av_iconfont='entypo-fontello'><\/span><span class='avia_iconbox_title' >Go to Doctoral Degree (PhD) site<\/span><\/a><\/div><\/p>\n<\/div><\/div><\/div>\n<style type=\"text\/css\" data-created_by=\"avia_inline_auto\" id=\"style-css-av-ld4aj89b-a996d577d3e534e17f368c0f8a121467\">\n.av-layout-tab.av-ld4aj89b-a996d577d3e534e17f368c0f8a121467{\nvertical-align:middle;\n}\n<\/style>\n<div id='av-tab-section-1-4' class='av-layout-tab av-ld4aj89b-a996d577d3e534e17f368c0f8a121467 av-animation-delay-container  avia-builder-el-17  el_after_av_tab_sub_section  el_before_av_tab_sub_section  ' data-av-deeplink-tabs=\"\" data-av-tab-section-content=\"4\" data-tab-section-id=\"optional-subjects\"><div class=\"av-layout-tab-inner\"><div class=\"container\"><p><section  class='av_textblock_section av-dobw6-7208ffc754b93fab756d71e8f84e166b '   itemscope=\"itemscope\" itemtype=\"https:\/\/schema.org\/CreativeWork\" ><div class='avia_textblock'  itemprop=\"text\" ><p><span>Our department offers optional courses in a number of disciplines, open to all students at the university. You can find out more about these through the the page attached below.<\/span><\/p>\n<\/div><\/section><br \/>\n<div  class='avia-button-wrap av-ld4bokpj-eefee822aad1e67be81bd5a3e1516eb5-wrap avia-button-center  avia-builder-el-19  el_after_av_textblock  avia-builder-el-last '><a href='https:\/\/auto.bme.hu\/en\/education\/optional-subjects-en\/'  class='avia-button av-ld4bokpj-eefee822aad1e67be81bd5a3e1516eb5 avia-icon_select-yes-left-icon avia-size-small avia-position-center avia-color-theme-color'  ><span class='avia_button_icon avia_button_icon_left' aria-hidden='true' data-av_icon='\ue885' data-av_iconfont='entypo-fontello'><\/span><span class='avia_iconbox_title' >Go to Optional subjects site<\/span><\/a><\/div><\/p>\n<\/div><\/div><\/div>\n<style type=\"text\/css\" data-created_by=\"avia_inline_auto\" id=\"style-css-av-ld4ajdzb-a37bed31a1db7c727f690cdcc1b5df29\">\n.av-layout-tab.av-ld4ajdzb-a37bed31a1db7c727f690cdcc1b5df29{\nvertical-align:middle;\n}\n<\/style>\n<div id='av-tab-section-1-5' class='av-layout-tab av-ld4ajdzb-a37bed31a1db7c727f690cdcc1b5df29 av-animation-delay-container  avia-builder-el-20  el_after_av_tab_sub_section  avia-builder-el-last  ' data-av-deeplink-tabs=\"\" data-av-tab-section-content=\"5\" data-tab-section-id=\"postgradual-degree\"><div class=\"av-layout-tab-inner\"><div class=\"container\"><p><section  class='av_textblock_section av-9xhq6-f428c60a76e671aca7942793962f8f59 '   itemscope=\"itemscope\" itemtype=\"https:\/\/schema.org\/CreativeWork\" ><div class='avia_textblock'  itemprop=\"text\" ><p><span>Those who are creative, flexible, problem-recognizing and problem-solving skills, have good learning skills, memory, broad education, and information-processing abilities and are open to further training, are suitable for high-level, intensive independent and teamwork.<\/span><\/p>\n<\/div><\/section><br \/>\n<div  class='avia-button-wrap av-ld4bo52v-80e87c0e22db780cccff8593908097bf-wrap avia-button-center  avia-builder-el-22  el_after_av_textblock  avia-builder-el-last '><a href='https:\/\/auto.bme.hu\/en\/education\/postgradual-degree-en\/'  class='avia-button av-ld4bo52v-80e87c0e22db780cccff8593908097bf avia-icon_select-yes-left-icon avia-size-small avia-position-center avia-color-theme-color'  ><span class='avia_button_icon avia_button_icon_left' aria-hidden='true' data-av_icon='\ue885' data-av_iconfont='entypo-fontello'><\/span><span class='avia_iconbox_title' >Go to Postgradual degree site<\/span><\/a><\/div><\/p>\n<\/div><\/div><\/div>\n<\/div><\/div><\/div><\/p>\n","protected":false},"excerpt":{"rendered":"","protected":false},"author":1,"featured_media":0,"parent":0,"menu_order":0,"comment_status":"closed","ping_status":"closed","template":"","meta":{"footnotes":""},"class_list":["post-945","page","type-page","status-publish","hentry"],"yoast_head":"<!-- This site is optimized with the Yoast SEO plugin v21.9.1 - https:\/\/yoast.com\/wordpress\/plugins\/seo\/ -->\n<title>Educational programs - Department of Automotive Technologies - BME<\/title>\n<meta name=\"description\" content=\"Get to know our educational programs and opportunities! Visit our website for further information about our courses!\" \/>\n<meta name=\"robots\" content=\"index, follow, max-snippet:-1, max-image-preview:large, max-video-preview:-1\" \/>\n<link rel=\"canonical\" href=\"https:\/\/auto.bme.hu\/en\/education\/\" \/>\n<meta property=\"og:locale\" content=\"en_US\" \/>\n<meta property=\"og:type\" content=\"article\" \/>\n<meta property=\"og:title\" content=\"Educational programs - Department of Automotive Technologies - BME\" \/>\n<meta property=\"og:description\" content=\"Get to know our educational programs and opportunities! Visit our website for further information about our courses!\" \/>\n<meta property=\"og:url\" content=\"https:\/\/auto.bme.hu\/en\/education\/\" \/>\n<meta property=\"og:site_name\" content=\"BME G\u00e9pj\u00e1rm\u0171technol\u00f3gia Tansz\u00e9k\" \/>\n<meta property=\"article:modified_time\" content=\"2024-01-04T10:39:02+00:00\" \/>\n<meta property=\"og:image\" content=\"https:\/\/auto.bme.hu\/wp-content\/uploads\/2021\/01\/dreamstime_m_85399950_1.jpg\" \/>\n\t<meta property=\"og:image:width\" content=\"2121\" \/>\n\t<meta property=\"og:image:height\" content=\"1414\" \/>\n\t<meta property=\"og:image:type\" content=\"image\/jpeg\" \/>\n<meta name=\"twitter:card\" content=\"summary_large_image\" \/>\n<meta name=\"twitter:label1\" content=\"Est. reading time\" \/>\n\t<meta name=\"twitter:data1\" content=\"5 minutes\" \/>\n<script type=\"application\/ld+json\" class=\"yoast-schema-graph\">{\"@context\":\"https:\/\/schema.org\",\"@graph\":[{\"@type\":\"WebPage\",\"@id\":\"https:\/\/auto.bme.hu\/en\/education\/\",\"url\":\"https:\/\/auto.bme.hu\/en\/education\/\",\"name\":\"Educational programs - Department of Automotive Technologies - BME\",\"isPartOf\":{\"@id\":\"https:\/\/auto.bme.hu\/en\/#website\"},\"datePublished\":\"2021-01-15T19:08:57+00:00\",\"dateModified\":\"2024-01-04T10:39:02+00:00\",\"description\":\"Get to know our educational programs and opportunities! Visit our website for further information about our courses!\",\"breadcrumb\":{\"@id\":\"https:\/\/auto.bme.hu\/en\/education\/#breadcrumb\"},\"inLanguage\":\"en-US\",\"potentialAction\":[{\"@type\":\"ReadAction\",\"target\":[\"https:\/\/auto.bme.hu\/en\/education\/\"]}]},{\"@type\":\"BreadcrumbList\",\"@id\":\"https:\/\/auto.bme.hu\/en\/education\/#breadcrumb\",\"itemListElement\":[{\"@type\":\"ListItem\",\"position\":1,\"name\":\"Kezd\u0151lap\",\"item\":\"https:\/\/auto.bme.hu\/en\/home\/\"},{\"@type\":\"ListItem\",\"position\":2,\"name\":\"Education\"}]},{\"@type\":\"WebSite\",\"@id\":\"https:\/\/auto.bme.hu\/en\/#website\",\"url\":\"https:\/\/auto.bme.hu\/en\/\",\"name\":\"BME G\u00e9pj\u00e1rm\u0171technol\u00f3gia Tansz\u00e9k\",\"description\":\"\",\"potentialAction\":[{\"@type\":\"SearchAction\",\"target\":{\"@type\":\"EntryPoint\",\"urlTemplate\":\"https:\/\/auto.bme.hu\/en\/?s={search_term_string}\"},\"query-input\":\"required name=search_term_string\"}],\"inLanguage\":\"en-US\"}]}<\/script>\n<!-- \/ Yoast SEO plugin. -->","yoast_head_json":{"title":"Educational programs - Department of Automotive Technologies - BME","description":"Get to know our educational programs and opportunities! Visit our website for further information about our courses!","robots":{"index":"index","follow":"follow","max-snippet":"max-snippet:-1","max-image-preview":"max-image-preview:large","max-video-preview":"max-video-preview:-1"},"canonical":"https:\/\/auto.bme.hu\/en\/education\/","og_locale":"en_US","og_type":"article","og_title":"Educational programs - Department of Automotive Technologies - BME","og_description":"Get to know our educational programs and opportunities! Visit our website for further information about our courses!","og_url":"https:\/\/auto.bme.hu\/en\/education\/","og_site_name":"BME G\u00e9pj\u00e1rm\u0171technol\u00f3gia Tansz\u00e9k","article_modified_time":"2024-01-04T10:39:02+00:00","og_image":[{"width":2121,"height":1414,"url":"https:\/\/auto.bme.hu\/wp-content\/uploads\/2021\/01\/dreamstime_m_85399950_1.jpg","type":"image\/jpeg"}],"twitter_card":"summary_large_image","twitter_misc":{"Est. reading time":"5 minutes"},"schema":{"@context":"https:\/\/schema.org","@graph":[{"@type":"WebPage","@id":"https:\/\/auto.bme.hu\/en\/education\/","url":"https:\/\/auto.bme.hu\/en\/education\/","name":"Educational programs - Department of Automotive Technologies - BME","isPartOf":{"@id":"https:\/\/auto.bme.hu\/en\/#website"},"datePublished":"2021-01-15T19:08:57+00:00","dateModified":"2024-01-04T10:39:02+00:00","description":"Get to know our educational programs and opportunities! Visit our website for further information about our courses!","breadcrumb":{"@id":"https:\/\/auto.bme.hu\/en\/education\/#breadcrumb"},"inLanguage":"en-US","potentialAction":[{"@type":"ReadAction","target":["https:\/\/auto.bme.hu\/en\/education\/"]}]},{"@type":"BreadcrumbList","@id":"https:\/\/auto.bme.hu\/en\/education\/#breadcrumb","itemListElement":[{"@type":"ListItem","position":1,"name":"Kezd\u0151lap","item":"https:\/\/auto.bme.hu\/en\/home\/"},{"@type":"ListItem","position":2,"name":"Education"}]},{"@type":"WebSite","@id":"https:\/\/auto.bme.hu\/en\/#website","url":"https:\/\/auto.bme.hu\/en\/","name":"BME G\u00e9pj\u00e1rm\u0171technol\u00f3gia Tansz\u00e9k","description":"","potentialAction":[{"@type":"SearchAction","target":{"@type":"EntryPoint","urlTemplate":"https:\/\/auto.bme.hu\/en\/?s={search_term_string}"},"query-input":"required name=search_term_string"}],"inLanguage":"en-US"}]}},"_links":{"self":[{"href":"https:\/\/auto.bme.hu\/en\/wp-json\/wp\/v2\/pages\/945","targetHints":{"allow":["GET"]}}],"collection":[{"href":"https:\/\/auto.bme.hu\/en\/wp-json\/wp\/v2\/pages"}],"about":[{"href":"https:\/\/auto.bme.hu\/en\/wp-json\/wp\/v2\/types\/page"}],"author":[{"embeddable":true,"href":"https:\/\/auto.bme.hu\/en\/wp-json\/wp\/v2\/users\/1"}],"replies":[{"embeddable":true,"href":"https:\/\/auto.bme.hu\/en\/wp-json\/wp\/v2\/comments?post=945"}],"version-history":[{"count":29,"href":"https:\/\/auto.bme.hu\/en\/wp-json\/wp\/v2\/pages\/945\/revisions"}],"predecessor-version":[{"id":5759,"href":"https:\/\/auto.bme.hu\/en\/wp-json\/wp\/v2\/pages\/945\/revisions\/5759"}],"wp:attachment":[{"href":"https:\/\/auto.bme.hu\/en\/wp-json\/wp\/v2\/media?parent=945"}],"curies":[{"name":"wp","href":"https:\/\/api.w.org\/{rel}","templated":true}]}}