{"id":9841,"date":"2026-03-17T17:17:57","date_gmt":"2026-03-17T16:17:57","guid":{"rendered":"https:\/\/auto.bme.hu\/dr-rovid-andras\/"},"modified":"2026-03-19T18:16:48","modified_gmt":"2026-03-19T17:16:48","slug":"andras-rovid-phd","status":"publish","type":"page","link":"https:\/\/auto.bme.hu\/en\/andras-rovid-phd\/","title":{"rendered":"Andr\u00e1s R\u00f6vid Ph.D"},"content":{"rendered":"\n<style type=\"text\/css\" data-created_by=\"avia_inline_auto\" id=\"style-css-av-mmupy21v-8a1cc289111a00fafbf5cc87cfaf69e6\">\n#top .av-special-heading.av-mmupy21v-8a1cc289111a00fafbf5cc87cfaf69e6{\npadding-bottom:10px;\n}\nbody .av-special-heading.av-mmupy21v-8a1cc289111a00fafbf5cc87cfaf69e6 .av-special-heading-tag .heading-char{\nfont-size:25px;\n}\n.av-special-heading.av-mmupy21v-8a1cc289111a00fafbf5cc87cfaf69e6 .av-subheading{\nfont-size:15px;\n}\n<\/style>\n<div  class='av-special-heading av-mmupy21v-8a1cc289111a00fafbf5cc87cfaf69e6 av-special-heading-h2 blockquote modern-quote  avia-builder-el-0  el_before_av_one_third  avia-builder-el-first '><h2 class='av-special-heading-tag'  itemprop=\"headline\"  >Andr\u00e1s R\u00d6VID, PhD.<\/h2><div class=\"special-heading-border\"><div class=\"special-heading-inner-border\"><\/div><\/div><\/div>\n<div  class='flex_column av-1oeum4-7b1d74b887722ee2be38cc95ab61af41 av_one_third  avia-builder-el-1  el_after_av_heading  el_before_av_two_third  first flex_column_div  '     ><p>\n<style type=\"text\/css\" data-created_by=\"avia_inline_auto\" id=\"style-css-av-mmut2gr9-70316bd6ab8d364c6f28ae68e31d0220\">\n#top .hr.hr-invisible.av-mmut2gr9-70316bd6ab8d364c6f28ae68e31d0220{\nheight:15px;\n}\n<\/style>\n<div  class='hr av-mmut2gr9-70316bd6ab8d364c6f28ae68e31d0220 hr-invisible  avia-builder-el-2  el_before_av_image  avia-builder-el-first '><span class='hr-inner '><span class=\"hr-inner-style\"><\/span><\/span><\/div><br \/>\n\n<style type=\"text\/css\" data-created_by=\"avia_inline_auto\" id=\"style-css-av-mmust8ma-672caec9b7c2aa4cfc6d5b01f723bb9c\">\n.avia-image-container.av-mmust8ma-672caec9b7c2aa4cfc6d5b01f723bb9c img.avia_image{\nbox-shadow:none;\n}\n.avia-image-container.av-mmust8ma-672caec9b7c2aa4cfc6d5b01f723bb9c .av-image-caption-overlay-center{\ncolor:#ffffff;\n}\n<\/style>\n<div  class='avia-image-container av-mmust8ma-672caec9b7c2aa4cfc6d5b01f723bb9c av-styling- avia-align-center  avia-builder-el-3  el_after_av_hr  el_before_av_hr '   itemprop=\"image\" itemscope=\"itemscope\" itemtype=\"https:\/\/schema.org\/ImageObject\" ><div class=\"avia-image-container-inner\"><div class=\"avia-image-overlay-wrap\"><img decoding=\"async\" fetchpriority=\"high\" class='wp-image-9866 avia-img-lazy-loading-not-9866 avia_image ' src=\"https:\/\/auto.bme.hu\/wp-content\/uploads\/2026\/03\/Rovid_Andras-4-_profloldal2-scaled.jpg\" alt='' title='dr. R\u00f6vid Andr\u00e1s'  height=\"2560\" width=\"1707\"  itemprop=\"thumbnailUrl\" srcset=\"https:\/\/auto.bme.hu\/wp-content\/uploads\/2026\/03\/Rovid_Andras-4-_profloldal2-scaled.jpg 1707w, https:\/\/auto.bme.hu\/wp-content\/uploads\/2026\/03\/Rovid_Andras-4-_profloldal2-200x300.jpg 200w, https:\/\/auto.bme.hu\/wp-content\/uploads\/2026\/03\/Rovid_Andras-4-_profloldal2-687x1030.jpg 687w, https:\/\/auto.bme.hu\/wp-content\/uploads\/2026\/03\/Rovid_Andras-4-_profloldal2-768x1152.jpg 768w, https:\/\/auto.bme.hu\/wp-content\/uploads\/2026\/03\/Rovid_Andras-4-_profloldal2-1024x1536.jpg 1024w, https:\/\/auto.bme.hu\/wp-content\/uploads\/2026\/03\/Rovid_Andras-4-_profloldal2-1365x2048.jpg 1365w\" sizes=\"(max-width: 1707px) 100vw, 1707px\" \/><\/div><\/div><\/div><br \/>\n\n<style type=\"text\/css\" data-created_by=\"avia_inline_auto\" id=\"style-css-av-fi035o-906f3db45972d6247dd58bfdaa87bf80\">\n#top .hr.hr-invisible.av-fi035o-906f3db45972d6247dd58bfdaa87bf80{\nheight:15px;\n}\n<\/style>\n<div  class='hr av-fi035o-906f3db45972d6247dd58bfdaa87bf80 hr-invisible  avia-builder-el-4  el_after_av_image  el_before_av_hr '><span class='hr-inner '><span class=\"hr-inner-style\"><\/span><\/span><\/div><br \/>\n\n<style type=\"text\/css\" data-created_by=\"avia_inline_auto\" id=\"style-css-av-av_hr-35d53d7be2491954ac97ecc375137ffb\">\n#top .hr.hr-invisible.av-av_hr-35d53d7be2491954ac97ecc375137ffb{\nheight:15px;\n}\n<\/style>\n<div  class='hr av-av_hr-35d53d7be2491954ac97ecc375137ffb hr-invisible  avia-builder-el-5  el_after_av_hr  avia-builder-el-last '><span class='hr-inner '><span class=\"hr-inner-style\"><\/span><\/span><\/div><\/p><\/div><div  class='flex_column av-dk8iho-947ac1c30dbe979a46bd4fdd7feb34ca av_two_third  avia-builder-el-6  el_after_av_one_third  el_before_av_textblock  flex_column_div  '     ><section  class='av_textblock_section av-mmuq1i1a-89df8dedfd029f77af7e0a34abf3835a '   itemscope=\"itemscope\" itemtype=\"https:\/\/schema.org\/CreativeWork\" ><div class='avia_textblock'  itemprop=\"text\" ><blockquote>\n<p>Dr. Andr\u00e1s R\u00f6vid is a Senior Research Fellow at the Department of Automotive Technologies at the <span class=\"hover:entity-accent entity-underline inline cursor-pointer align-baseline\"><span class=\"whitespace-normal\">Budapest University of Technology and Economics<\/span><\/span>. His research focuses on environment perception for automated vehicles and the real-time digital representation of transport environments. His work plays a key role in the development of cooperative perception solutions based on vehicle\u2013infrastructure interaction, as well as the intelligent transportation systems built upon them.<\/p>\n<\/blockquote>\n<\/div><\/section><br \/>\n\n<style type=\"text\/css\" data-created_by=\"avia_inline_auto\" id=\"style-css-av-mmuq4bnn-5c257477ff63fc60db943ac39f99268b\">\n#top .av-special-heading.av-mmuq4bnn-5c257477ff63fc60db943ac39f99268b{\npadding-bottom:10px;\n}\nbody .av-special-heading.av-mmuq4bnn-5c257477ff63fc60db943ac39f99268b .av-special-heading-tag .heading-char{\nfont-size:25px;\n}\n.av-special-heading.av-mmuq4bnn-5c257477ff63fc60db943ac39f99268b .av-subheading{\nfont-size:15px;\n}\n<\/style>\n<div  class='av-special-heading av-mmuq4bnn-5c257477ff63fc60db943ac39f99268b av-special-heading-h3 blockquote modern-quote  avia-builder-el-8  el_after_av_textblock  el_before_av_textblock '><h3 class='av-special-heading-tag'  itemprop=\"headline\"  >Education and Professional Background<\/h3><div class=\"special-heading-border\"><div class=\"special-heading-inner-border\"><\/div><\/div><\/div><br \/>\n<section  class='av_textblock_section av-mmut0tvl-c06a9930abe4d01fdafddddf68283ef1 '   itemscope=\"itemscope\" itemtype=\"https:\/\/schema.org\/CreativeWork\" ><div class='avia_textblock'  itemprop=\"text\" ><p data-start=\"663\" data-end=\"926\">Dr. Andr\u00e1s R\u00f6vid obtained his MSc degree in Computer Engineering in 2001 from the <span class=\"hover:entity-accent entity-underline inline cursor-pointer align-baseline\"><span class=\"whitespace-normal\">Technical University of Ko\u0161ice<\/span><\/span>, and earned his PhD in 2005 from the <span class=\"hover:entity-accent entity-underline inline cursor-pointer align-baseline\"><span class=\"whitespace-normal\">Budapest University of Technology and Economics<\/span><\/span> in the fields of mechanical engineering and transportation sciences.<\/p>\n<p data-start=\"928\" data-end=\"1277\">In 2006, he was awarded a postdoctoral research fellowship by the Suzuki Foundation, followed by the J\u00e1nos Bolyai Research Scholarship in 2008. Between 2013 and 2014, he conducted research in Japan under the Invitation Fellowship Program of the <span class=\"hover:entity-accent entity-underline inline cursor-pointer align-baseline\"><span class=\"whitespace-normal\">Japan Society for the Promotion of Science<\/span><\/span> (JSPS), focusing primarily on image processing and machine vision.<\/p>\n<\/div><\/section><\/p><\/div><\/p>\n<section  class='av_textblock_section av-mmuq56jm-b0f0fe1048a0ec0e08be0acefae423fd '   itemscope=\"itemscope\" itemtype=\"https:\/\/schema.org\/CreativeWork\" ><div class='avia_textblock'  itemprop=\"text\" ><p data-start=\"1279\" data-end=\"1508\">Since 2018, he has been a Senior Research Fellow at the Faculty of Transportation Engineering and Vehicle Engineering at BME, where he also serves as the professional head of the Cooperative Environment Perception Research Group.<\/p>\n<p data-start=\"1510\" data-end=\"1718\">His areas of expertise include environment perception for automated vehicles, real-time digital twin modeling of transport environments, and cooperative perception based on vehicle\u2013infrastructure integration.<\/p>\n<\/div><\/section>\n<div  class='flex_column av-c6gglo-3a1317fae1679afef9a6e2c34b94e07d av_one_half  avia-builder-el-11  el_after_av_textblock  el_before_av_one_half  first flex_column_div  column-top-margin'     ><p>\n<style type=\"text\/css\" data-created_by=\"avia_inline_auto\" id=\"style-css-av-mmuq8ac2-1508ac0a8edb4ea56983046e4f4b2905\">\n#top .av-special-heading.av-mmuq8ac2-1508ac0a8edb4ea56983046e4f4b2905{\npadding-bottom:10px;\n}\nbody .av-special-heading.av-mmuq8ac2-1508ac0a8edb4ea56983046e4f4b2905 .av-special-heading-tag .heading-char{\nfont-size:25px;\n}\n.av-special-heading.av-mmuq8ac2-1508ac0a8edb4ea56983046e4f4b2905 .av-subheading{\nfont-size:15px;\n}\n<\/style>\n<div  class='av-special-heading av-mmuq8ac2-1508ac0a8edb4ea56983046e4f4b2905 av-special-heading-h3 blockquote modern-quote  avia-builder-el-12  el_before_av_textblock  avia-builder-el-first '><h3 class='av-special-heading-tag'  itemprop=\"headline\"  >Professional Experience and Collaborations<\/h3><div class=\"special-heading-border\"><div class=\"special-heading-inner-border\"><\/div><\/div><\/div><br \/>\n<section  class='av_textblock_section av-mmuq997o-7201448c616db9c2e735d0e71349a0e4 '   itemscope=\"itemscope\" itemtype=\"https:\/\/schema.org\/CreativeWork\" ><div class='avia_textblock'  itemprop=\"text\" ><p data-start=\"1772\" data-end=\"1930\">Between 2009 and 2011, Dr. R\u00f6vid served as Deputy Head of the Institute at the John von Neumann Faculty of Informatics, <span class=\"hover:entity-accent entity-underline inline cursor-pointer align-baseline\"><span class=\"whitespace-normal\">\u00d3buda University<\/span><\/span>.<\/p>\n<p data-start=\"1932\" data-end=\"2347\">From 2015 to 2018, he worked in Japan as an R&amp;D engineer at <span class=\"hover:entity-accent entity-underline inline cursor-pointer align-baseline\"><span class=\"whitespace-normal\">Kyoto Robotics<\/span><\/span>, where he was involved in the development of 3D robotic vision systems for industrial robots, focusing primarily on bin-picking automation. From 2017, he also led the professional work of the machine vision group. Kyoto Robotics is a recognized leader in 3D vision, robotic perception, and robot control technologies.<\/p>\n<p data-start=\"2349\" data-end=\"2584\">Between 2014 and 2015, he was an invited researcher and lecturer at <span class=\"hover:entity-accent entity-underline inline cursor-pointer align-baseline\"><span class=\"whitespace-normal\">Shizuoka University<\/span><\/span> within the framework of the \u201cAsia Bridge Program\u201d. In 2012, he received the \u201cResearcher of the Year\u201d award from \u00d3buda University.<\/p>\n<\/div><\/section><\/p><\/div>\n<div  class='flex_column av-a58cws-dbae4631144df6db20c061feb6a811ff av_one_half  avia-builder-el-14  el_after_av_one_half  el_before_av_textblock  flex_column_div  column-top-margin'     ><style type=\"text\/css\" data-created_by=\"avia_inline_auto\" id=\"style-css-av-mmuswbzt-ae5746169d61a8e881368ad2307ed635\">\n.avia-image-container.av-mmuswbzt-ae5746169d61a8e881368ad2307ed635 img.avia_image{\nbox-shadow:none;\n}\n.avia-image-container.av-mmuswbzt-ae5746169d61a8e881368ad2307ed635 .av-image-caption-overlay-center{\ncolor:#ffffff;\n}\n<\/style>\n<div  class='avia-image-container av-mmuswbzt-ae5746169d61a8e881368ad2307ed635 av-styling-circle avia-align-center  avia-builder-el-15  avia-builder-el-no-sibling '   itemprop=\"image\" itemscope=\"itemscope\" itemtype=\"https:\/\/schema.org\/ImageObject\" ><div class=\"avia-image-container-inner\"><div class=\"avia-image-overlay-wrap\"><img decoding=\"async\" fetchpriority=\"high\" class='wp-image-9824 avia-img-lazy-loading-not-9824 avia_image ' src=\"https:\/\/auto.bme.hu\/wp-content\/uploads\/2026\/03\/Digital_twin.jpg\" alt='' title='Digital_twin'  height=\"1080\" width=\"1920\"  itemprop=\"thumbnailUrl\" srcset=\"https:\/\/auto.bme.hu\/wp-content\/uploads\/2026\/03\/Digital_twin.jpg 1920w, https:\/\/auto.bme.hu\/wp-content\/uploads\/2026\/03\/Digital_twin-300x169.jpg 300w, https:\/\/auto.bme.hu\/wp-content\/uploads\/2026\/03\/Digital_twin-1030x579.jpg 1030w, https:\/\/auto.bme.hu\/wp-content\/uploads\/2026\/03\/Digital_twin-768x432.jpg 768w, https:\/\/auto.bme.hu\/wp-content\/uploads\/2026\/03\/Digital_twin-1536x864.jpg 1536w\" sizes=\"(max-width: 1920px) 100vw, 1920px\" \/><\/div><\/div><\/div><\/div>\n<section  class='av_textblock_section av-mmusxtbc-aa35ba91ab3b8bfb0e9db1a9499b3871 '   itemscope=\"itemscope\" itemtype=\"https:\/\/schema.org\/CreativeWork\" ><div class='avia_textblock'  itemprop=\"text\" ><p data-start=\"2586\" data-end=\"2785\">He has participated in numerous national and international research projects, often serving as research topic leader or professional coordinator, frequently managing multidisciplinary research teams.<\/p>\n<p data-start=\"2787\" data-end=\"3084\">Under his professional leadership, a smart road technology capable of generating a real-time digital twin of the transport environment\u2014covering both static and dynamic elements\u2014has been developed. The M1\u2013M7 smart road section demonstrating this technology is considered a globally unique solution.<\/p>\n<p data-start=\"3086\" data-end=\"3252\">He regularly serves as a reviewer for international scientific journals, primarily in the fields of machine vision and environment perception for autonomous vehicles.<\/p>\n<\/div><\/section>\n<div  class='flex_column av-y4zos-3ff9b13ac2c445ba92fc40c3425e6e3a av_one_half  avia-builder-el-17  el_after_av_textblock  el_before_av_one_half  first flex_column_div  column-top-margin'     ><p>\n<style type=\"text\/css\" data-created_by=\"avia_inline_auto\" id=\"style-css-av-mmuqlsxd-a041089afc8a79de0fac7bb537e01732\">\n#top .av-special-heading.av-mmuqlsxd-a041089afc8a79de0fac7bb537e01732{\npadding-bottom:10px;\n}\nbody .av-special-heading.av-mmuqlsxd-a041089afc8a79de0fac7bb537e01732 .av-special-heading-tag .heading-char{\nfont-size:25px;\n}\n.av-special-heading.av-mmuqlsxd-a041089afc8a79de0fac7bb537e01732 .av-subheading{\nfont-size:15px;\n}\n<\/style>\n<div  class='av-special-heading av-mmuqlsxd-a041089afc8a79de0fac7bb537e01732 av-special-heading-h3 blockquote modern-quote  avia-builder-el-18  el_before_av_textblock  avia-builder-el-first '><h3 class='av-special-heading-tag'  itemprop=\"headline\"  >Selected Publications<\/h3><div class=\"special-heading-border\"><div class=\"special-heading-inner-border\"><\/div><\/div><\/div><br \/>\n<section  class='av_textblock_section av-mmuqkr4k-a48de666e68d30604eb868264480c440 '   itemscope=\"itemscope\" itemtype=\"https:\/\/schema.org\/CreativeWork\" ><div class='avia_textblock'  itemprop=\"text\" ><p>Varkonyi-Koczy, A. Rovid and T. Hashimoto,<br \/>\n<strong>Gradient-Based Synthesized Multiple Exposure Time Color HDR Image<\/strong><br \/>\nIEEE Transactions on Instrumentation and Measurement, vol. 57, no. 8, pp. 1779-1785, Aug. 2008, doi: 10.1109\/TIM.2008.925715.<\/p>\n<p>R\u00f6vid, A., Szeidl, L. and V\u00e1rlaki, P. (2015)<br \/>\n<strong>Integral Operators in Relation to the HOSVD-Based Canonical Form.<\/strong><br \/>\nAsian J. Control, 17: 459\u2013466. doi: 10.1002\/asjc.1017.<\/p>\n<p>Csonth\u00f3 and A. R\u00f6vid<br \/>\n<strong>Pillar-X: Integrating Self-Learned Image Features to Improve 3D Object Detection<\/strong><br \/>\n<em>IEEE Access<\/em>, vol. 13, pp. 83071-83081, 2025, doi: 10.1109\/ACCESS.2025.3567658.<\/p>\n<p>Cserni and A. R\u00f6vid<br \/>\n<strong>Semantic Shape and Trajectory Reconstruction for Monocular Cooperative 3D Object Detection<\/strong><br \/>\n<em>IEEE Access<\/em>, vol. 12, pp. 167153-167167, 2024, doi: 10.1109\/ACCESS.2024.3484672.<\/p>\n<\/div><\/section><\/p><\/div>\n<div  class='flex_column av-7d6of0-fa8c793bc60e1084702eab48c853f081 av_one_half  avia-builder-el-20  el_after_av_one_half  el_before_av_textblock  flex_column_div  column-top-margin'     ><p>\n<style type=\"text\/css\" data-created_by=\"avia_inline_auto\" id=\"style-css-av-ikxng-6d0dbaedb1701c8091b02daa79550588\">\n#top .hr.hr-invisible.av-ikxng-6d0dbaedb1701c8091b02daa79550588{\nheight:15px;\n}\n<\/style>\n<div  class='hr av-ikxng-6d0dbaedb1701c8091b02daa79550588 hr-invisible  avia-builder-el-21  el_before_av_hr  avia-builder-el-first '><span class='hr-inner '><span class=\"hr-inner-style\"><\/span><\/span><\/div><br \/>\n\n<style type=\"text\/css\" data-created_by=\"avia_inline_auto\" id=\"style-css-av-4ffg8c-41688a69cb28fd86efdf7f6cf92d9ded\">\n#top .hr.hr-invisible.av-4ffg8c-41688a69cb28fd86efdf7f6cf92d9ded{\nheight:15px;\n}\n<\/style>\n<div  class='hr av-4ffg8c-41688a69cb28fd86efdf7f6cf92d9ded hr-invisible  avia-builder-el-22  el_after_av_hr  el_before_av_image '><span class='hr-inner '><span class=\"hr-inner-style\"><\/span><\/span><\/div><br \/>\n\n<style type=\"text\/css\" data-created_by=\"avia_inline_auto\" id=\"style-css-av-mmut66yx-d19692e4f9bf50546d9175b169645c7d\">\n.avia-image-container.av-mmut66yx-d19692e4f9bf50546d9175b169645c7d img.avia_image{\nbox-shadow:none;\n}\n.avia-image-container.av-mmut66yx-d19692e4f9bf50546d9175b169645c7d .av-image-caption-overlay-center{\ncolor:#ffffff;\n}\n<\/style>\n<div  class='avia-image-container av-mmut66yx-d19692e4f9bf50546d9175b169645c7d av-styling-circle avia-align-center  avia-builder-el-23  el_after_av_hr  avia-builder-el-last '   itemprop=\"image\" itemscope=\"itemscope\" itemtype=\"https:\/\/schema.org\/ImageObject\" ><div class=\"avia-image-container-inner\"><div class=\"avia-image-overlay-wrap\"><img decoding=\"async\" fetchpriority=\"high\" class='wp-image-9834 avia-img-lazy-loading-not-9834 avia_image ' src=\"https:\/\/auto.bme.hu\/wp-content\/uploads\/2026\/03\/Digitalis_iker-x5-.jpg\" alt='' title='Digitalis_iker-x5-'  height=\"1440\" width=\"1920\"  itemprop=\"thumbnailUrl\" srcset=\"https:\/\/auto.bme.hu\/wp-content\/uploads\/2026\/03\/Digitalis_iker-x5-.jpg 1920w, https:\/\/auto.bme.hu\/wp-content\/uploads\/2026\/03\/Digitalis_iker-x5--300x225.jpg 300w, https:\/\/auto.bme.hu\/wp-content\/uploads\/2026\/03\/Digitalis_iker-x5--1030x773.jpg 1030w, https:\/\/auto.bme.hu\/wp-content\/uploads\/2026\/03\/Digitalis_iker-x5--768x576.jpg 768w, https:\/\/auto.bme.hu\/wp-content\/uploads\/2026\/03\/Digitalis_iker-x5--1536x1152.jpg 1536w\" sizes=\"(max-width: 1920px) 100vw, 1920px\" \/><\/div><\/div><\/div><\/p><\/div>\n<section  class='av_textblock_section av-mmuta08p-58c96358e2c72b59911738cbd84d7b2b '   itemscope=\"itemscope\" itemtype=\"https:\/\/schema.org\/CreativeWork\" ><div class='avia_textblock'  itemprop=\"text\" ><p>Edit T\u00f3th-Laufer, Andr\u00e1s R\u00f6vid, M\u00e1rta Tak\u00e1cs<br \/>\n<strong><a href=\"https:\/\/doi.org\/10.1016\/j.fss.2015.12.018\">Error calculation of the HOSVD-based rule base reduction in hierarchical fuzzy systems<\/a><br \/>\n<\/strong>Fuzzy Sets and Systems, Volume 307, 2017, Pages 67-82, ISSN 0165-0114<\/p>\n<p>Rovid\u00a0<em>et al<\/em>.<br \/>\n<strong>Digital Twin and Cloud Based Remote Control of Vehicles<\/strong><br \/>\n<em>2024 IEEE International Conference on Mobility, Operations, Services and Technologies (MOST)<\/em>, Dallas, TX, USA, 2024, pp. 154-167, doi: 10.1109\/MOST60774.2024.00024.<\/p>\n<p>Zhao\u00a0<em>et al<\/em>.<br \/>\n<strong>A Communication-Latency-Aware Co-Simulation Platform for Safety and Comfort Evaluation of Cloud-Controlled ICVs<\/strong><br \/>\n<em>IEEE Internet of Things Journal<\/em>, vol. 13, no. 4, pp. 6217-6229, 15 Feb.15, 2026, doi: 10.1109\/JIOT.2025.3634326.<\/p>\n<\/div><\/section>\n<div  class='flex_column av-2dn78c-4cf68e1ddd3875ba1093769d64c38fc9 av_one_full  avia-builder-el-25  el_after_av_textblock  avia-builder-el-last  first flex_column_div  column-top-margin'     ><\/div>\n","protected":false},"excerpt":{"rendered":"","protected":false},"author":17,"featured_media":0,"parent":0,"menu_order":0,"comment_status":"closed","ping_status":"closed","template":"","meta":{"footnotes":""},"class_list":["post-9841","page","type-page","status-publish","hentry"],"yoast_head":"<!-- This site is optimized with the Yoast SEO plugin v21.9.1 - https:\/\/yoast.com\/wordpress\/plugins\/seo\/ -->\n<title>Andr\u00e1s R\u00f6vid Ph.D - BME G\u00e9pj\u00e1rm\u0171technol\u00f3gia Tansz\u00e9k<\/title>\n<meta name=\"robots\" content=\"index, follow, max-snippet:-1, max-image-preview:large, max-video-preview:-1\" \/>\n<link rel=\"canonical\" href=\"https:\/\/auto.bme.hu\/en\/andras-rovid-phd\/\" \/>\n<meta property=\"og:locale\" content=\"en_US\" \/>\n<meta property=\"og:type\" content=\"article\" \/>\n<meta property=\"og:title\" content=\"Andr\u00e1s R\u00f6vid Ph.D - BME G\u00e9pj\u00e1rm\u0171technol\u00f3gia Tansz\u00e9k\" \/>\n<meta property=\"og:url\" content=\"https:\/\/auto.bme.hu\/en\/andras-rovid-phd\/\" \/>\n<meta property=\"og:site_name\" content=\"BME G\u00e9pj\u00e1rm\u0171technol\u00f3gia Tansz\u00e9k\" \/>\n<meta property=\"article:modified_time\" content=\"2026-03-19T17:16:48+00:00\" \/>\n<meta name=\"twitter:card\" content=\"summary_large_image\" \/>\n<meta name=\"twitter:label1\" content=\"Est. reading time\" \/>\n\t<meta name=\"twitter:data1\" content=\"4 minutes\" \/>\n<script type=\"application\/ld+json\" class=\"yoast-schema-graph\">{\"@context\":\"https:\/\/schema.org\",\"@graph\":[{\"@type\":\"WebPage\",\"@id\":\"https:\/\/auto.bme.hu\/en\/andras-rovid-phd\/\",\"url\":\"https:\/\/auto.bme.hu\/en\/andras-rovid-phd\/\",\"name\":\"Andr\u00e1s R\u00f6vid Ph.D - BME G\u00e9pj\u00e1rm\u0171technol\u00f3gia Tansz\u00e9k\",\"isPartOf\":{\"@id\":\"https:\/\/auto.bme.hu\/en\/#website\"},\"datePublished\":\"2026-03-17T16:17:57+00:00\",\"dateModified\":\"2026-03-19T17:16:48+00:00\",\"breadcrumb\":{\"@id\":\"https:\/\/auto.bme.hu\/en\/andras-rovid-phd\/#breadcrumb\"},\"inLanguage\":\"en-US\",\"potentialAction\":[{\"@type\":\"ReadAction\",\"target\":[\"https:\/\/auto.bme.hu\/en\/andras-rovid-phd\/\"]}]},{\"@type\":\"BreadcrumbList\",\"@id\":\"https:\/\/auto.bme.hu\/en\/andras-rovid-phd\/#breadcrumb\",\"itemListElement\":[{\"@type\":\"ListItem\",\"position\":1,\"name\":\"Kezd\u0151lap\",\"item\":\"https:\/\/auto.bme.hu\/en\/home\/\"},{\"@type\":\"ListItem\",\"position\":2,\"name\":\"Andr\u00e1s R\u00f6vid Ph.D\"}]},{\"@type\":\"WebSite\",\"@id\":\"https:\/\/auto.bme.hu\/en\/#website\",\"url\":\"https:\/\/auto.bme.hu\/en\/\",\"name\":\"BME G\u00e9pj\u00e1rm\u0171technol\u00f3gia Tansz\u00e9k\",\"description\":\"\",\"potentialAction\":[{\"@type\":\"SearchAction\",\"target\":{\"@type\":\"EntryPoint\",\"urlTemplate\":\"https:\/\/auto.bme.hu\/en\/?s={search_term_string}\"},\"query-input\":\"required name=search_term_string\"}],\"inLanguage\":\"en-US\"}]}<\/script>\n<!-- \/ Yoast SEO plugin. -->","yoast_head_json":{"title":"Andr\u00e1s R\u00f6vid Ph.D - BME G\u00e9pj\u00e1rm\u0171technol\u00f3gia Tansz\u00e9k","robots":{"index":"index","follow":"follow","max-snippet":"max-snippet:-1","max-image-preview":"max-image-preview:large","max-video-preview":"max-video-preview:-1"},"canonical":"https:\/\/auto.bme.hu\/en\/andras-rovid-phd\/","og_locale":"en_US","og_type":"article","og_title":"Andr\u00e1s R\u00f6vid Ph.D - BME G\u00e9pj\u00e1rm\u0171technol\u00f3gia Tansz\u00e9k","og_url":"https:\/\/auto.bme.hu\/en\/andras-rovid-phd\/","og_site_name":"BME G\u00e9pj\u00e1rm\u0171technol\u00f3gia Tansz\u00e9k","article_modified_time":"2026-03-19T17:16:48+00:00","twitter_card":"summary_large_image","twitter_misc":{"Est. reading time":"4 minutes"},"schema":{"@context":"https:\/\/schema.org","@graph":[{"@type":"WebPage","@id":"https:\/\/auto.bme.hu\/en\/andras-rovid-phd\/","url":"https:\/\/auto.bme.hu\/en\/andras-rovid-phd\/","name":"Andr\u00e1s R\u00f6vid Ph.D - BME G\u00e9pj\u00e1rm\u0171technol\u00f3gia Tansz\u00e9k","isPartOf":{"@id":"https:\/\/auto.bme.hu\/en\/#website"},"datePublished":"2026-03-17T16:17:57+00:00","dateModified":"2026-03-19T17:16:48+00:00","breadcrumb":{"@id":"https:\/\/auto.bme.hu\/en\/andras-rovid-phd\/#breadcrumb"},"inLanguage":"en-US","potentialAction":[{"@type":"ReadAction","target":["https:\/\/auto.bme.hu\/en\/andras-rovid-phd\/"]}]},{"@type":"BreadcrumbList","@id":"https:\/\/auto.bme.hu\/en\/andras-rovid-phd\/#breadcrumb","itemListElement":[{"@type":"ListItem","position":1,"name":"Kezd\u0151lap","item":"https:\/\/auto.bme.hu\/en\/home\/"},{"@type":"ListItem","position":2,"name":"Andr\u00e1s R\u00f6vid Ph.D"}]},{"@type":"WebSite","@id":"https:\/\/auto.bme.hu\/en\/#website","url":"https:\/\/auto.bme.hu\/en\/","name":"BME G\u00e9pj\u00e1rm\u0171technol\u00f3gia Tansz\u00e9k","description":"","potentialAction":[{"@type":"SearchAction","target":{"@type":"EntryPoint","urlTemplate":"https:\/\/auto.bme.hu\/en\/?s={search_term_string}"},"query-input":"required name=search_term_string"}],"inLanguage":"en-US"}]}},"_links":{"self":[{"href":"https:\/\/auto.bme.hu\/en\/wp-json\/wp\/v2\/pages\/9841","targetHints":{"allow":["GET"]}}],"collection":[{"href":"https:\/\/auto.bme.hu\/en\/wp-json\/wp\/v2\/pages"}],"about":[{"href":"https:\/\/auto.bme.hu\/en\/wp-json\/wp\/v2\/types\/page"}],"author":[{"embeddable":true,"href":"https:\/\/auto.bme.hu\/en\/wp-json\/wp\/v2\/users\/17"}],"replies":[{"embeddable":true,"href":"https:\/\/auto.bme.hu\/en\/wp-json\/wp\/v2\/comments?post=9841"}],"version-history":[{"count":5,"href":"https:\/\/auto.bme.hu\/en\/wp-json\/wp\/v2\/pages\/9841\/revisions"}],"predecessor-version":[{"id":9873,"href":"https:\/\/auto.bme.hu\/en\/wp-json\/wp\/v2\/pages\/9841\/revisions\/9873"}],"wp:attachment":[{"href":"https:\/\/auto.bme.hu\/en\/wp-json\/wp\/v2\/media?parent=9841"}],"curies":[{"name":"wp","href":"https:\/\/api.w.org\/{rel}","templated":true}]}}